{"id":2832,"date":"2025-08-14T08:59:59","date_gmt":"2025-08-14T06:59:59","guid":{"rendered":"https:\/\/ott.at\/?page_id=2832"},"modified":"2026-02-11T09:13:14","modified_gmt":"2026-02-11T08:13:14","slug":"informativa-sulla-privacy","status":"publish","type":"page","link":"https:\/\/ott.at\/it\/informativa-sulla-privacy\/","title":{"rendered":"Informativa sulla privacy"},"content":{"rendered":"<div class=\"wpb-content-wrapper\"><p>[vc_row full_width=&#8221;stretch_row_content_no_spaces&#8221; el_id=&#8221;revslider&#8221;][vc_column][vc_single_image image=&#8221;2736&#8243; img_size=&#8221;full&#8221; alignment=&#8221;center&#8221; css=&#8221;&#8221;][\/vc_column][\/vc_row][vc_row][vc_column][vc_column_text css=&#8221;&#8221;]<\/p>\n<h1>Protezione dei dati<\/h1>\n<p>Informativa sulla protezione dei dati della Weingut Bernhard Ott GmbH (di seguito brevemente: \u201cWeingut Ott\u201d)<\/p>\n<ol>\n<li>\n<h2>Informazioni generali:<\/h2>\n<p>Weingut Ott prende molto seriamente la protezione dei Suoi dati personali e li utilizza esclusivamente nel rispetto delle disposizioni di legge applicabili, in particolare del Regolamento generale sulla protezione dei dati (GDPR) e della legge austriaca sulla protezione dei dati (DSG). Con la presente informativa sulla protezione dei dati, Weingut Ott Le fornisce tutte le informazioni relative al trattamento dei Suoi dati personali, in particolare quali dati personali vengono raccolti e quindi protetti.<\/li>\n<li>\n<h2>Titolare del trattamento<\/h2>\n<p>Il titolare del trattamento dei Suoi dati personali \u00e8 Weingut Ott. Di seguito ricever\u00e0 informazioni sul trattamento accurato dei Suoi dati personali:<\/p>\n<ol>\n<li>\n<h3>Trattamento dei dati personali<\/h3>\n<p>I dati personali da Lei comunicati (nome, data di nascita, dati di contatto, ecc.) vengono utilizzati da Weingut Ott per la corrispondenza, l\u2019esecuzione del contratto e per lo scopo per il quale Lei ha fornito i dati. Non avviene alcuna trasmissione dei dati a terzi. Sono esclusi da ci\u00f2 i trasferimenti a terzi (banche o fornitori di servizi di pagamento, aziende di spedizione, ecc.) necessari per la corretta esecuzione del contratto con Lei. La trasmissione dei dati a terzi (autorit\u00e0, tribunali, ecc.) avviene inoltre per adempiere ai nostri obblighi di legge.<\/li>\n<li>\n<h3>Conservazione dei dati<\/h3>\n<p>I dati personali vengono conservati per il tempo necessario all\u2019adempimento degli obblighi contrattuali nei Suoi confronti e nel rispetto degli obblighi legali di conservazione.<\/li>\n<li>\n<h3>Sicurezza dei dati<\/h3>\n<p>Weingut Ott protegge il sito web www.ott.at e gli altri sistemi utilizzati mediante misure tecniche e organizzative contro perdita, distruzione, accesso, modifica o diffusione dei Suoi dati da parte di persone non autorizzate. Nonostante controlli regolari, una protezione completa contro tutti i rischi non \u00e8 tuttavia possibile.<\/li>\n<\/ol>\n<\/li>\n<li>\n<h2>Diritti dell\u2019interessato<\/h2>\n<p>Weingut Ott Le riconosce, ai sensi del GDPR, i seguenti diritti:<\/p>\n<ol>\n<li>\n<h3>Diritto di accesso<\/h3>\n<p>Weingut Ott Le fornir\u00e0 gratuitamente, su richiesta scritta (anche in formato elettronico), informazioni sull\u2019origine, la provenienza, i destinatari dei Suoi dati personali memorizzati e sullo scopo della conservazione.<\/li>\n<li>\n<h3>Rettifica<\/h3>\n<p>Qualora Lei rilevi che i Suoi dati personali non sono corretti, Weingut Ott provveder\u00e0 a correggerli immediatamente su Sua richiesta scritta.<\/li>\n<li>\n<h3>Cancellazione<\/h3>\n<p>Il GDPR Le riconosce, in determinate circostanze, il diritto alla cancellazione dei Suoi dati personali; ad esempio, se presenta opposizione o se il trattamento \u00e8 illecito. Tuttavia, tale diritto pu\u00f2 essere esercitato solo nella misura in cui non sussistano obblighi legali di conservazione o pretese nei confronti di Weingut Ott.<\/li>\n<li>\n<h3>Limitazione<\/h3>\n<p>Oltre al diritto alla cancellazione (punto 3.3.), pu\u00f2 richiedere anche la limitazione del trattamento dei dati. In tal caso, Weingut Ott non utilizzer\u00e0 pi\u00f9 i Suoi dati, salvo per finalit\u00e0 di conservazione delle prove.<\/li>\n<li>\n<h3>Opposizione \/ Revoca<\/h3>\n<p>Pu\u00f2 revocare in qualsiasi momento il consenso al trattamento dei Suoi dati oppure opporsi a tale trattamento. Tale revoca\/opposizione non rende illecito il trattamento effettuato fino a quel momento. Si prega di notare che, in caso di revoca del consenso, Weingut Ott potrebbe non essere pi\u00f9 in grado di adempiere agli obblighi contrattuali assunti nei Suoi confronti.<\/li>\n<li>\n<h3>Diritto di reclamo presso l\u2019autorit\u00e0 di controllo (DSB)<\/h3>\n<p>Ha il diritto di presentare un reclamo presso l\u2019autorit\u00e0 di controllo competente (DSB) qualora ritenga che Weingut Ott non tratti i Suoi dati conformemente alle disposizioni di legge.<\/li>\n<\/ol>\n<\/li>\n<li>\n<h2>Contatto in materia di protezione dei dati<\/h2>\n<p>Pu\u00f2 inviare le Sue richieste in materia di protezione dei dati via e-mail a bernhard@ott.at oppure per posta a Weingut Bernhard Ott GmbH, Neufang 36, 3483 Feuersbrunn.<\/li>\n<li>\n<h2>Plug-in Social Media<\/h2>\n<p>Weingut Ott offre sul sito www.ott.at la possibilit\u00e0 di utilizzare \u201cpulsanti social media\u201d. Per proteggere i Suoi dati viene effettuato solo un collegamento al sito del fornitore del pulsante (Facebook e Instagram). Cliccando sull\u2019immagine viene reindirizzato ai servizi dei rispettivi fornitori. Solo a quel punto i Suoi dati vengono trasmessi ai fornitori. Se non clicca sull\u2019immagine, non avviene alcuno scambio di dati. Informazioni sulla raccolta e l\u2019utilizzo dei dati nei social network sono disponibili nelle condizioni d\u2019uso dei rispettivi fornitori. Sul sito www.ott.at sono integrati i pulsanti social media di Instagram e Facebook (Meta Platforms Ireland Ltd, Merrion Road, Dublin 4, D04 X2K5, Irlanda).<\/li>\n<li>\n<h2>Newsletter<\/h2>\n<p>Sulla base del Suo esplicito consenso, Weingut Ott Le invier\u00e0 la newsletter o informazioni simili via e-mail all\u2019indirizzo da Lei fornito. Per ricevere la newsletter \u00e8 sufficiente indicare il Suo indirizzo e-mail. I dati forniti al momento dell\u2019iscrizione vengono utilizzati esclusivamente per tale finalit\u00e0. Per l\u2019invio della newsletter, Weingut Ott utilizza il software del fornitore BREVO. Con l\u2019iscrizione Lei acconsente alla trasmissione dei Suoi dati personali a tale fornitore di servizi. Si prega di consultare le disposizioni sulla protezione dei dati e le condizioni generali di tale fornitore. Pu\u00f2 revocare in qualsiasi momento il consenso alla conservazione e all\u2019utilizzo dei Suoi dati per l\u2019invio della newsletter. In ogni newsletter \u00e8 presente un apposito link di cancellazione. Inoltre pu\u00f2 contattare Weingut Ott tramite i recapiti indicati al termine della presente informativa.<\/li>\n<li>\n<h2>Cookie<\/h2>\n<p>Il sito www.ott.at utilizza cookie. Si tratta di file di testo che vengono memorizzati tramite un browser Internet su un sistema informatico. Molti siti web e server utilizzano cookie. Molti cookie contengono un cosiddetto ID cookie, un identificatore univoco costituito da una stringa di caratteri che consente di associare pagine web e server al browser specifico in cui il cookie \u00e8 stato salvato. Ci\u00f2 permette di distinguere il browser dell\u2019utente da altri browser contenenti cookie diversi. Un determinato browser pu\u00f2 essere riconosciuto e identificato tramite l\u2019ID cookie univoco. Mediante l\u2019uso dei cookie, Weingut Ott pu\u00f2 offrire ai visitatori del sito www.ott.at servizi pi\u00f9 user-friendly che non sarebbero possibili senza l\u2019impostazione dei cookie. I cookie consentono al sito www.ott.at di riconoscere gli utenti per facilitarne l\u2019utilizzo. Ogni visitatore pu\u00f2 impedire in qualsiasi momento l\u2019impostazione dei cookie tramite le impostazioni del proprio browser. I cookie gi\u00e0 impostati possono essere cancellati in qualsiasi momento tramite il browser o altri programmi software. Ci\u00f2 \u00e8 possibile in tutti i browser comuni. Tuttavia, la disattivazione potrebbe comportare la non disponibilit\u00e0 di tutte le funzionalit\u00e0 del sito www.ott.at.<\/li>\n<li>\n<h2>Utilizzo di Google Maps<\/h2>\n<p>Il sito www.ott.at utilizza Google Maps API per la rappresentazione visiva di informazioni geografiche. Durante l\u2019utilizzo di Google Maps, Google raccoglie, tratta e utilizza dati relativi all\u2019uso delle funzioni delle mappe da parte dei visitatori. Ulteriori informazioni sul trattamento dei dati da parte di Google sono disponibili nelle informative sulla privacy di Google. Nel centro privacy \u00e8 inoltre possibile modificare le proprie impostazioni personali. Opt-Out: https:\/\/adssettings.google.com\/authenticated<\/li>\n<li>\n<h2>Google Analytics<\/h2>\n<p>Google Analytics raccoglie statistiche sull\u2019utilizzo del sito web (misurazione delle distanze). Informazioni sul browser (tipo di browser, pagine di provenienza\/uscita, file visualizzati sul nostro sito, sistema operativo, timestamp e\/o dati di clickstream), dati di utilizzo (visualizzazioni, clic) e indirizzo IP. Abbiamo attivato l\u2019anonimizzazione dell\u2019IP (mascheramento IP), per cui il Suo indirizzo IP viene abbreviato da Google nell\u2019UE e nel SEE prima della trasmissione, in modo da non consentire ulteriori riferimenti personali. Solo l\u2019indirizzo IP anonimizzato viene trasmesso a Google. Ulteriori dettagli sono disponibili qui: https:\/\/developers.google.com\/analytics\/devguides\/collection\/analyticsjs\/cookie-usage<\/li>\n<\/ol>\n<p>[\/vc_column_text][\/vc_column][\/vc_row][vc_row][vc_column][vc_raw_js]JTNDc3R5bGUlM0UlMEElMjAlMjAlMjAlMjAlMjNtYWluJTIwb2wlMjAlN0IlMEElMjAlMjBsaXN0LXN0eWxlLXR5cGUlM0ElMjBub25lJTNCJTBBJTIwJTIwY291bnRlci1yZXNldCUzQSUyMGl0ZW0lM0IlMEElMjAlMjBtYXJnaW4lM0ElMjAwJTNCJTBBJTIwJTIwcGFkZGluZyUzQSUyMDAlM0IlMEElN0QlMEElMEElMjNtYWluJTIwbGklMjAlN0IlMEElMjAlMjBkaXNwbGF5JTNBJTIwdGFibGUlM0IlMEElMjAlMjBjb3VudGVyLWluY3JlbWVudCUzQSUyMGl0ZW0lM0IlMEElMjAlMjBtYXJnaW4tYm90dG9tJTNBJTIwMC42ZW0lM0IlMEElN0QlMEElMEElMjNtYWluJTIwbGklM0FiZWZvcmUlMjAlN0IlMEElMjAlMjBjb250ZW50JTNBJTIwY291bnRlcnMlMjhpdGVtJTJDJTIwJTIyLiUyMiUyOSUyMCUyMi4lMjAlMjIlM0IlMEElMjAlMjBkaXNwbGF5JTNBJTIwdGFibGUtY2VsbCUzQiUwQSUyMCUyMHBhZGRpbmctcmlnaHQlM0ElMjAwLjZlbSUzQiUwQSU3RCUwQSUwQSUyM21haW4lMjBsaSUyMGxpJTIwJTdCJTBBJTIwJTIwbWFyZ2luLWJvdHRvbSUzQSUyMDIwcHglM0IlMEElN0QlMEElMEElMjNtYWluJTIwbGklMjBsaSUzQWJlZm9yZSUyMCU3QiUwQSUyMCUyMGNvbnRlbnQlM0ElMjBjb3VudGVycyUyOGl0ZW0lMkMlMjAlMjIuJTIyJTI5JTIwJTIyJTIwJTIyJTNCJTBBJTdEJTBBJTBBaDIuendpc2NoZW51ZWJlcnNjaHJpZnQlN0IlMEElMjAlMjAlMjAlMjBtYXJnaW4tbGVmdCUzQSUyMC00NnB4JTNCJTBBJTIwJTIwJTIwJTIwbWFyZ2luLXRvcCUzQSUyMDIwcHglM0IlMEElN0QlMEElM0MlMkZzdHlsZSUzRQ==[\/vc_raw_js][\/vc_column][\/vc_row]<\/p>\n<\/div>","protected":false},"excerpt":{"rendered":"<p>[vc_row full_width=&#8221;stretch_row_content_no_spaces&#8221; el_id=&#8221;revslider&#8221;][vc_column][vc_single_image image=&#8221;2736&#8243; img_size=&#8221;full&#8221; alignment=&#8221;center&#8221; css=&#8221;&#8221;][\/vc_column][\/vc_row][vc_row][vc_column][vc_column_text css=&#8221;&#8221;] Protezione dei dati Informativa sulla protezione dei dati della Weingut Bernhard Ott GmbH (di seguito brevemente: \u201cWeingut Ott\u201d) Informazioni generali: Weingut Ott prende molto seriamente la protezione dei Suoi dati personali e li utilizza esclusivamente nel rispetto delle disposizioni di legge applicabili, in particolare del Regolamento generale [&hellip;]<\/p>\n","protected":false},"author":1,"featured_media":0,"parent":0,"menu_order":0,"comment_status":"closed","ping_status":"closed","template":"","meta":{"_acf_changed":false,"inline_featured_image":false,"ocean_post_layout":"","ocean_both_sidebars_style":"","ocean_both_sidebars_content_width":0,"ocean_both_sidebars_sidebars_width":0,"ocean_sidebar":"","ocean_second_sidebar":"","ocean_disable_margins":"enable","ocean_add_body_class":"","ocean_shortcode_before_top_bar":"","ocean_shortcode_after_top_bar":"","ocean_shortcode_before_header":"","ocean_shortcode_after_header":"","ocean_has_shortcode":"","ocean_shortcode_after_title":"","ocean_shortcode_before_footer_widgets":"","ocean_shortcode_after_footer_widgets":"","ocean_shortcode_before_footer_bottom":"","ocean_shortcode_after_footer_bottom":"","ocean_display_top_bar":"default","ocean_display_header":"default","ocean_header_style":"","ocean_center_header_left_menu":"","ocean_custom_header_template":"","ocean_custom_logo":0,"ocean_custom_retina_logo":0,"ocean_custom_logo_max_width":0,"ocean_custom_logo_tablet_max_width":0,"ocean_custom_logo_mobile_max_width":0,"ocean_custom_logo_max_height":0,"ocean_custom_logo_tablet_max_height":0,"ocean_custom_logo_mobile_max_height":0,"ocean_header_custom_menu":"","ocean_menu_typo_font_family":"","ocean_menu_typo_font_subset":"","ocean_menu_typo_font_size":0,"ocean_menu_typo_font_size_tablet":0,"ocean_menu_typo_font_size_mobile":0,"ocean_menu_typo_font_size_unit":"px","ocean_menu_typo_font_weight":"","ocean_menu_typo_font_weight_tablet":"","ocean_menu_typo_font_weight_mobile":"","ocean_menu_typo_transform":"","ocean_menu_typo_transform_tablet":"","ocean_menu_typo_transform_mobile":"","ocean_menu_typo_line_height":0,"ocean_menu_typo_line_height_tablet":0,"ocean_menu_typo_line_height_mobile":0,"ocean_menu_typo_line_height_unit":"","ocean_menu_typo_spacing":0,"ocean_menu_typo_spacing_tablet":0,"ocean_menu_typo_spacing_mobile":0,"ocean_menu_typo_spacing_unit":"","ocean_menu_link_color":"","ocean_menu_link_color_hover":"","ocean_menu_link_color_active":"","ocean_menu_link_background":"","ocean_menu_link_hover_background":"","ocean_menu_link_active_background":"","ocean_menu_social_links_bg":"","ocean_menu_social_hover_links_bg":"","ocean_menu_social_links_color":"","ocean_menu_social_hover_links_color":"","ocean_disable_title":"default","ocean_disable_heading":"default","ocean_post_title":"","ocean_post_subheading":"","ocean_post_title_style":"","ocean_post_title_background_color":"","ocean_post_title_background":0,"ocean_post_title_bg_image_position":"","ocean_post_title_bg_image_attachment":"","ocean_post_title_bg_image_repeat":"","ocean_post_title_bg_image_size":"","ocean_post_title_height":0,"ocean_post_title_bg_overlay":0.5,"ocean_post_title_bg_overlay_color":"","ocean_disable_breadcrumbs":"default","ocean_breadcrumbs_color":"","ocean_breadcrumbs_separator_color":"","ocean_breadcrumbs_links_color":"","ocean_breadcrumbs_links_hover_color":"","ocean_display_footer_widgets":"default","ocean_display_footer_bottom":"default","ocean_custom_footer_template":"","footnotes":""},"class_list":["post-2832","page","type-page","status-publish","hentry","entry","owp-thumbs-layout-horizontal","owp-btn-normal","owp-tabs-layout-horizontal","has-no-thumbnails"],"acf":[],"yoast_head":"<!-- This site is optimized with the Yoast SEO plugin v27.4 - https:\/\/yoast.com\/product\/yoast-seo-wordpress\/ -->\n<title>Informativa sulla privacy - Weingut Bernhard Ott<\/title>\n<meta name=\"robots\" content=\"index, follow, max-snippet:-1, max-image-preview:large, max-video-preview:-1\" \/>\n<link rel=\"canonical\" href=\"https:\/\/ott.at\/it\/informativa-sulla-privacy\/\" \/>\n<meta property=\"og:locale\" content=\"it_IT\" \/>\n<meta property=\"og:type\" content=\"article\" \/>\n<meta property=\"og:title\" content=\"Informativa sulla privacy - Weingut Bernhard Ott\" \/>\n<meta property=\"og:description\" content=\"[vc_row full_width=&#8221;stretch_row_content_no_spaces&#8221; el_id=&#8221;revslider&#8221;][vc_column][vc_single_image image=&#8221;2736&#8243; img_size=&#8221;full&#8221; alignment=&#8221;center&#8221; css=&#8221;&#8221;][\/vc_column][\/vc_row][vc_row][vc_column][vc_column_text css=&#8221;&#8221;] Protezione dei dati Informativa sulla protezione dei dati della Weingut Bernhard Ott GmbH (di seguito brevemente: \u201cWeingut Ott\u201d) Informazioni generali: Weingut Ott prende molto seriamente la protezione dei Suoi dati personali e li utilizza esclusivamente nel rispetto delle disposizioni di legge applicabili, in particolare del Regolamento generale [&hellip;]\" \/>\n<meta property=\"og:url\" content=\"https:\/\/ott.at\/it\/informativa-sulla-privacy\/\" \/>\n<meta property=\"og:site_name\" content=\"Weingut Bernhard Ott\" \/>\n<meta property=\"article:publisher\" content=\"https:\/\/www.facebook.com\/WeingutBernhardOtt\/\" \/>\n<meta property=\"article:modified_time\" content=\"2026-02-11T08:13:14+00:00\" \/>\n<script type=\"application\/ld+json\" class=\"yoast-schema-graph\">{\"@context\":\"https:\\\/\\\/schema.org\",\"@graph\":[{\"@type\":\"WebPage\",\"@id\":\"https:\\\/\\\/ott.at\\\/it\\\/informativa-sulla-privacy\\\/\",\"url\":\"https:\\\/\\\/ott.at\\\/it\\\/informativa-sulla-privacy\\\/\",\"name\":\"Informativa sulla privacy - Weingut Bernhard Ott\",\"isPartOf\":{\"@id\":\"https:\\\/\\\/ott.at\\\/it\\\/#website\"},\"datePublished\":\"2025-08-14T06:59:59+00:00\",\"dateModified\":\"2026-02-11T08:13:14+00:00\",\"breadcrumb\":{\"@id\":\"https:\\\/\\\/ott.at\\\/it\\\/informativa-sulla-privacy\\\/#breadcrumb\"},\"inLanguage\":\"it-IT\",\"potentialAction\":[{\"@type\":\"ReadAction\",\"target\":[\"https:\\\/\\\/ott.at\\\/it\\\/informativa-sulla-privacy\\\/\"]}]},{\"@type\":\"BreadcrumbList\",\"@id\":\"https:\\\/\\\/ott.at\\\/it\\\/informativa-sulla-privacy\\\/#breadcrumb\",\"itemListElement\":[{\"@type\":\"ListItem\",\"position\":1,\"name\":\"Startseite\",\"item\":\"https:\\\/\\\/ott.at\\\/it\\\/\"},{\"@type\":\"ListItem\",\"position\":2,\"name\":\"Informativa sulla privacy\"}]},{\"@type\":\"WebSite\",\"@id\":\"https:\\\/\\\/ott.at\\\/it\\\/#website\",\"url\":\"https:\\\/\\\/ott.at\\\/it\\\/\",\"name\":\"Weingut Bernhard Ott\",\"description\":\"Ein Leben in der Balance\",\"publisher\":{\"@id\":\"https:\\\/\\\/ott.at\\\/it\\\/#organization\"},\"potentialAction\":[{\"@type\":\"SearchAction\",\"target\":{\"@type\":\"EntryPoint\",\"urlTemplate\":\"https:\\\/\\\/ott.at\\\/it\\\/?s={search_term_string}\"},\"query-input\":{\"@type\":\"PropertyValueSpecification\",\"valueRequired\":true,\"valueName\":\"search_term_string\"}}],\"inLanguage\":\"it-IT\"},{\"@type\":\"Organization\",\"@id\":\"https:\\\/\\\/ott.at\\\/it\\\/#organization\",\"name\":\"Weingut Bernhard Ott\",\"url\":\"https:\\\/\\\/ott.at\\\/it\\\/\",\"logo\":{\"@type\":\"ImageObject\",\"inLanguage\":\"it-IT\",\"@id\":\"https:\\\/\\\/ott.at\\\/it\\\/#\\\/schema\\\/logo\\\/image\\\/\",\"url\":\"https:\\\/\\\/ott.at\\\/wp-content\\\/uploads\\\/2025\\\/06\\\/Weingut-Ott-Logo-mit-Punkten.svg\",\"contentUrl\":\"https:\\\/\\\/ott.at\\\/wp-content\\\/uploads\\\/2025\\\/06\\\/Weingut-Ott-Logo-mit-Punkten.svg\",\"width\":177,\"height\":64,\"caption\":\"Weingut Bernhard Ott\"},\"image\":{\"@id\":\"https:\\\/\\\/ott.at\\\/it\\\/#\\\/schema\\\/logo\\\/image\\\/\"},\"sameAs\":[\"https:\\\/\\\/www.facebook.com\\\/WeingutBernhardOtt\\\/\",\"https:\\\/\\\/www.instagram.com\\\/ott.at\\\/?hl=de\"]}]}<\/script>\n<!-- \/ Yoast SEO plugin. -->","yoast_head_json":{"title":"Informativa sulla privacy - Weingut Bernhard Ott","robots":{"index":"index","follow":"follow","max-snippet":"max-snippet:-1","max-image-preview":"max-image-preview:large","max-video-preview":"max-video-preview:-1"},"canonical":"https:\/\/ott.at\/it\/informativa-sulla-privacy\/","og_locale":"it_IT","og_type":"article","og_title":"Informativa sulla privacy - Weingut Bernhard Ott","og_description":"[vc_row full_width=&#8221;stretch_row_content_no_spaces&#8221; el_id=&#8221;revslider&#8221;][vc_column][vc_single_image image=&#8221;2736&#8243; img_size=&#8221;full&#8221; alignment=&#8221;center&#8221; css=&#8221;&#8221;][\/vc_column][\/vc_row][vc_row][vc_column][vc_column_text css=&#8221;&#8221;] Protezione dei dati Informativa sulla protezione dei dati della Weingut Bernhard Ott GmbH (di seguito brevemente: \u201cWeingut Ott\u201d) Informazioni generali: Weingut Ott prende molto seriamente la protezione dei Suoi dati personali e li utilizza esclusivamente nel rispetto delle disposizioni di legge applicabili, in particolare del Regolamento generale [&hellip;]","og_url":"https:\/\/ott.at\/it\/informativa-sulla-privacy\/","og_site_name":"Weingut Bernhard Ott","article_publisher":"https:\/\/www.facebook.com\/WeingutBernhardOtt\/","article_modified_time":"2026-02-11T08:13:14+00:00","schema":{"@context":"https:\/\/schema.org","@graph":[{"@type":"WebPage","@id":"https:\/\/ott.at\/it\/informativa-sulla-privacy\/","url":"https:\/\/ott.at\/it\/informativa-sulla-privacy\/","name":"Informativa sulla privacy - Weingut Bernhard Ott","isPartOf":{"@id":"https:\/\/ott.at\/it\/#website"},"datePublished":"2025-08-14T06:59:59+00:00","dateModified":"2026-02-11T08:13:14+00:00","breadcrumb":{"@id":"https:\/\/ott.at\/it\/informativa-sulla-privacy\/#breadcrumb"},"inLanguage":"it-IT","potentialAction":[{"@type":"ReadAction","target":["https:\/\/ott.at\/it\/informativa-sulla-privacy\/"]}]},{"@type":"BreadcrumbList","@id":"https:\/\/ott.at\/it\/informativa-sulla-privacy\/#breadcrumb","itemListElement":[{"@type":"ListItem","position":1,"name":"Startseite","item":"https:\/\/ott.at\/it\/"},{"@type":"ListItem","position":2,"name":"Informativa sulla privacy"}]},{"@type":"WebSite","@id":"https:\/\/ott.at\/it\/#website","url":"https:\/\/ott.at\/it\/","name":"Weingut Bernhard Ott","description":"Ein Leben in der Balance","publisher":{"@id":"https:\/\/ott.at\/it\/#organization"},"potentialAction":[{"@type":"SearchAction","target":{"@type":"EntryPoint","urlTemplate":"https:\/\/ott.at\/it\/?s={search_term_string}"},"query-input":{"@type":"PropertyValueSpecification","valueRequired":true,"valueName":"search_term_string"}}],"inLanguage":"it-IT"},{"@type":"Organization","@id":"https:\/\/ott.at\/it\/#organization","name":"Weingut Bernhard Ott","url":"https:\/\/ott.at\/it\/","logo":{"@type":"ImageObject","inLanguage":"it-IT","@id":"https:\/\/ott.at\/it\/#\/schema\/logo\/image\/","url":"https:\/\/ott.at\/wp-content\/uploads\/2025\/06\/Weingut-Ott-Logo-mit-Punkten.svg","contentUrl":"https:\/\/ott.at\/wp-content\/uploads\/2025\/06\/Weingut-Ott-Logo-mit-Punkten.svg","width":177,"height":64,"caption":"Weingut Bernhard Ott"},"image":{"@id":"https:\/\/ott.at\/it\/#\/schema\/logo\/image\/"},"sameAs":["https:\/\/www.facebook.com\/WeingutBernhardOtt\/","https:\/\/www.instagram.com\/ott.at\/?hl=de"]}]}},"_links":{"self":[{"href":"https:\/\/ott.at\/it\/wp-json\/wp\/v2\/pages\/2832","targetHints":{"allow":["GET"]}}],"collection":[{"href":"https:\/\/ott.at\/it\/wp-json\/wp\/v2\/pages"}],"about":[{"href":"https:\/\/ott.at\/it\/wp-json\/wp\/v2\/types\/page"}],"author":[{"embeddable":true,"href":"https:\/\/ott.at\/it\/wp-json\/wp\/v2\/users\/1"}],"replies":[{"embeddable":true,"href":"https:\/\/ott.at\/it\/wp-json\/wp\/v2\/comments?post=2832"}],"version-history":[{"count":4,"href":"https:\/\/ott.at\/it\/wp-json\/wp\/v2\/pages\/2832\/revisions"}],"predecessor-version":[{"id":2836,"href":"https:\/\/ott.at\/it\/wp-json\/wp\/v2\/pages\/2832\/revisions\/2836"}],"wp:attachment":[{"href":"https:\/\/ott.at\/it\/wp-json\/wp\/v2\/media?parent=2832"}],"curies":[{"name":"wp","href":"https:\/\/api.w.org\/{rel}","templated":true}]}}