{"id":2793,"date":"2025-07-21T15:30:55","date_gmt":"2025-07-21T13:30:55","guid":{"rendered":"https:\/\/ott.at\/terroir\/"},"modified":"2026-02-12T11:07:18","modified_gmt":"2026-02-12T10:07:18","slug":"terroir","status":"publish","type":"page","link":"https:\/\/ott.at\/it\/terroir\/","title":{"rendered":"Terroir"},"content":{"rendered":"<div class=\"wpb-content-wrapper\"><p>[vc_row el_id=&#8221;revslider&#8221;][vc_column]\n\t\t\t\t<p class=\"rs-p-wp-fix\"><\/p>\n\t\t\t\t<sr7-module data-alias=\"familie-1\" data-id=\"25\" id=\"SR7_25_1\" class=\"rs-ov-hidden\" data-version=\"6.7.41\">\n\t\t\t\t\t<sr7-adjuster><\/sr7-adjuster>\n\t\t\t\t\t<sr7-content>\n\t\t\t\t\t\t<sr7-slide id=\"SR7_25_1-45\" data-key=\"45\">\n\t\t\t\t\t\t<\/sr7-slide>\n\t\t\t\t\t\t<sr7-slide id=\"SR7_25_1-46\" data-key=\"46\">\n\t\t\t\t\t\t<\/sr7-slide>\n\t\t\t\t\t<\/sr7-content>\n\t\t\t\t\t<image_lists style=\"display:none\">\n\t\t\t\t\t\t<img data-src=\"\/\/ott.at\/wp-content\/uploads\/2025\/11\/Terroir-Schriftzug.svg\" data-libid=\"1551\" data-lib=\"medialibrary\" title=\"Terroir-Schriftzug\" width=\"0\" height=\"0\" data-dbsrc=\"Ly9vdHQuYXQvd3AtY29udGVudC91cGxvYWRzLzIwMjUvMTEvVGVycm9pci1TY2hyaWZ0enVnLnN2Zw==\"\/>\n\t\t\t\t\t\t<img data-src=\"\/\/ott.at\/wp-content\/uploads\/2025\/06\/Slider-Scroll-Icon.svg\" data-libid=\"41\" data-lib=\"medialibrary\" title=\"Slider &#8211; Scroll Icon\" width=\"0\" height=\"0\" data-dbsrc=\"Ly9vdHQuYXQvd3AtY29udGVudC91cGxvYWRzLzIwMjUvMDYvU2xpZGVyLVNjcm9sbC1JY29uLnN2Zw==\"\/>\n\t\t\t\t\t\t<img data-src=\"\/\/ott.at\/wp-content\/uploads\/2025\/06\/Slider-Rebe.svg\" data-libid=\"42\" data-lib=\"medialibrary\" title=\"Slider &#8211; Rebe\" width=\"0\" height=\"0\" data-dbsrc=\"Ly9vdHQuYXQvd3AtY29udGVudC91cGxvYWRzLzIwMjUvMDYvU2xpZGVyLVJlYmUuc3Zn\"\/>\n\t\t\t\t\t<\/image_lists>\n\t\t\t\t<\/sr7-module>\n\t\t\t\t<script>\n\t\t\t\t\tSR7.PMH ??={}; SR7.PMH[\"SR7_25_1\"] = {cn:100,state:false,fn: function() { if (_tpt!==undefined && _tpt.prepareModuleHeight !== undefined) {  _tpt.prepareModuleHeight({id:\"SR7_25_1\",el:[1080,1080,768,960,720],type:'hero',shdw:'0',gh:[1080,1080,768,960,720],gw:[2560,2560,1024,778,480],vpt:['-100px&#039;,&#039;-100px&#039;,&#039;-100px&#039;,&#039;-100px&#039;,&#039;-100px'],size:{fullWidth:true, fullHeight:true},fho:'',mh:'0',onh:0,onw:0,bg:{color:'{\"orig\":\"transparent\",\"type\":\"solid\",\"string\":\"transparent\"}'},googleFont:\"ignore\"});   SR7.PMH[\"SR7_25_1\"].state=true;} else if(SR7.PMH[\"SR7_25_1\"].cn-->0)\tsetTimeout( SR7.PMH[\"SR7_25_1\"].fn,19);}};SR7.PMH[\"SR7_25_1\" ].fn();\n\t\t\t\t<\/script>\n[\/vc_column][\/vc_row][vc_row content_placement=&#8221;middle&#8221; css=&#8221;.vc_custom_1751964420791{margin-top: 35px !important;}&#8221;][vc_column width=&#8221;1\/2&#8243;][vc_column_text css=&#8221;&#8221;]<\/p>\n<h1 style=\"text-align: left;\">IL NOSTRO<br \/>\nTERROIR<\/h1>\n<p>[\/vc_column_text][vc_column_text css=&#8221;&#8221; el_class=&#8221;abrissbox hochformat&#8221;]<\/p>\n<h2 class=\"einleitungstext-ueberschrift\">NOI E IL VIGNETO:<br \/>\nAutentici e non alterati.<\/h2>\n<p>L\u2019Hengstberg di Feuerbrunn e i suoi vigneti sono unici, affascinanti nella diversit\u00e0 dei loro terroir e nella loro interezza. Ogni angolo riflette la nostra storia e quella dei nostri antenati: una vita tra le viti sul versante anteriore, e i boschi alle spalle della montagna, tra G\u00f6sing am Wagram a est, Feuersbrunn am Wagram al centro ed Engabrunn a ovest. Ancora oggi i vigneti mantengono i nomi e i numeri di parcella originari, tramandati da una mappa dei vigneti del 1823. Non c&#8217;\u00e8 mai stata una riforma fondiaria. Una fortuna per noi, per l\u2019Hengstberg e i nostri vini cru <a href=\"https:\/\/ott.at\/it\/vini\/ried-rosenberg-feuersbrunn\/\">Ried Rosenberg<\/a>, <a href=\"https:\/\/ott.at\/it\/vini\/ried-spiegel-feuersbrunn\/\">Ried Spiegel<\/a>, <a href=\"https:\/\/ott.at\/it\/vini\/ried-stein-engabrunn\/\">Ried Stein<\/a> e <a href=\"https:\/\/ott.at\/it\/vini\/ried-kirchthal-feuersbrunn\/\">Ried Kirchthal<\/a>.[\/vc_column_text][\/vc_column][vc_column width=&#8221;1\/2&#8243;][vc_single_image image=&#8221;2780&#8243; img_size=&#8221;full&#8221; alignment=&#8221;center&#8221; css=&#8221;&#8221;][\/vc_column][\/vc_row][vc_row full_width=&#8221;stretch_row_content_no_spaces&#8221;][vc_column][\/vc_column][\/vc_row][vc_row content_placement=&#8221;middle&#8221;][vc_column width=&#8221;1\/2&#8243;][vc_single_image image=&#8221;2785&#8243; img_size=&#8221;full&#8221; alignment=&#8221;right&#8221; css=&#8221;&#8221;][\/vc_column][vc_column width=&#8221;1\/2&#8243;][vc_column_text css=&#8221;&#8221;]<\/p>\n<h2>DUE REGIONI, TRE PAESI:<br \/>\nIl cuore della nostra identit\u00e0.<\/h2>\n<p>Abbiamo capito subito di essere parte di un tutto pi\u00f9 grande. Abbiamo smesso di credere di poter assoggettare la montagna al nostro volere e abbiamo adattato la nostra arte alla natura. Il 95% della superficie vitata \u00e8 coltivato a Gr\u00fcner Veltliner. I profondi terreni di loess delle regioni di Wagram e Kamptal sono particolarmente adatti a questa variet\u00e0 di uva. Qui \u00e8 autoctona come poche altre uve e rappresenta il nostro marchio in tutte le sue declinazioni: dalla leggera cuv\u00e9e di Veltliner all&#8217;espressivo vino Erste Lage. Sempre caratterizzata dalla tipica speziatura del Veltliner, da una finezza erbacea, e sostenuta da una delicata nota fruttata.[\/vc_column_text][\/vc_column][\/vc_row][vc_row full_width=&#8221;stretch_row&#8221; css=&#8221;.vc_custom_1754574091453{background-color: #FFFFFF !important;}&#8221; el_class=&#8221;zitat-row&#8221;][vc_column][vc_column_text css=&#8221;&#8221; el_class=&#8221;zitat&#8221;]<\/p>\n<p style=\"text-align: center;\">&#8220;Se lasci che la natura sia natura, produce cose meravigliose.&#8221;<\/p>\n<p>[\/vc_column_text][vc_column_text css=&#8221;&#8221; el_class=&#8221;zitat-author&#8221;]<\/p>\n<p style=\"text-align: center;\">Bernhard Ott<\/p>\n<p>[\/vc_column_text][\/vc_column][\/vc_row][vc_row full_width=&#8221;stretch_row_content_no_spaces&#8221; css=&#8221;.vc_custom_1758185913149{background-color: #FFFFFF !important;}&#8221;][vc_column][vc_single_image image=&#8221;2786&#8243; img_size=&#8221;full&#8221; alignment=&#8221;center&#8221; css=&#8221;.vc_custom_1759153393421{margin-bottom: 0px !important;}&#8221;][\/vc_column][\/vc_row][vc_row][vc_column][vc_empty_space height=&#8221;50px&#8221;][\/vc_column][\/vc_row][vc_row content_placement=&#8221;middle&#8221;][vc_column width=&#8221;1\/2&#8243;][vc_column_text css=&#8221;&#8221;]<\/p>\n<h2>FIDUCIA. TRANQUILLIT\u00c0. PRECISIONE.<br \/>\nL\u2019arte di sapersi fermare.<\/h2>\n<p>Il Wagram \u00e8 la nostra casa e, insieme al Kamptal, il nostro grande amore. Con il passaggio all&#8217;agricoltura biodinamica nel 2006, abbiamo deciso di impegnarci anima e corpo in queste due regioni: senza compromessi e aperti verso ci\u00f2 che la natura ha in serbo per noi.<\/p>\n<p>Da allora imbottigliamo solo vini che esprimono al 100% il nostro terroir. Ecco perch\u00e9 ci prendiamo il tempo necessario. E questo vale sia per i marchi OTT <a href=\"https:\/\/ott.at\/it\/vini\/am-berg\/\">AM BERG\u00ae<\/a>, <a href=\"https:\/\/ott.at\/it\/vini\/fass-4\/\">FASS 4\u00ae<\/a>, <a href=\"https:\/\/ott.at\/it\/vini\/der-ott\/\">DER OTT\u00ae<\/a>, <a href=\"https:\/\/ott.at\/it\/vini\/rosalie\/\">ROSALIE\u00ae<\/a>, <a href=\"https:\/\/ott.at\/it\/vini\/spectrum\/\">SPECTRUM<\/a>, <a href=\"https:\/\/ott.at\/it\/vini\/riesling\/\">RIESLING<\/a>, <a href=\"https:\/\/ott.at\/it\/vini\/tausend-rosen\/\">TAUSEND ROSEN\u00ae<\/a> e <a href=\"https:\/\/ott.at\/it\/vini\/blaufraenkisch-moritz\/\">BLAUFR\u00c4NKISCH MORITZ OTT<\/a> che per i nostri vini cru. Fino a quando prima la natura e la vigna, e poi l&#8217;uva e il vino, non trovano il loro equilibrio. Perch\u00e9 fare il vino significa soprattutto avere pazienza. Fidarsi della natura e prendersi cura delle sue esigenze: nel proprio potenziale e nel fatto che la natura si sviluppa con le proprie forze, se solo le si permette di farlo.[\/vc_column_text][\/vc_column][vc_column width=&#8221;1\/2&#8243;][vc_single_image image=&#8221;2787&#8243; img_size=&#8221;full&#8221; alignment=&#8221;center&#8221; css=&#8221;&#8221;][\/vc_column][\/vc_row][vc_row full_width=&#8221;stretch_row&#8221; css=&#8221;.vc_custom_1754574091453{background-color: #FFFFFF !important;}&#8221; el_class=&#8221;zitat-row&#8221;][vc_column][vc_column_text css=&#8221;&#8221; el_class=&#8221;zitat&#8221;]<\/p>\n<p style=\"text-align: center;\">\u201cChi agisce in modo frettoloso toglie al vino la possibilit\u00e0 di raccontare il suo terroir\u201d<\/p>\n<p>[\/vc_column_text][vc_column_text css=&#8221;&#8221; el_class=&#8221;zitat-author&#8221;]<\/p>\n<p style=\"text-align: center;\">Bernhard Ott<\/p>\n<p>[\/vc_column_text][\/vc_column][\/vc_row][vc_row full_width=&#8221;stretch_row_content_no_spaces&#8221;][vc_column offset=&#8221;vc_hidden-sm vc_hidden-xs&#8221;][vc_raw_html css=&#8221;&#8221;]JTNDZGl2JTIwY2xhc3MlM0QlMjJtYXAlMjIlM0UlMEQlMEElM0NzdmclMjB4bWxucyUzRCUyMmh0dHAlM0ElMkYlMkZ3d3cudzMub3JnJTJGMjAwMCUyRnN2ZyUyMiUyMGNsYXNzJTNEJTIyb3ZlcmxheSUyMiUyMGlkJTNEJTIyb3ZlcmxheSUyMiUyMHZpZXdib3glM0QlMjIwJTIwMCUyMDQ2NjklMjAzMDM5JTIyJTIwYXJpYS1sYWJlbCUzRCUyMlJpZWRlbi1PdmVybGF5JTIyJTNFJTA5JTBEJTBBJTA5JTNDYSUyMGhyZWYlM0QlMjJodHRwcyUzQSUyRiUyRm90dC5hdCUyRml0JTJGdmluaSUyRnJpZWQtcm9zZW5iZXJnLWZldWVyc2JydW5uJTJGJTIyJTNFJTBEJTBBJTA5JTIwJTIwJTIwJTIwJTNDcG9seWdvbiUyMGNsYXNzJTNEJTIycmllZCUyMHJpZWQtcm9zZW5iZXJnJTIyJTIwcG9pbnRzJTNEJTIyMTk5Ny4yJTJDMTM0My41JTIwMjA4Ny4yJTJDMTUxMC4zJTIwMjEzMC42JTJDMTQ5My42JTIwMjI0NCUyQzE0OTAuMyUyMDIyNzQlMkMxNTAzLjYlMjAyMzY0JTJDMTQ5MC4zJTIwMjM1NCUyQzE0NjMuNiUyMDIzMzAuNyUyQzE0NTAuMyUyMDIzMDQlMkMxNDE2LjklMjAyMjgwLjclMkMxMzcwLjIlMjAyMjkwLjclMkMxMzIwLjIlMjAyMjQ3LjMlMkMxMzE2LjklMjAyMjMwLjYlMkMxMzAzLjUlMjIlMjB0YWJpbmRleCUzRCUyMjAlMjIlM0UlM0N0aXRsZSUzRVJvc2VuYmVyZyUzQyUyRnRpdGxlJTNFJTNDJTJGcG9seWdvbiUzRSUwRCUwQSUwOSUzQyUyRmElM0UlMEQlMEElMDklM0NhJTIwaHJlZiUzRCUyMmh0dHBzJTNBJTJGJTJGb3R0LmF0JTJGaXQlMkZ2aW5pJTJGcmllZC1zdGVpbi1lbmdhYnJ1bm4lMkYlMjIlM0UlMEQlMEElMDklMjAlMjAlMjAlMjAlM0Nwb2x5Z29uJTIwY2xhc3MlM0QlMjJyaWVkJTIwcmllZC1zdGVpbiUyMiUyMHBvaW50cyUzRCUyMjE1MzclMkMxNTc4LjklMjAxNTI3JTJDMTg0NS43JTIwMTM2My41JTJDMTgzMi40JTIwMTM2MC4yJTJDMTgxNS43JTIwMTI1Ni44JTJDMTg2Mi40JTIwMTI1Ni44JTJDMTc5Mi4zJTIwMTI2My41JTJDMTc1OSUyMDEyNjAuMiUyQzE3MDklMjAxMjcwLjIlMkMxNjU1LjYlMjAxMzc2LjklMkMxNjA4LjklMjIlMjB0YWJpbmRleCUzRCUyMjAlMjIlM0UlM0N0aXRsZSUzRVN0ZWluJTNDJTJGdGl0bGUlM0UlM0MlMkZwb2x5Z29uJTNFJTBEJTBBJTA5JTNDJTJGYSUzRSUwRCUwQSUwOSUzQ2ElMjBocmVmJTNEJTIyaHR0cHMlM0ElMkYlMkZvdHQuYXQlMkZpdCUyRnZpbmklMkZyaWVkLXNwaWVnZWwtZmV1ZXJzYnJ1bm4lMkYlMjIlM0UlMEQlMEElMDklMjAlMjAlMjAlMjAlM0Nwb2x5Z29uJTIwY2xhc3MlM0QlMjJyaWVkJTIwcmllZC1zcGllZ2VsJTIyJTIwcG9pbnRzJTNEJTIyMTc0Ny4xJTJDMTM5MC43JTIwMTc0Ny4xJTJDMTM1NCUyMDE3MzAuNCUyQzEzMjcuMyUyMDE4MzcuMSUyQzEzMjAuNyUyMDE4NzcuMSUyQzEyODQlMjAxOTUwLjUlMkMxMjU0JTIwMTk3My44JTJDMTM0MC43JTIwMjAwNy4yJTJDMTM5NCUyMDE4OTAuNSUyQzE0MTcuNCUyMDE5ODcuMiUyQzE1NDAuOCUyMDE5OTAuNSUyQzE2MDQuMSUyMDE4OTAuNSUyQzE2MTQuMSUyMDE3ODcuMSUyQzE2MjQuMiUyMDE3MzcuMSUyQzE2MDcuNSUyMDE3MjcuMSUyQzE1MzcuNCUyMDE3MTMuNyUyQzE1MTQuMSUyMDE3MDAuNCUyQzE0NzcuNCUyMDE3MDAuNCUyQzE0MTcuNCUyMDE2NzclMkMxNDA0JTIyJTIwdGFiaW5kZXglM0QlMjIwJTIyJTNFJTNDdGl0bGUlM0VTcGllZ2VsJTNDJTJGdGl0bGUlM0UlM0MlMkZwb2x5Z29uJTNFJTBEJTBBJTA5JTNDJTJGYSUzRSUwRCUwQSUwOSUzQ2ElMjBocmVmJTNEJTIyaHR0cHMlM0ElMkYlMkZvdHQuYXQlMkZpdCUyRnZpbmklMkZyaWVkLWtpcmNodGhhbC1mZXVlcnNicnVubiUyRiUyMiUzRSUwRCUwQSUwOSUyMCUyMCUyMCUyMCUzQ3BvbHlnb24lMjBjbGFzcyUzRCUyMnJpZWQlMjByaWVkLWtpcmNodGhhbCUyMiUyMHBvaW50cyUzRCUyMjE5NTAuNSUyQzEyNjMuNSUyMDIwMjMuOSUyQzEyNTAuMiUyMDIwMjMuOSUyQzEyMTAuMSUyMDIwODMuOSUyQzExOTAuMSUyMDIxMDMuOSUyQzEyMTMuNSUyMDIxMzcuMyUyQzExOTYuOCUyMDIxMjcuMyUyQzExODMuNSUyMDIxNTAuNiUyQzExNzMuNCUyMDIxMzMuOSUyQzExNDYuOCUyMDIxNzcuMyUyQzExMzMuNCUyMDIxODAuNiUyQzExMTYuOCUyMDIyNjQlMkMxMDkzLjQlMjAyMzAwLjclMkMxMTM2LjglMjAyMzIwLjclMkMxMTczLjQlMjAyMzI3LjQlMkMxMjIwLjElMjAyMzE3LjMlMkMxMjU2LjglMjAyMjk0JTJDMTMxNi45JTIwMjI0Ny4zJTJDMTMyMC4yJTIwMjIyNCUyQzEzMDMuNSUyMDIxOTAuNiUyQzEzMTAuMiUyMDIxMTcuMiUyQzEzMjMuNSUyMDIwNjcuMiUyQzEzMzAuMiUyMDIwMjAuNSUyQzEzMzYuOSUyMDE5OTMuOSUyQzEzNDMuNSUyMiUyMHRhYmluZGV4JTNEJTIyMCUyMiUzRSUzQ3RpdGxlJTNFS2lyY2h0aGFsJTNDJTJGdGl0bGUlM0UlM0MlMkZwb2x5Z29uJTNFJTBEJTBBJTA5JTNDJTJGYSUzRSUwRCUwQSUzQyUyRnN2ZyUzRSUwRCUwQSUzQyUyRmRpdiUzRQ==[\/vc_raw_html][\/vc_column][\/vc_row][vc_row][vc_column offset=&#8221;vc_hidden-lg vc_hidden-md&#8221;][vc_empty_space height=&#8221;20px&#8221;][vc_column_text]<\/p>\n<h2>I nostri vigneti<\/h2>\n<p>[\/vc_column_text][\/vc_column][\/vc_row][vc_row content_placement=&#8221;middle&#8221;][vc_column width=&#8221;1\/2&#8243; offset=&#8221;vc_hidden-lg vc_hidden-md vc_col-xs-6&#8243;][vc_single_image image=&#8221;2788&#8243; img_size=&#8221;full&#8221; alignment=&#8221;center&#8221; onclick=&#8221;custom_link&#8221; link=&#8221;https:\/\/ott.at\/weine\/ried-rosenberg-feuersbrunn\/&#8221;][\/vc_column][vc_column width=&#8221;1\/2&#8243; offset=&#8221;vc_hidden-lg vc_hidden-md vc_col-xs-6&#8243;][vc_single_image image=&#8221;2789&#8243; img_size=&#8221;full&#8221; alignment=&#8221;center&#8221; onclick=&#8221;custom_link&#8221; css=&#8221;&#8221; link=&#8221;https:\/\/ott.at\/weine\/ried-spiegel-feuersbrunn\/&#8221;][\/vc_column][\/vc_row][vc_row content_placement=&#8221;middle&#8221;][vc_column width=&#8221;1\/2&#8243; offset=&#8221;vc_hidden-lg vc_hidden-md vc_col-xs-6&#8243;][vc_single_image image=&#8221;2790&#8243; img_size=&#8221;full&#8221; alignment=&#8221;center&#8221; onclick=&#8221;custom_link&#8221; css=&#8221;&#8221; link=&#8221;https:\/\/ott.at\/weine\/ried-stein-engabrunn\/&#8221;][\/vc_column][vc_column width=&#8221;1\/2&#8243; offset=&#8221;vc_hidden-lg vc_hidden-md vc_col-xs-6&#8243;][vc_single_image image=&#8221;2791&#8243; img_size=&#8221;full&#8221; alignment=&#8221;center&#8221; onclick=&#8221;custom_link&#8221; css=&#8221;&#8221; link=&#8221;https:\/\/ott.at\/weine\/ried-kirchthal-feuersbrunn\/&#8221;][\/vc_column][\/vc_row][vc_row][vc_column][vc_empty_space height=&#8221;20px&#8221;][vc_btn title=&#8221;&gt; ALLA MAPPA INTERATTIVA DEI VIGNETI&#8221; align=&#8221;center&#8221; css=&#8221;&#8221; link=&#8221;url:https%3A%2F%2Friedenkarte.ott.at|target:_blank|&#8221; el_class=&#8221;ott-nav-btn&#8221;][\/vc_column][\/vc_row]<\/p>\n<\/div>","protected":false},"excerpt":{"rendered":"<p>[vc_row el_id=&#8221;revslider&#8221;][vc_column][\/vc_column][\/vc_row][vc_row content_placement=&#8221;middle&#8221; css=&#8221;.vc_custom_1751964420791{margin-top: 35px !important;}&#8221;][vc_column width=&#8221;1\/2&#8243;][vc_column_text css=&#8221;&#8221;] IL NOSTRO TERROIR [\/vc_column_text][vc_column_text css=&#8221;&#8221; el_class=&#8221;abrissbox hochformat&#8221;] NOI E IL VIGNETO: Autentici e non alterati. L\u2019Hengstberg di Feuerbrunn e i suoi vigneti sono unici, affascinanti nella diversit\u00e0 dei loro terroir e nella loro interezza. Ogni angolo riflette la nostra storia e quella dei nostri antenati: una vita [&hellip;]<\/p>\n","protected":false},"author":1,"featured_media":0,"parent":0,"menu_order":0,"comment_status":"closed","ping_status":"closed","template":"","meta":{"_acf_changed":false,"inline_featured_image":false,"ocean_post_layout":"","ocean_both_sidebars_style":"","ocean_both_sidebars_content_width":0,"ocean_both_sidebars_sidebars_width":0,"ocean_sidebar":"0","ocean_second_sidebar":"0","ocean_disable_margins":"enable","ocean_add_body_class":"","ocean_shortcode_before_top_bar":"","ocean_shortcode_after_top_bar":"","ocean_shortcode_before_header":"","ocean_shortcode_after_header":"","ocean_has_shortcode":"","ocean_shortcode_after_title":"","ocean_shortcode_before_footer_widgets":"","ocean_shortcode_after_footer_widgets":"","ocean_shortcode_before_footer_bottom":"","ocean_shortcode_after_footer_bottom":"","ocean_display_top_bar":"default","ocean_display_header":"default","ocean_header_style":"","ocean_center_header_left_menu":"0","ocean_custom_header_template":"0","ocean_custom_logo":0,"ocean_custom_retina_logo":0,"ocean_custom_logo_max_width":0,"ocean_custom_logo_tablet_max_width":0,"ocean_custom_logo_mobile_max_width":0,"ocean_custom_logo_max_height":0,"ocean_custom_logo_tablet_max_height":0,"ocean_custom_logo_mobile_max_height":0,"ocean_header_custom_menu":"0","ocean_menu_typo_font_family":"0","ocean_menu_typo_font_subset":"","ocean_menu_typo_font_size":0,"ocean_menu_typo_font_size_tablet":0,"ocean_menu_typo_font_size_mobile":0,"ocean_menu_typo_font_size_unit":"px","ocean_menu_typo_font_weight":"","ocean_menu_typo_font_weight_tablet":"","ocean_menu_typo_font_weight_mobile":"","ocean_menu_typo_transform":"","ocean_menu_typo_transform_tablet":"","ocean_menu_typo_transform_mobile":"","ocean_menu_typo_line_height":0,"ocean_menu_typo_line_height_tablet":0,"ocean_menu_typo_line_height_mobile":0,"ocean_menu_typo_line_height_unit":"","ocean_menu_typo_spacing":0,"ocean_menu_typo_spacing_tablet":0,"ocean_menu_typo_spacing_mobile":0,"ocean_menu_typo_spacing_unit":"","ocean_menu_link_color":"","ocean_menu_link_color_hover":"","ocean_menu_link_color_active":"","ocean_menu_link_background":"","ocean_menu_link_hover_background":"","ocean_menu_link_active_background":"","ocean_menu_social_links_bg":"","ocean_menu_social_hover_links_bg":"","ocean_menu_social_links_color":"","ocean_menu_social_hover_links_color":"","ocean_disable_title":"default","ocean_disable_heading":"default","ocean_post_title":"","ocean_post_subheading":"","ocean_post_title_style":"","ocean_post_title_background_color":"","ocean_post_title_background":0,"ocean_post_title_bg_image_position":"","ocean_post_title_bg_image_attachment":"","ocean_post_title_bg_image_repeat":"","ocean_post_title_bg_image_size":"","ocean_post_title_height":0,"ocean_post_title_bg_overlay":0.5,"ocean_post_title_bg_overlay_color":"","ocean_disable_breadcrumbs":"default","ocean_breadcrumbs_color":"","ocean_breadcrumbs_separator_color":"","ocean_breadcrumbs_links_color":"","ocean_breadcrumbs_links_hover_color":"","ocean_display_footer_widgets":"default","ocean_display_footer_bottom":"default","ocean_custom_footer_template":"0","footnotes":""},"class_list":["post-2793","page","type-page","status-publish","hentry","entry","owp-thumbs-layout-horizontal","owp-btn-normal","owp-tabs-layout-horizontal","has-no-thumbnails"],"acf":[],"yoast_head":"<!-- This site is optimized with the Yoast SEO plugin v27.4 - https:\/\/yoast.com\/product\/yoast-seo-wordpress\/ -->\n<title>Terroir - Weingut Bernhard Ott<\/title>\n<meta name=\"robots\" content=\"index, follow, max-snippet:-1, max-image-preview:large, max-video-preview:-1\" \/>\n<link rel=\"canonical\" href=\"https:\/\/ott.at\/it\/terroir\/\" \/>\n<meta property=\"og:locale\" content=\"it_IT\" \/>\n<meta property=\"og:type\" content=\"article\" \/>\n<meta property=\"og:title\" content=\"Terroir - Weingut Bernhard Ott\" \/>\n<meta property=\"og:description\" content=\"[vc_row el_id=&#8221;revslider&#8221;][vc_column][\/vc_column][\/vc_row][vc_row content_placement=&#8221;middle&#8221; css=&#8221;.vc_custom_1751964420791{margin-top: 35px !important;}&#8221;][vc_column width=&#8221;1\/2&#8243;][vc_column_text css=&#8221;&#8221;] IL NOSTRO TERROIR [\/vc_column_text][vc_column_text css=&#8221;&#8221; el_class=&#8221;abrissbox hochformat&#8221;] NOI E IL VIGNETO: Autentici e non alterati. L\u2019Hengstberg di Feuerbrunn e i suoi vigneti sono unici, affascinanti nella diversit\u00e0 dei loro terroir e nella loro interezza. Ogni angolo riflette la nostra storia e quella dei nostri antenati: una vita [&hellip;]\" \/>\n<meta property=\"og:url\" content=\"https:\/\/ott.at\/it\/terroir\/\" \/>\n<meta property=\"og:site_name\" content=\"Weingut Bernhard Ott\" \/>\n<meta property=\"article:publisher\" content=\"https:\/\/www.facebook.com\/WeingutBernhardOtt\/\" \/>\n<meta property=\"article:modified_time\" content=\"2026-02-12T10:07:18+00:00\" \/>\n<script type=\"application\/ld+json\" class=\"yoast-schema-graph\">{\"@context\":\"https:\\\/\\\/schema.org\",\"@graph\":[{\"@type\":\"WebPage\",\"@id\":\"https:\\\/\\\/ott.at\\\/it\\\/terroir\\\/\",\"url\":\"https:\\\/\\\/ott.at\\\/it\\\/terroir\\\/\",\"name\":\"Terroir - Weingut Bernhard Ott\",\"isPartOf\":{\"@id\":\"https:\\\/\\\/ott.at\\\/it\\\/#website\"},\"datePublished\":\"2025-07-21T13:30:55+00:00\",\"dateModified\":\"2026-02-12T10:07:18+00:00\",\"breadcrumb\":{\"@id\":\"https:\\\/\\\/ott.at\\\/it\\\/terroir\\\/#breadcrumb\"},\"inLanguage\":\"it-IT\",\"potentialAction\":[{\"@type\":\"ReadAction\",\"target\":[\"https:\\\/\\\/ott.at\\\/it\\\/terroir\\\/\"]}]},{\"@type\":\"BreadcrumbList\",\"@id\":\"https:\\\/\\\/ott.at\\\/it\\\/terroir\\\/#breadcrumb\",\"itemListElement\":[{\"@type\":\"ListItem\",\"position\":1,\"name\":\"Startseite\",\"item\":\"https:\\\/\\\/ott.at\\\/it\\\/\"},{\"@type\":\"ListItem\",\"position\":2,\"name\":\"Terroir\"}]},{\"@type\":\"WebSite\",\"@id\":\"https:\\\/\\\/ott.at\\\/it\\\/#website\",\"url\":\"https:\\\/\\\/ott.at\\\/it\\\/\",\"name\":\"Weingut Bernhard Ott\",\"description\":\"Ein Leben in der Balance\",\"publisher\":{\"@id\":\"https:\\\/\\\/ott.at\\\/it\\\/#organization\"},\"potentialAction\":[{\"@type\":\"SearchAction\",\"target\":{\"@type\":\"EntryPoint\",\"urlTemplate\":\"https:\\\/\\\/ott.at\\\/it\\\/?s={search_term_string}\"},\"query-input\":{\"@type\":\"PropertyValueSpecification\",\"valueRequired\":true,\"valueName\":\"search_term_string\"}}],\"inLanguage\":\"it-IT\"},{\"@type\":\"Organization\",\"@id\":\"https:\\\/\\\/ott.at\\\/it\\\/#organization\",\"name\":\"Weingut Bernhard Ott\",\"url\":\"https:\\\/\\\/ott.at\\\/it\\\/\",\"logo\":{\"@type\":\"ImageObject\",\"inLanguage\":\"it-IT\",\"@id\":\"https:\\\/\\\/ott.at\\\/it\\\/#\\\/schema\\\/logo\\\/image\\\/\",\"url\":\"https:\\\/\\\/ott.at\\\/wp-content\\\/uploads\\\/2025\\\/06\\\/Weingut-Ott-Logo-mit-Punkten.svg\",\"contentUrl\":\"https:\\\/\\\/ott.at\\\/wp-content\\\/uploads\\\/2025\\\/06\\\/Weingut-Ott-Logo-mit-Punkten.svg\",\"width\":177,\"height\":64,\"caption\":\"Weingut Bernhard Ott\"},\"image\":{\"@id\":\"https:\\\/\\\/ott.at\\\/it\\\/#\\\/schema\\\/logo\\\/image\\\/\"},\"sameAs\":[\"https:\\\/\\\/www.facebook.com\\\/WeingutBernhardOtt\\\/\",\"https:\\\/\\\/www.instagram.com\\\/ott.at\\\/?hl=de\"]}]}<\/script>\n<!-- \/ Yoast SEO plugin. -->","yoast_head_json":{"title":"Terroir - Weingut Bernhard Ott","robots":{"index":"index","follow":"follow","max-snippet":"max-snippet:-1","max-image-preview":"max-image-preview:large","max-video-preview":"max-video-preview:-1"},"canonical":"https:\/\/ott.at\/it\/terroir\/","og_locale":"it_IT","og_type":"article","og_title":"Terroir - Weingut Bernhard Ott","og_description":"[vc_row el_id=&#8221;revslider&#8221;][vc_column][\/vc_column][\/vc_row][vc_row content_placement=&#8221;middle&#8221; css=&#8221;.vc_custom_1751964420791{margin-top: 35px !important;}&#8221;][vc_column width=&#8221;1\/2&#8243;][vc_column_text css=&#8221;&#8221;] IL NOSTRO TERROIR [\/vc_column_text][vc_column_text css=&#8221;&#8221; el_class=&#8221;abrissbox hochformat&#8221;] NOI E IL VIGNETO: Autentici e non alterati. L\u2019Hengstberg di Feuerbrunn e i suoi vigneti sono unici, affascinanti nella diversit\u00e0 dei loro terroir e nella loro interezza. Ogni angolo riflette la nostra storia e quella dei nostri antenati: una vita [&hellip;]","og_url":"https:\/\/ott.at\/it\/terroir\/","og_site_name":"Weingut Bernhard Ott","article_publisher":"https:\/\/www.facebook.com\/WeingutBernhardOtt\/","article_modified_time":"2026-02-12T10:07:18+00:00","schema":{"@context":"https:\/\/schema.org","@graph":[{"@type":"WebPage","@id":"https:\/\/ott.at\/it\/terroir\/","url":"https:\/\/ott.at\/it\/terroir\/","name":"Terroir - Weingut Bernhard Ott","isPartOf":{"@id":"https:\/\/ott.at\/it\/#website"},"datePublished":"2025-07-21T13:30:55+00:00","dateModified":"2026-02-12T10:07:18+00:00","breadcrumb":{"@id":"https:\/\/ott.at\/it\/terroir\/#breadcrumb"},"inLanguage":"it-IT","potentialAction":[{"@type":"ReadAction","target":["https:\/\/ott.at\/it\/terroir\/"]}]},{"@type":"BreadcrumbList","@id":"https:\/\/ott.at\/it\/terroir\/#breadcrumb","itemListElement":[{"@type":"ListItem","position":1,"name":"Startseite","item":"https:\/\/ott.at\/it\/"},{"@type":"ListItem","position":2,"name":"Terroir"}]},{"@type":"WebSite","@id":"https:\/\/ott.at\/it\/#website","url":"https:\/\/ott.at\/it\/","name":"Weingut Bernhard Ott","description":"Ein Leben in der Balance","publisher":{"@id":"https:\/\/ott.at\/it\/#organization"},"potentialAction":[{"@type":"SearchAction","target":{"@type":"EntryPoint","urlTemplate":"https:\/\/ott.at\/it\/?s={search_term_string}"},"query-input":{"@type":"PropertyValueSpecification","valueRequired":true,"valueName":"search_term_string"}}],"inLanguage":"it-IT"},{"@type":"Organization","@id":"https:\/\/ott.at\/it\/#organization","name":"Weingut Bernhard Ott","url":"https:\/\/ott.at\/it\/","logo":{"@type":"ImageObject","inLanguage":"it-IT","@id":"https:\/\/ott.at\/it\/#\/schema\/logo\/image\/","url":"https:\/\/ott.at\/wp-content\/uploads\/2025\/06\/Weingut-Ott-Logo-mit-Punkten.svg","contentUrl":"https:\/\/ott.at\/wp-content\/uploads\/2025\/06\/Weingut-Ott-Logo-mit-Punkten.svg","width":177,"height":64,"caption":"Weingut Bernhard Ott"},"image":{"@id":"https:\/\/ott.at\/it\/#\/schema\/logo\/image\/"},"sameAs":["https:\/\/www.facebook.com\/WeingutBernhardOtt\/","https:\/\/www.instagram.com\/ott.at\/?hl=de"]}]}},"_links":{"self":[{"href":"https:\/\/ott.at\/it\/wp-json\/wp\/v2\/pages\/2793","targetHints":{"allow":["GET"]}}],"collection":[{"href":"https:\/\/ott.at\/it\/wp-json\/wp\/v2\/pages"}],"about":[{"href":"https:\/\/ott.at\/it\/wp-json\/wp\/v2\/types\/page"}],"author":[{"embeddable":true,"href":"https:\/\/ott.at\/it\/wp-json\/wp\/v2\/users\/1"}],"replies":[{"embeddable":true,"href":"https:\/\/ott.at\/it\/wp-json\/wp\/v2\/comments?post=2793"}],"version-history":[{"count":7,"href":"https:\/\/ott.at\/it\/wp-json\/wp\/v2\/pages\/2793\/revisions"}],"predecessor-version":[{"id":3033,"href":"https:\/\/ott.at\/it\/wp-json\/wp\/v2\/pages\/2793\/revisions\/3033"}],"wp:attachment":[{"href":"https:\/\/ott.at\/it\/wp-json\/wp\/v2\/media?parent=2793"}],"curies":[{"name":"wp","href":"https:\/\/api.w.org\/{rel}","templated":true}]}}