{"id":2763,"date":"2025-08-13T08:26:29","date_gmt":"2025-08-13T06:26:29","guid":{"rendered":"https:\/\/ott.at\/famiglia-e-squadra\/"},"modified":"2026-02-12T11:02:55","modified_gmt":"2026-02-12T10:02:55","slug":"famiglia-e-squadra","status":"publish","type":"page","link":"https:\/\/ott.at\/it\/famiglia-e-squadra\/","title":{"rendered":"Famiglia e squadra"},"content":{"rendered":"<div class=\"wpb-content-wrapper\"><p>[vc_row el_id=&#8221;revslider&#8221;][vc_column]\n\t\t\t\t<p class=\"rs-p-wp-fix\"><\/p>\n\t\t\t\t<sr7-module data-alias=\"familie-fr-1\" data-id=\"37\" id=\"SR7_37_1\" class=\"rs-ov-hidden\" data-version=\"6.7.41\">\n\t\t\t\t\t<sr7-adjuster><\/sr7-adjuster>\n\t\t\t\t\t<sr7-content>\n\t\t\t\t\t\t<sr7-slide id=\"SR7_37_1-63\" data-key=\"63\">\n\t\t\t\t\t\t<\/sr7-slide>\n\t\t\t\t\t\t<sr7-slide id=\"SR7_37_1-64\" data-key=\"64\">\n\t\t\t\t\t\t<\/sr7-slide>\n\t\t\t\t\t<\/sr7-content>\n\t\t\t\t\t<image_lists style=\"display:none\">\n\t\t\t\t\t\t<img data-src=\"\/\/ott.at\/wp-content\/uploads\/2026\/01\/FAMIGLIA-IT.svg\" data-libid=\"3016\" data-lib=\"medialibrary\" title=\"FAMIGLIA &#8211; IT\" width=\"0\" height=\"0\" data-dbsrc=\"Ly9vdHQuYXQvd3AtY29udGVudC91cGxvYWRzLzIwMjYvMDEvRkFNSUdMSUEtSVQuc3Zn\"\/>\n\t\t\t\t\t\t<img data-src=\"\/\/ott.at\/wp-content\/uploads\/2025\/06\/Slider-Scroll-Icon.svg\" data-libid=\"41\" data-lib=\"medialibrary\" title=\"Slider &#8211; Scroll Icon\" width=\"0\" height=\"0\" data-dbsrc=\"Ly9vdHQuYXQvd3AtY29udGVudC91cGxvYWRzLzIwMjUvMDYvU2xpZGVyLVNjcm9sbC1JY29uLnN2Zw==\"\/>\n\t\t\t\t\t\t<img data-src=\"\/\/ott.at\/wp-content\/uploads\/2025\/06\/Slider-Rebe.svg\" data-libid=\"42\" data-lib=\"medialibrary\" title=\"Slider &#8211; Rebe\" width=\"0\" height=\"0\" data-dbsrc=\"Ly9vdHQuYXQvd3AtY29udGVudC91cGxvYWRzLzIwMjUvMDYvU2xpZGVyLVJlYmUuc3Zn\"\/>\n\t\t\t\t\t<\/image_lists>\n\t\t\t\t<\/sr7-module>\n\t\t\t\t<script>\n\t\t\t\t\tSR7.PMH ??={}; SR7.PMH[\"SR7_37_1\"] = {cn:100,state:false,fn: function() { if (_tpt!==undefined && _tpt.prepareModuleHeight !== undefined) {  _tpt.prepareModuleHeight({id:\"SR7_37_1\",el:[1080,1080,768,960,720],type:'hero',shdw:'0',gh:[1080,1080,768,960,720],gw:[2560,2560,1024,778,480],vpt:['-100px&#039;,&#039;-100px&#039;,&#039;-100px&#039;,&#039;-100px&#039;,&#039;-100px'],size:{fullWidth:true, fullHeight:true},fho:'',mh:'0',onh:0,onw:0,bg:{color:'{\"orig\":\"transparent\",\"type\":\"solid\",\"string\":\"transparent\"}'},googleFont:\"ignore\"});   SR7.PMH[\"SR7_37_1\"].state=true;} else if(SR7.PMH[\"SR7_37_1\"].cn-->0)\tsetTimeout( SR7.PMH[\"SR7_37_1\"].fn,19);}};SR7.PMH[\"SR7_37_1\" ].fn();\n\t\t\t\t<\/script>\n[\/vc_column][\/vc_row][vc_row content_placement=&#8221;middle&#8221; css=&#8221;.vc_custom_1751964420791{margin-top: 35px !important;}&#8221;][vc_column width=&#8221;1\/2&#8243;][vc_column_text css=&#8221;&#8221;]<\/p>\n<h1 style=\"text-align: left;\">Famiglia e squadra<\/h1>\n<p>[\/vc_column_text][vc_column_text css=&#8221;&#8221; el_class=&#8221;abrissbox hochformat&#8221;]<\/p>\n<h2>STARE INSIEME<br \/>\nPersone con una passione<\/h2>\n<p>Le origini uniscono le persone in un luogo. Se un vino \u00e8 caratterizzato dalla sua origine, porta inevitabilmente l\u2019impronta di tutti coloro che hanno contribuito alla sua creazione. Abbiamo la fortuna di avere al nostro fianco un team di 23 persone straordinarie che accompagnano i nostri vini con dedizione, competenza e passione, dalla vite al bicchiere, in alcuni casi gi\u00e0 da molti anni. Nel vigneto o nella cantina, presso i nostri clienti o in ufficio: ciascuno di loro contribuisce a rendere viva e tangibile la nostra filosofia.[\/vc_column_text][\/vc_column][vc_column width=&#8221;1\/2&#8243;][vc_single_image image=&#8221;2700&#8243; img_size=&#8221;full&#8221; alignment=&#8221;center&#8221; css=&#8221;&#8221;][\/vc_column][\/vc_row][vc_row full_width=&#8221;stretch_row_content_no_spaces&#8221;][vc_column][vc_raw_html]JTNDZGl2JTIwaWQlM0QlMjJwYXJhbGxheC1jb250YWluZXIlMjIlM0UlM0MlMkZkaXYlM0U=[\/vc_raw_html][\/vc_column][\/vc_row][vc_row][vc_column][vc_empty_space height=&#8221;50px&#8221;][\/vc_column][\/vc_row][vc_row content_placement=&#8221;middle&#8221;][vc_column width=&#8221;1\/2&#8243;][vc_column_text css=&#8221;&#8221;]<\/p>\n<h2 style=\"text-align: right;\">LA FAMIGLIA OTT<\/h2>\n<p style=\"text-align: right;\">Bernhard e Maria Ott gestiscono oggi l&#8217;azienda vinicola nella quarta generazione. I loro figli, Moritz, Laurent e Rosalie, sono pronti a plasmare il futuro dell\u2019azienda con energia e curiosit\u00e0.<\/p>\n<p style=\"text-align: right;\">Bernhard &amp; Maria<br \/>\nMoritz, Laurent &amp; Rosalie<\/p>\n<p style=\"text-align: right;\"><a href=\"mailto:bernhard@ott.at\">bernhard@ott.at<\/a><br \/>\n<a href=\"mailto:maria@ott.at\">maria@ott.at<\/a><br \/>\n<a href=\"mailto:moritz@ott.at\">moritz@ott.at<\/a><br \/>\n<a href=\"mailto:laurent@ott.at\">laurent@ott.at<\/a><\/p>\n<p style=\"text-align: right;\"><a href=\"tel:+4327382257\">+43 2738 2257<\/a><\/p>\n<p>[\/vc_column_text][\/vc_column][vc_column width=&#8221;1\/2&#8243;][vc_single_image image=&#8221;2758&#8243; img_size=&#8221;full&#8221; alignment=&#8221;center&#8221; css=&#8221;&#8221;][\/vc_column][\/vc_row][vc_row][vc_column][vc_empty_space height=&#8221;50px&#8221;][\/vc_column][\/vc_row][vc_row full_width=&#8221;stretch_row&#8221; content_placement=&#8221;middle&#8221; css=&#8221;.vc_custom_1755066862126{background-color: #FFFFFF !important;}&#8221;][vc_column width=&#8221;1\/2&#8243;][vc_single_image image=&#8221;2759&#8243; img_size=&#8221;full&#8221; alignment=&#8221;center&#8221; css=&#8221;&#8221;][\/vc_column][vc_column width=&#8221;1\/2&#8243;][vc_column_text css=&#8221;&#8221;]<\/p>\n<h2>IL NOSTRO TEAM<\/h2>\n<p>Patrick Laister<br \/>\n<strong>RESPONSABILE DELLE VENDITE I PROCURATORE I SERVIZIO ESTERNO<\/strong><br \/>\n<a href=\"tel:+43%20664%2088732406\">+43 664 88732406<\/a><strong><br \/>\n<\/strong><a href=\"mailto:patrick@ott.at\">patrick@ott.at<\/a><\/p>\n<p>Doris Hammel<br \/>\n<strong>UFFICIO I VENDITE I CONTABILIT\u00c0 <\/strong><br \/>\n<a href=\"mailto:doris@ott.at\">doris@ott.at<\/a><br \/>\n<a href=\"tel:+43%202738%202257%20212\">+43 2738 2257 212<\/a><\/p>\n<p>Nina Schibany<br \/>\n<strong>UFFICIO I VENDITE I MARKETING E MEDIA <\/strong><br \/>\n<a href=\"mailto:nina@ott.at\">nina@ott.at<\/a><br \/>\n<a href=\"tel:+43%202738%202257%20213\">+43 2738 2257 213<\/a><\/p>\n<p>Norbert Unger<br \/>\n<strong>OSPITE I VENDITE E CONSULENZA <\/strong><br \/>\n<a href=\"mailto:gastgeber@ott.at\">gastgeber@ott.at<\/a><br \/>\n<a href=\"tel:+43%20664%2088%20732%20400\">+43 664 88 732 400<\/a>[\/vc_column_text][\/vc_column][\/vc_row][vc_row][vc_column][vc_empty_space height=&#8221;50px&#8221;][\/vc_column][\/vc_row][vc_row content_placement=&#8221;middle&#8221;][vc_column width=&#8221;1\/2&#8243;][vc_column_text css=&#8221;&#8221;]<\/p>\n<h2 style=\"text-align: right;\">IL NOSTRO TEAM DI CANTINA<\/h2>\n<p style=\"text-align: right;\">Nella cantina lavorano persone che hanno affinato la loro passione e la loro esperienza nel corso di decenni. Qui, conoscenza, intuizione e decisioni precise si incastrano come ingranaggi: solo cos\u00ec \u00e8 possibile produrre vini dal carattere inconfondibile.<\/p>\n<p style=\"text-align: right;\">G\u00fcnter Weisb\u00f6ck, Alex Schenner<br \/>\n&amp; Johannes Sauer<\/p>\n<p style=\"text-align: right;\"><a href=\"tel:+43%202738%202257%20404\">+43 2738 2257 404<\/a><br \/>\n<a href=\"mailto:keller@ott.at\">keller@ott.at<\/a><\/p>\n<p>[\/vc_column_text][\/vc_column][vc_column width=&#8221;1\/2&#8243;][vc_single_image image=&#8221;2760&#8243; img_size=&#8221;full&#8221; alignment=&#8221;center&#8221; css=&#8221;&#8221;][\/vc_column][\/vc_row][vc_row][vc_column][vc_empty_space height=&#8221;50px&#8221;][\/vc_column][\/vc_row][vc_row full_width=&#8221;stretch_row&#8221; content_placement=&#8221;middle&#8221; css=&#8221;.vc_custom_1755066875936{background-color: #FFFFFF !important;}&#8221;][vc_column width=&#8221;1\/2&#8243;][vc_single_image image=&#8221;2761&#8243; img_size=&#8221;full&#8221; alignment=&#8221;center&#8221; css=&#8221;&#8221;][\/vc_column][vc_column width=&#8221;1\/2&#8243;][vc_column_text css=&#8221;&#8221;]<\/p>\n<h2>IL NOSTRO SERVIZIO ESTERNO<\/h2>\n<p>Nessuno conosce i nostri vigneti meglio di Hans e Daniel. Hanno tutto sotto controllo e prendono ogni decisione con la massima cura: persone vere, che vivono a contatto con la natura e conoscono ogni angolo della loro regione.<\/p>\n<p>Hans Bauer<br \/>\nRESPONSABILE DEL SERVIZIO ESTERNO<br \/>\n&amp; Daniel Hochauer<br \/>\n<strong>Vice-responsabile del servizio esterno<\/strong><\/p>\n<p><a href=\"tel:+43%202738%202257%20500\">+43 2738 2257 500<\/a><br \/>\n<a href=\"mailto:aussenbetrieb@ott.at\">aussenbetrieb@ott.at<\/a>[\/vc_column_text][\/vc_column][\/vc_row][vc_row content_placement=&#8221;middle&#8221;][vc_column][vc_column_text css=&#8221;&#8221;]<\/p>\n<h2>IL TEAM DEL NOSTRO VIGNETO<\/h2>\n<p>Indispensabile per noi e le nostre viti: Berni, Daniel e Moritz conoscono bene l\u2019Hengstberg e tengono sempre d\u2019occhio i vigneti. Marek e Janusz lavorano nella vigna e nella cantina da quasi 15 anni. Marius ed Elena, un duo imbattibile che ci supporta gi\u00e0 da quasi cinque anni. Mirek, il tuttofare, e Peter, il nostro specialista della potatura.<\/p>\n<p>&nbsp;<\/p>\n<h2>STRUTTURA, MAGAZZINO E CUCINA:<br \/>\nPerch\u00e9 tutti siano felici<strong><br \/>\n<\/strong><\/h2>\n<p>Il prezioso supporto dietro le quinte: Romana e Natalia, che si occupano della pulizia in maniera affidabile, con un occhio sempre attento ai dettagli. Christian, che tiene traccia di tutto ci\u00f2 che c&#8217;\u00e8 in magazzino, affinch\u00e9 i nostri vini arrivino fino a voi. E la nostra cara Andrea, che ogni giorno ci prepara piatti freschi.[\/vc_column_text][\/vc_column][\/vc_row][vc_row full_width=&#8221;stretch_row_content_no_spaces&#8221;][vc_column][vc_single_image image=&#8221;2762&#8243; img_size=&#8221;full&#8221; alignment=&#8221;center&#8221; css=&#8221;&#8221;][\/vc_column][\/vc_row]<\/p>\n<\/div>","protected":false},"excerpt":{"rendered":"<p>[vc_row el_id=&#8221;revslider&#8221;][vc_column][\/vc_column][\/vc_row][vc_row content_placement=&#8221;middle&#8221; css=&#8221;.vc_custom_1751964420791{margin-top: 35px !important;}&#8221;][vc_column width=&#8221;1\/2&#8243;][vc_column_text css=&#8221;&#8221;] Famiglia e squadra [\/vc_column_text][vc_column_text css=&#8221;&#8221; el_class=&#8221;abrissbox hochformat&#8221;] STARE INSIEME Persone con una passione Le origini uniscono le persone in un luogo. Se un vino \u00e8 caratterizzato dalla sua origine, porta inevitabilmente l\u2019impronta di tutti coloro che hanno contribuito alla sua creazione. Abbiamo la fortuna di avere al [&hellip;]<\/p>\n","protected":false},"author":1,"featured_media":0,"parent":0,"menu_order":0,"comment_status":"closed","ping_status":"closed","template":"","meta":{"_acf_changed":false,"inline_featured_image":false,"ocean_post_layout":"","ocean_both_sidebars_style":"","ocean_both_sidebars_content_width":0,"ocean_both_sidebars_sidebars_width":0,"ocean_sidebar":"0","ocean_second_sidebar":"0","ocean_disable_margins":"enable","ocean_add_body_class":"","ocean_shortcode_before_top_bar":"","ocean_shortcode_after_top_bar":"","ocean_shortcode_before_header":"","ocean_shortcode_after_header":"","ocean_has_shortcode":"","ocean_shortcode_after_title":"","ocean_shortcode_before_footer_widgets":"","ocean_shortcode_after_footer_widgets":"","ocean_shortcode_before_footer_bottom":"","ocean_shortcode_after_footer_bottom":"","ocean_display_top_bar":"default","ocean_display_header":"default","ocean_header_style":"","ocean_center_header_left_menu":"0","ocean_custom_header_template":"0","ocean_custom_logo":0,"ocean_custom_retina_logo":0,"ocean_custom_logo_max_width":0,"ocean_custom_logo_tablet_max_width":0,"ocean_custom_logo_mobile_max_width":0,"ocean_custom_logo_max_height":0,"ocean_custom_logo_tablet_max_height":0,"ocean_custom_logo_mobile_max_height":0,"ocean_header_custom_menu":"0","ocean_menu_typo_font_family":"0","ocean_menu_typo_font_subset":"","ocean_menu_typo_font_size":0,"ocean_menu_typo_font_size_tablet":0,"ocean_menu_typo_font_size_mobile":0,"ocean_menu_typo_font_size_unit":"px","ocean_menu_typo_font_weight":"","ocean_menu_typo_font_weight_tablet":"","ocean_menu_typo_font_weight_mobile":"","ocean_menu_typo_transform":"","ocean_menu_typo_transform_tablet":"","ocean_menu_typo_transform_mobile":"","ocean_menu_typo_line_height":0,"ocean_menu_typo_line_height_tablet":0,"ocean_menu_typo_line_height_mobile":0,"ocean_menu_typo_line_height_unit":"","ocean_menu_typo_spacing":0,"ocean_menu_typo_spacing_tablet":0,"ocean_menu_typo_spacing_mobile":0,"ocean_menu_typo_spacing_unit":"","ocean_menu_link_color":"","ocean_menu_link_color_hover":"","ocean_menu_link_color_active":"","ocean_menu_link_background":"","ocean_menu_link_hover_background":"","ocean_menu_link_active_background":"","ocean_menu_social_links_bg":"","ocean_menu_social_hover_links_bg":"","ocean_menu_social_links_color":"","ocean_menu_social_hover_links_color":"","ocean_disable_title":"default","ocean_disable_heading":"default","ocean_post_title":"","ocean_post_subheading":"","ocean_post_title_style":"","ocean_post_title_background_color":"","ocean_post_title_background":0,"ocean_post_title_bg_image_position":"","ocean_post_title_bg_image_attachment":"","ocean_post_title_bg_image_repeat":"","ocean_post_title_bg_image_size":"","ocean_post_title_height":0,"ocean_post_title_bg_overlay":0.5,"ocean_post_title_bg_overlay_color":"","ocean_disable_breadcrumbs":"default","ocean_breadcrumbs_color":"","ocean_breadcrumbs_separator_color":"","ocean_breadcrumbs_links_color":"","ocean_breadcrumbs_links_hover_color":"","ocean_display_footer_widgets":"default","ocean_display_footer_bottom":"default","ocean_custom_footer_template":"0","footnotes":""},"class_list":["post-2763","page","type-page","status-publish","hentry","entry","owp-thumbs-layout-horizontal","owp-btn-normal","owp-tabs-layout-horizontal","has-no-thumbnails"],"acf":[],"yoast_head":"<!-- This site is optimized with the Yoast SEO plugin v27.4 - https:\/\/yoast.com\/product\/yoast-seo-wordpress\/ -->\n<title>Famiglia e squadra - Weingut Bernhard Ott<\/title>\n<meta name=\"robots\" content=\"index, follow, max-snippet:-1, max-image-preview:large, max-video-preview:-1\" \/>\n<link rel=\"canonical\" href=\"https:\/\/ott.at\/it\/famiglia-e-squadra\/\" \/>\n<meta property=\"og:locale\" content=\"it_IT\" \/>\n<meta property=\"og:type\" content=\"article\" \/>\n<meta property=\"og:title\" content=\"Famiglia e squadra - Weingut Bernhard Ott\" \/>\n<meta property=\"og:description\" content=\"[vc_row el_id=&#8221;revslider&#8221;][vc_column][\/vc_column][\/vc_row][vc_row content_placement=&#8221;middle&#8221; css=&#8221;.vc_custom_1751964420791{margin-top: 35px !important;}&#8221;][vc_column width=&#8221;1\/2&#8243;][vc_column_text css=&#8221;&#8221;] Famiglia e squadra [\/vc_column_text][vc_column_text css=&#8221;&#8221; el_class=&#8221;abrissbox hochformat&#8221;] STARE INSIEME Persone con una passione Le origini uniscono le persone in un luogo. Se un vino \u00e8 caratterizzato dalla sua origine, porta inevitabilmente l\u2019impronta di tutti coloro che hanno contribuito alla sua creazione. Abbiamo la fortuna di avere al [&hellip;]\" \/>\n<meta property=\"og:url\" content=\"https:\/\/ott.at\/it\/famiglia-e-squadra\/\" \/>\n<meta property=\"og:site_name\" content=\"Weingut Bernhard Ott\" \/>\n<meta property=\"article:publisher\" content=\"https:\/\/www.facebook.com\/WeingutBernhardOtt\/\" \/>\n<meta property=\"article:modified_time\" content=\"2026-02-12T10:02:55+00:00\" \/>\n<script type=\"application\/ld+json\" class=\"yoast-schema-graph\">{\"@context\":\"https:\\\/\\\/schema.org\",\"@graph\":[{\"@type\":\"WebPage\",\"@id\":\"https:\\\/\\\/ott.at\\\/it\\\/famiglia-e-squadra\\\/\",\"url\":\"https:\\\/\\\/ott.at\\\/it\\\/famiglia-e-squadra\\\/\",\"name\":\"Famiglia e squadra - Weingut Bernhard Ott\",\"isPartOf\":{\"@id\":\"https:\\\/\\\/ott.at\\\/it\\\/#website\"},\"datePublished\":\"2025-08-13T06:26:29+00:00\",\"dateModified\":\"2026-02-12T10:02:55+00:00\",\"breadcrumb\":{\"@id\":\"https:\\\/\\\/ott.at\\\/it\\\/famiglia-e-squadra\\\/#breadcrumb\"},\"inLanguage\":\"it-IT\",\"potentialAction\":[{\"@type\":\"ReadAction\",\"target\":[\"https:\\\/\\\/ott.at\\\/it\\\/famiglia-e-squadra\\\/\"]}]},{\"@type\":\"BreadcrumbList\",\"@id\":\"https:\\\/\\\/ott.at\\\/it\\\/famiglia-e-squadra\\\/#breadcrumb\",\"itemListElement\":[{\"@type\":\"ListItem\",\"position\":1,\"name\":\"Startseite\",\"item\":\"https:\\\/\\\/ott.at\\\/it\\\/\"},{\"@type\":\"ListItem\",\"position\":2,\"name\":\"Famiglia e squadra\"}]},{\"@type\":\"WebSite\",\"@id\":\"https:\\\/\\\/ott.at\\\/it\\\/#website\",\"url\":\"https:\\\/\\\/ott.at\\\/it\\\/\",\"name\":\"Weingut Bernhard Ott\",\"description\":\"Ein Leben in der Balance\",\"publisher\":{\"@id\":\"https:\\\/\\\/ott.at\\\/it\\\/#organization\"},\"potentialAction\":[{\"@type\":\"SearchAction\",\"target\":{\"@type\":\"EntryPoint\",\"urlTemplate\":\"https:\\\/\\\/ott.at\\\/it\\\/?s={search_term_string}\"},\"query-input\":{\"@type\":\"PropertyValueSpecification\",\"valueRequired\":true,\"valueName\":\"search_term_string\"}}],\"inLanguage\":\"it-IT\"},{\"@type\":\"Organization\",\"@id\":\"https:\\\/\\\/ott.at\\\/it\\\/#organization\",\"name\":\"Weingut Bernhard Ott\",\"url\":\"https:\\\/\\\/ott.at\\\/it\\\/\",\"logo\":{\"@type\":\"ImageObject\",\"inLanguage\":\"it-IT\",\"@id\":\"https:\\\/\\\/ott.at\\\/it\\\/#\\\/schema\\\/logo\\\/image\\\/\",\"url\":\"https:\\\/\\\/ott.at\\\/wp-content\\\/uploads\\\/2025\\\/06\\\/Weingut-Ott-Logo-mit-Punkten.svg\",\"contentUrl\":\"https:\\\/\\\/ott.at\\\/wp-content\\\/uploads\\\/2025\\\/06\\\/Weingut-Ott-Logo-mit-Punkten.svg\",\"width\":177,\"height\":64,\"caption\":\"Weingut Bernhard Ott\"},\"image\":{\"@id\":\"https:\\\/\\\/ott.at\\\/it\\\/#\\\/schema\\\/logo\\\/image\\\/\"},\"sameAs\":[\"https:\\\/\\\/www.facebook.com\\\/WeingutBernhardOtt\\\/\",\"https:\\\/\\\/www.instagram.com\\\/ott.at\\\/?hl=de\"]}]}<\/script>\n<!-- \/ Yoast SEO plugin. -->","yoast_head_json":{"title":"Famiglia e squadra - Weingut Bernhard Ott","robots":{"index":"index","follow":"follow","max-snippet":"max-snippet:-1","max-image-preview":"max-image-preview:large","max-video-preview":"max-video-preview:-1"},"canonical":"https:\/\/ott.at\/it\/famiglia-e-squadra\/","og_locale":"it_IT","og_type":"article","og_title":"Famiglia e squadra - Weingut Bernhard Ott","og_description":"[vc_row el_id=&#8221;revslider&#8221;][vc_column][\/vc_column][\/vc_row][vc_row content_placement=&#8221;middle&#8221; css=&#8221;.vc_custom_1751964420791{margin-top: 35px !important;}&#8221;][vc_column width=&#8221;1\/2&#8243;][vc_column_text css=&#8221;&#8221;] Famiglia e squadra [\/vc_column_text][vc_column_text css=&#8221;&#8221; el_class=&#8221;abrissbox hochformat&#8221;] STARE INSIEME Persone con una passione Le origini uniscono le persone in un luogo. Se un vino \u00e8 caratterizzato dalla sua origine, porta inevitabilmente l\u2019impronta di tutti coloro che hanno contribuito alla sua creazione. Abbiamo la fortuna di avere al [&hellip;]","og_url":"https:\/\/ott.at\/it\/famiglia-e-squadra\/","og_site_name":"Weingut Bernhard Ott","article_publisher":"https:\/\/www.facebook.com\/WeingutBernhardOtt\/","article_modified_time":"2026-02-12T10:02:55+00:00","schema":{"@context":"https:\/\/schema.org","@graph":[{"@type":"WebPage","@id":"https:\/\/ott.at\/it\/famiglia-e-squadra\/","url":"https:\/\/ott.at\/it\/famiglia-e-squadra\/","name":"Famiglia e squadra - Weingut Bernhard Ott","isPartOf":{"@id":"https:\/\/ott.at\/it\/#website"},"datePublished":"2025-08-13T06:26:29+00:00","dateModified":"2026-02-12T10:02:55+00:00","breadcrumb":{"@id":"https:\/\/ott.at\/it\/famiglia-e-squadra\/#breadcrumb"},"inLanguage":"it-IT","potentialAction":[{"@type":"ReadAction","target":["https:\/\/ott.at\/it\/famiglia-e-squadra\/"]}]},{"@type":"BreadcrumbList","@id":"https:\/\/ott.at\/it\/famiglia-e-squadra\/#breadcrumb","itemListElement":[{"@type":"ListItem","position":1,"name":"Startseite","item":"https:\/\/ott.at\/it\/"},{"@type":"ListItem","position":2,"name":"Famiglia e squadra"}]},{"@type":"WebSite","@id":"https:\/\/ott.at\/it\/#website","url":"https:\/\/ott.at\/it\/","name":"Weingut Bernhard Ott","description":"Ein Leben in der Balance","publisher":{"@id":"https:\/\/ott.at\/it\/#organization"},"potentialAction":[{"@type":"SearchAction","target":{"@type":"EntryPoint","urlTemplate":"https:\/\/ott.at\/it\/?s={search_term_string}"},"query-input":{"@type":"PropertyValueSpecification","valueRequired":true,"valueName":"search_term_string"}}],"inLanguage":"it-IT"},{"@type":"Organization","@id":"https:\/\/ott.at\/it\/#organization","name":"Weingut Bernhard Ott","url":"https:\/\/ott.at\/it\/","logo":{"@type":"ImageObject","inLanguage":"it-IT","@id":"https:\/\/ott.at\/it\/#\/schema\/logo\/image\/","url":"https:\/\/ott.at\/wp-content\/uploads\/2025\/06\/Weingut-Ott-Logo-mit-Punkten.svg","contentUrl":"https:\/\/ott.at\/wp-content\/uploads\/2025\/06\/Weingut-Ott-Logo-mit-Punkten.svg","width":177,"height":64,"caption":"Weingut Bernhard Ott"},"image":{"@id":"https:\/\/ott.at\/it\/#\/schema\/logo\/image\/"},"sameAs":["https:\/\/www.facebook.com\/WeingutBernhardOtt\/","https:\/\/www.instagram.com\/ott.at\/?hl=de"]}]}},"_links":{"self":[{"href":"https:\/\/ott.at\/it\/wp-json\/wp\/v2\/pages\/2763","targetHints":{"allow":["GET"]}}],"collection":[{"href":"https:\/\/ott.at\/it\/wp-json\/wp\/v2\/pages"}],"about":[{"href":"https:\/\/ott.at\/it\/wp-json\/wp\/v2\/types\/page"}],"author":[{"embeddable":true,"href":"https:\/\/ott.at\/it\/wp-json\/wp\/v2\/users\/1"}],"replies":[{"embeddable":true,"href":"https:\/\/ott.at\/it\/wp-json\/wp\/v2\/comments?post=2763"}],"version-history":[{"count":9,"href":"https:\/\/ott.at\/it\/wp-json\/wp\/v2\/pages\/2763\/revisions"}],"predecessor-version":[{"id":3031,"href":"https:\/\/ott.at\/it\/wp-json\/wp\/v2\/pages\/2763\/revisions\/3031"}],"wp:attachment":[{"href":"https:\/\/ott.at\/it\/wp-json\/wp\/v2\/media?parent=2763"}],"curies":[{"name":"wp","href":"https:\/\/api.w.org\/{rel}","templated":true}]}}