{"id":2705,"date":"2025-06-24T15:09:30","date_gmt":"2025-06-24T13:09:30","guid":{"rendered":"https:\/\/ott.at\/startseite\/"},"modified":"2026-02-12T11:00:56","modified_gmt":"2026-02-12T10:00:56","slug":"startseite","status":"publish","type":"page","link":"https:\/\/ott.at\/it\/","title":{"rendered":"Startseite"},"content":{"rendered":"<div class=\"wpb-content-wrapper\"><p>[vc_row el_id=&#8221;revslider&#8221;][vc_column]\n\t\t\t\t<p class=\"rs-p-wp-fix\"><\/p>\n\t\t\t\t<sr7-module data-alias=\"englisch-home-1\" data-id=\"28\" id=\"SR7_28_1\" class=\"rs-ov-hidden\" data-version=\"6.7.41\">\n\t\t\t\t\t<sr7-adjuster><\/sr7-adjuster>\n\t\t\t\t\t<sr7-content>\n\t\t\t\t\t\t<sr7-slide id=\"SR7_28_1-49\" data-key=\"49\">\n\t\t\t\t\t\t<\/sr7-slide>\n\t\t\t\t\t\t<sr7-slide id=\"SR7_28_1-50\" data-key=\"50\">\n\t\t\t\t\t\t<\/sr7-slide>\n\t\t\t\t\t<\/sr7-content>\n\t\t\t\t\t<image_lists style=\"display:none\">\n\t\t\t\t\t\t<img data-src=\"\/\/ott.at\/wp-content\/uploads\/2025\/06\/Weingut-Ott-Logo.png\" data-libid=\"31\" data-lib=\"medialibrary\" title=\"Weingut Ott Logo\" width=\"0\" height=\"0\" data-dbsrc=\"Ly9vdHQuYXQvd3AtY29udGVudC91cGxvYWRzLzIwMjUvMDYvV2Vpbmd1dC1PdHQtTG9nby5wbmc=\"\/>\n\t\t\t\t\t\t<img data-src=\"\/\/ott.at\/wp-content\/uploads\/2025\/11\/terroir_home_svg.png\" data-libid=\"1566\" data-lib=\"medialibrary\" title=\"terroir_home_svg\" width=\"0\" height=\"0\" data-dbsrc=\"Ly9vdHQuYXQvd3AtY29udGVudC91cGxvYWRzLzIwMjUvMTEvdGVycm9pcl9ob21lX3N2Zy5wbmc=\"\/>\n\t\t\t\t\t\t<img data-src=\"\/\/ott.at\/wp-content\/uploads\/2026\/01\/slider_famiglia.png\" data-libid=\"1973\" data-lib=\"medialibrary\" alt=\"famiglia\" title=\"famiglia\" width=\"0\" height=\"0\" data-dbsrc=\"Ly9vdHQuYXQvd3AtY29udGVudC91cGxvYWRzLzIwMjYvMDEvc2xpZGVyX2ZhbWlnbGlhLnBuZw==\"\/>\n\t\t\t\t\t\t<img data-src=\"\/\/ott.at\/wp-content\/uploads\/2026\/01\/slider_filosofia.png\" data-libid=\"1976\" data-lib=\"medialibrary\" alt=\"filosofia\" title=\"filosofia\" width=\"0\" height=\"0\" data-dbsrc=\"Ly9vdHQuYXQvd3AtY29udGVudC91cGxvYWRzLzIwMjYvMDEvc2xpZGVyX2ZpbG9zb2ZpYS5wbmc=\"\/>\n\t\t\t\t\t\t<img data-src=\"\/\/ott.at\/wp-content\/uploads\/2026\/01\/slider_doveacquistare.png\" data-libid=\"1972\" data-lib=\"medialibrary\" alt=\"doveacquistare\" title=\"doveacquistare\" width=\"0\" height=\"0\" data-dbsrc=\"Ly9vdHQuYXQvd3AtY29udGVudC91cGxvYWRzLzIwMjYvMDEvc2xpZGVyX2RvdmVhY3F1aXN0YXJlLnBuZw==\"\/>\n\t\t\t\t\t\t<img data-src=\"\/\/ott.at\/wp-content\/uploads\/2025\/06\/Slider-Scroll-Icon.svg\" data-libid=\"41\" data-lib=\"medialibrary\" title=\"Slider &#8211; Scroll Icon\" width=\"0\" height=\"0\" data-dbsrc=\"Ly9vdHQuYXQvd3AtY29udGVudC91cGxvYWRzLzIwMjUvMDYvU2xpZGVyLVNjcm9sbC1JY29uLnN2Zw==\"\/>\n\t\t\t\t\t\t<img data-src=\"\/\/ott.at\/wp-content\/uploads\/2025\/06\/Slider-Rebe.svg\" data-libid=\"42\" data-lib=\"medialibrary\" title=\"Slider &#8211; Rebe\" width=\"0\" height=\"0\" data-dbsrc=\"Ly9vdHQuYXQvd3AtY29udGVudC91cGxvYWRzLzIwMjUvMDYvU2xpZGVyLVJlYmUuc3Zn\"\/>\n\t\t\t\t\t<\/image_lists>\n\t\t\t\t<\/sr7-module>\n\t\t\t\t<script>\n\t\t\t\t\tSR7.PMH ??={}; SR7.PMH[\"SR7_28_1\"] = {cn:100,state:false,fn: function() { if (_tpt!==undefined && _tpt.prepareModuleHeight !== undefined) {  _tpt.prepareModuleHeight({id:\"SR7_28_1\",el:[1080,1080,768,960,720],type:'hero',shdw:'0',gh:[1080,1080,768,960,720],gw:[2560,2560,1024,778,480],vpt:['-100px&#039;,&#039;-100px&#039;,&#039;-100px&#039;,&#039;-100px&#039;,&#039;-100px'],size:{fullWidth:true, fullHeight:true},fho:'',mh:'0',onh:0,onw:0,bg:{color:'{\"orig\":\"transparent\",\"type\":\"solid\",\"string\":\"transparent\"}'},googleFont:\"ignore\"});   SR7.PMH[\"SR7_28_1\"].state=true;} else if(SR7.PMH[\"SR7_28_1\"].cn-->0)\tsetTimeout( SR7.PMH[\"SR7_28_1\"].fn,19);}};SR7.PMH[\"SR7_28_1\" ].fn();\n\t\t\t\t<\/script>\n[\/vc_column][\/vc_row][vc_row content_placement=&#8221;middle&#8221; css=&#8221;.vc_custom_1759152734063{border-top-width: 35px !important;}&#8221; el_id=&#8221;intro-row&#8221;][vc_column width=&#8221;1\/2&#8243;][vc_column_text css=&#8221;&#8221;]<\/p>\n<h1 style=\"text-align: left;\">Weingut Ott<\/h1>\n<p>[\/vc_column_text][vc_column_text css=&#8221;&#8221; el_class=&#8221;abrissbox hochformat&#8221;]<\/p>\n<h2>Una vita in equilibrio.<\/h2>\n<p>Dal 1889, esploriamo e viviamo il nostro terroir ai piedi e nei dintorni dell\u2019Hengstberg a Feuersbrunn nel Wagram: al ritmo della natura, con rispetto e umilt\u00e0 nei confronti della tradizione. Lo facciamo per noi, per i nostri discendenti, e per la profonda convinzione che in questo modo possiamo vivere la nostra autonomia e preservarla. Oggi siamo orgogliosi della qualit\u00e0 e dell\u2019equilibrio dei nostri vigneti, che ci permettono di esprimere la nostra origine in modo autentico e inconfondibile.[\/vc_column_text][\/vc_column][vc_column width=&#8221;1\/2&#8243;][vc_single_image image=&#8221;2700&#8243; img_size=&#8221;full&#8221; alignment=&#8221;center&#8221; css=&#8221;&#8221;][\/vc_column][\/vc_row][vc_row full_width=&#8221;stretch_row_content_no_spaces&#8221; el_id=&#8221;parallax-row&#8221;][vc_column][vc_raw_html css=&#8221;&#8221;]JTNDZGl2JTIwaWQlM0QlMjJwYXJhbGxheC1jb250YWluZXIlMjIlM0UlMEQlMEElMjAlMjAlM0NkaXYlMjBjbGFzcyUzRCUyMm1hcmtlciUyMG1hcmtlci13ZWluZ2FydGVuJTIyJTIwdGl0bGUlM0QlMjJJbSUyMFdlaW5nYXJ0ZW4lMjIlM0UlMEQlMEElMjAlMjAlMjAlMjAlMjAlMjAlM0NhJTIwaHJlZiUzRCUyMiUyRml0JTJGdGVycm9pciUyRiUyMiUzRSUwRCUwQSUyMCUyMCUyMCUyMCUyMCUyMCUyMCUyMCUzQ2klMjBjbGFzcyUzRCUyMmZhLXNvbGlkJTIwZmEtY2hldnJvbi1yaWdodCUyMiUzRSUzQyUyRmklM0UlMjBOZWwlMjB2aWduZXRvJTBEJTBBJTIwJTIwJTIwJTIwJTIwJTIwJTNDJTJGYSUzRSUwRCUwQSUyMCUyMCUzQyUyRmRpdiUzRSUwRCUwQSUyMCUyMCUzQ2RpdiUyMGNsYXNzJTNEJTIybWFya2VyJTIwbWFya2VyLWFiLWhvZi12ZXJrYXVmJTIyJTIwdGl0bGUlM0QlMjJBYi1Ib2YtVmVya2F1ZiUyMiUzRSUwRCUwQSUyMCUyMCUyMCUyMCUyMCUyMCUzQ2ElMjBocmVmJTNEJTIyJTIzYWItaG9mLXZlcmthdWYlMjIlM0UlMEQlMEElMjAlMjAlMjAlMjAlMjAlMjAlMjAlMjAlMjAlMjAlM0NpJTIwY2xhc3MlM0QlMjJmYS1zb2xpZCUyMGZhLWNoZXZyb24tcmlnaHQlMjIlM0UlM0MlMkZpJTNFJTIwRW5vdGVjYSUwRCUwQSUyMCUyMCUyMCUyMCUyMCUyMCUzQyUyRmElM0UlMEQlMEElMjAlMjAlM0MlMkZkaXYlM0UlMEQlMEElMjAlMjAlM0NkaXYlMjBjbGFzcyUzRCUyMm1hcmtlciUyMG1hcmtlci11bnNlcmUtd2VpbmUlMjIlMjB0aXRsZSUzRCUyMlVuc2VyZSUyMFdlaW5lJTIyJTNFJTBEJTBBJTIwJTIwJTIwJTIwJTIwJTIwJTNDYSUyMGhyZWYlM0QlMjIlMkZpdCUyRmRvdmUtYWNxdWlzdGFyZSUyRiUyMiUzRSUyMCUwRCUwQSUyMCUyMCUyMCUyMCUyMCUyMCUyMCUyMCUzQ2klMjBjbGFzcyUzRCUyMmZhLXNvbGlkJTIwZmEtY2hldnJvbi1yaWdodCUyMiUzRSUzQyUyRmklM0UlMjBEb3ZlJTIwYWNxdWlzdGFyZSUwRCUwQSUyMCUyMCUyMCUyMCUyMCUyMCUzQyUyRmElM0UlMEQlMEElMjAlMjAlM0MlMkZkaXYlM0UlMEQlMEElM0MlMkZkaXYlM0U=[\/vc_raw_html][\/vc_column][\/vc_row][vc_row content_placement=&#8221;middle&#8221; el_id=&#8221;ab-hof-verkauf&#8221;][vc_column width=&#8221;1\/3&#8243;][vc_single_image image=&#8221;2701&#8243; img_size=&#8221;full&#8221; alignment=&#8221;right&#8221; css=&#8221;&#8221; el_id=&#8221;home-ab-hof-img&#8221;][\/vc_column][vc_column width=&#8221;2\/3&#8243;][vc_column_text css=&#8221;&#8221; el_class=&#8221;abrissbox querformat&#8221;]<\/p>\n<h2>Vendita diretta: Gustare il vino nel suo luogo di origine<\/h2>\n<p>La nostra azienda vinicola sorge nel cuore di Feuersbrunn nel Wagram, in una delle pi\u00f9 antiche e importanti regioni vinicole della Bassa Austria. Qui, dove i nostri vini vengono prodotti artigianalmente e lasciati maturare in tranquillit\u00e0, vi invitiamo a conoscerci e a degustarli. Nei nostri orari di apertura o su appuntamento.[\/vc_column_text][vc_row_inner][vc_column_inner width=&#8221;1\/2&#8243;][vc_column_text css=&#8221;&#8221;]<\/p>\n<h3 style=\"text-align: center;\">VENDITA DIRETTA<\/h3>\n<p style=\"text-align: center;\">Weingut Bernhard Ott<br \/>\nNeufang 36<br \/>\n3483 Feuersbrunn<br \/>\n<a href=\"tel:+4327382257\">+43 2738 2257<\/a> \u2022 <a href=\"mailto:abhof@ott.at\">abhof@ott.at<\/a><br \/>\n<a href=\"https:\/\/maps.app.goo.gl\/VAzgBaEySpXxuF9m6\" target=\"_blank\" rel=\"noopener\">Google Maps<\/a> \u2022 <a href=\"https:\/\/maps.apple\/p\/Wm-hiRiFj3F_Pk\" target=\"_blank\" rel=\"noopener\">Apple Maps<\/a><\/p>\n<p>[\/vc_column_text][\/vc_column_inner][vc_column_inner width=&#8221;1\/2&#8243;][vc_column_text css=&#8221;&#8221;]<\/p>\n<h3 style=\"text-align: center;\">ORARI DI APERTURA<\/h3>\n<p style=\"text-align: center;\">Luned\u00ec &#8211; Venerd\u00ec: 8:00 \u2013 12:00 e 13:00 \u2013 17:00<br \/>\nInoltre, da aprile a ottobre<br \/>\nSabato: 10:00 \u2013 17:00<br \/>\nDomenica e festivi: 10:00 \u2013 15:00<\/p>\n<p style=\"text-align: center;\">Saremo lieti di ricevere la vostra prenotazione!<\/p>\n<p>[\/vc_column_text][\/vc_column_inner][\/vc_row_inner][\/vc_column][\/vc_row][vc_row disable_element=&#8221;yes&#8221;][vc_column][vc_empty_space height=&#8221;50px&#8221;][\/vc_column][\/vc_row][vc_row disable_element=&#8221;yes&#8221;][vc_column][vc_column_text css=&#8221;&#8221; el_id=&#8221;news-heading&#8221;]<\/p>\n<h2 style=\"text-align: left;\">NOTIZIE<\/h2>\n<p>[\/vc_column_text][vc_row_inner content_placement=&#8221;middle&#8221; disable_element=&#8221;yes&#8221; css=&#8221;.vc_custom_1767858520379{background-color: #FFFFFF !important;}&#8221; el_class=&#8221;news-row&#8221;][vc_column_inner width=&#8221;1\/3&#8243;][vc_single_image image=&#8221;2702&#8243; img_size=&#8221;full&#8221; alignment=&#8221;center&#8221; css=&#8221;&#8221;][\/vc_column_inner][vc_column_inner width=&#8221;2\/3&#8243;][vc_column_text css=&#8221;&#8221;]<\/p>\n<h3>ORARI DI APERTURA SUPPLEMENTARI FINO ALLA FINE DELL&#8217;ANNO<\/h3>\n<p>&nbsp;<\/p>\n<p style=\"text-align: left;\">Le festivit\u00e0 natalizie sono alle porte. Come di consueto, saremo a vostra disposizione dal luned\u00ec al venerd\u00ec dalle <strong>08:00 alle 12:00 e dalle 13:00 alle 17:00<\/strong>. Inoltre, fino alla fine dell&#8217;anno saremo aperti nei seguenti giorni:<\/p>\n<p style=\"text-align: center;\">Sabato 6 dicembre: dalle 10:00 alle 17:00<br \/>\nDomenica 7 dicembre: dalle 10:00 alle 15:00<br \/>\nLuned\u00ec 8 dicembre: dalle 10:00 alle 17:00<br \/>\nSabato 20 dicembre: dalle 10:00 alle 17:00<\/p>\n<p><em>Dal <strong>24 dicembre saremo in vacanza per le festivit\u00e0 natalizie,<\/strong> dopodich\u00e9 torneremo operativi come di consueto dal 7 gennaio. Gli ordini effettuati sul nostro <strong>negozio online<\/strong> saranno spediti il <strong>22 dicembr<\/strong>e e il <strong>29 dicembre<\/strong>, cos\u00ec potrete superare il periodo tra le festivit\u00e0.<\/em>[\/vc_column_text][vc_btn title=&#8221;&gt; ALLA CANTINA&#8221; css=&#8221;&#8221; link=&#8221;url:https%3A%2F%2Fshare.google%2FYpo4veRrf91BoQWsx|target:_blank|&#8221; el_class=&#8221;ott-nav-btn&#8221;][\/vc_column_inner][\/vc_row_inner][vc_row_inner content_placement=&#8221;middle&#8221; css=&#8221;.vc_custom_1764833841469{background-color: #FFFFFF !important;}&#8221; el_class=&#8221;news-row&#8221;][vc_column_inner width=&#8221;2\/3&#8243;][vc_column_text css=&#8221;&#8221;]<\/p>\n<h3>A la Carte Migliori valutazioni<br \/>\nI primi vigneti Annata 2023<\/h3>\n<p>Da oltre 20 anni lavoriamo con costanza alla nostra idea di Gr\u00fcner Veltliner e anno dopo anno abbiamo continuato a evolverci. Le prime degustazioni dell&#8217;annata 2023 sono straordinarie. Il feedback? Una chiara conferma della validit\u00e0 del nostro percorso.<\/p>\n<p>Nell&#8217;attuale degustazione \u00e0 la carte, i nostri vini di prima qualit\u00e0 sono tra i Gr\u00fcner Veltliner pi\u00f9 apprezzati dell&#8217;Austria: 100 punti per <a href=\"https:\/\/ott.at\/it\/vini\/ried-rosenberg-feuersbrunn\/\">ROSENBERG <\/a>e 98 punti ciascuno per <a href=\"https:\/\/ott.at\/it\/vini\/ried-spiegel-feuersbrunn\/\">SPIEGEL <\/a>e <a href=\"https:\/\/ott.at\/it\/vini\/ried-stein-engabrunn\/\">STEIN<\/a>.[\/vc_column_text][vc_btn title=&#8221;&gt; LEGGI L&#8217;ARTICOLO&#8221; css=&#8221;&#8221; link=&#8221;url:%20%20https%3A%2F%2Falacarte.at%2Ftrinken%2Fgruener-veltliner-2023-gehaltvoll-reserve%2F|target:_blank|&#8221; el_class=&#8221;ott-nav-btn&#8221;][\/vc_column_inner][vc_column_inner width=&#8221;1\/3&#8243;][vc_single_image image=&#8221;2703&#8243; img_size=&#8221;full&#8221; alignment=&#8221;center&#8221; css=&#8221;&#8221;][\/vc_column_inner][\/vc_row_inner][vc_row_inner content_placement=&#8221;middle&#8221; css=&#8221;.vc_custom_1767858525643{background-color: #FFFFFF !important;}&#8221; el_class=&#8221;news-row&#8221;][vc_column_inner width=&#8221;1\/3&#8243;][vc_raw_html]JTVCcHJlc3RvX3BsYXllciUyMGlkJTNEMTE3NyU1RA==[\/vc_raw_html][\/vc_column_inner][vc_column_inner width=&#8221;2\/3&#8243;][vc_column_text css=&#8221;&#8221;]<\/p>\n<h3>DAL VIGNETO<\/h3>\n<p>Bernhard offre alcune anticipazioni sulla nuova annata. Le viti stanno crescendo rigogliose: notti fresche, uva sana e l&#8217;attesa di una vendemmia grandiosa caratterizzano l&#8217;atmosfera. Nel nuovo video, Bernhard racconta direttamente dal vigneto perch\u00e9 il 2025 ha il potenziale per diventare una grande annata.[\/vc_column_text][vc_btn title=&#8221;&gt; GUARDA SU YOUTUBE&#8221; css=&#8221;&#8221; link=&#8221;url:https%3A%2F%2Fwww.youtube.com%2Fwatch%3Fv%3DXcxXhwiPbZY|target:_blank|&#8221; el_class=&#8221;ott-nav-btn&#8221;][\/vc_column_inner][\/vc_row_inner][\/vc_column][\/vc_row][vc_row][vc_column][vc_empty_space height=&#8221;50px&#8221;][\/vc_column][\/vc_row][vc_row content_placement=&#8221;middle&#8221;][vc_column width=&#8221;1\/2&#8243;][vc_column_text css=&#8221;&#8221;]<\/p>\n<h2>I NOSTRI MARCHI OTT:<br \/>\nLa libert\u00e0 di essere liberi.<\/h2>\n<p>Un\u2019espressione della nostra curiosit\u00e0 e voglia di sperimentare: <a href=\"https:\/\/ott.at\/it\/vini\/am-berg\/\">Am Berg\u00ae<\/a>, <a href=\"https:\/\/ott.at\/it\/vini\/fass-4\/\">Fass 4\u00ae<\/a> e <a href=\"https:\/\/ott.at\/it\/vini\/der-ott\/\">Der Ott\u00ae<\/a>, le nostre interpretazioni della variet\u00e0 e della simbiosi di Wagram e del Kamptal. Gioia sconfinata nel calice.[\/vc_column_text][vc_btn title=&#8221;&gt; I VINI&#8221; shape=&#8221;square&#8221; align=&#8221;left&#8221; css=&#8221;&#8221; link=&#8221;url:%2Fit%2Fdove-acquistare%2F|title:Dove%20Acquistare&#8221; el_class=&#8221;ott-nav-btn&#8221;][\/vc_column][vc_column width=&#8221;1\/2&#8243;][vc_single_image image=&#8221;2704&#8243; img_size=&#8221;full&#8221; alignment=&#8221;center&#8221; css=&#8221;&#8221;][\/vc_column][\/vc_row][vc_row full_width=&#8221;stretch_row&#8221; css=&#8221;.vc_custom_1754574091453{background-color: #FFFFFF !important;}&#8221; el_class=&#8221;zitat-row&#8221;][vc_column][vc_column_text css=&#8221;&#8221; el_class=&#8221;zitat&#8221;]<\/p>\n<p style=\"text-align: center;\">\u201cSi lavora insieme. Le radici estraggono l\u2019acqua dalle profondit\u00e0 del loess, il compost porta vita al terreno, il sole la dolcezza nell&#8217;uva. Al culmine della sua maturazione, come avviene da sempre, viene raccolta a mano\u201d.<\/p>\n<p>[\/vc_column_text][vc_column_text css=&#8221;&#8221; el_class=&#8221;zitat-author&#8221;]<\/p>\n<p style=\"text-align: center;\">Bernhard Ott<\/p>\n<p>[\/vc_column_text][\/vc_column][\/vc_row][vc_row full_width=&#8221;stretch_row_content_no_spaces&#8221; css=&#8221;.vc_custom_1759151633512{background-color: #F8F4F0 !important;}&#8221;][vc_column][vc_raw_html css=&#8221;&#8221;]JTNDZGl2JTIwaWQlM0QlMjJpbnN0YWdyYW0taGVhZGluZyUyMiUzRSUwQSUyMCUyMCUyMCUyMCUzQ2ltZyUyMGNsYXNzJTNEJTIyYWxpZ25ub25lJTIwd3AtaW1hZ2UtMzA0JTIyJTIwc3JjJTNEJTIyaHR0cHMlM0ElMkYlMkZvdHQuYXQlMkZ3cC1jb250ZW50JTJGdXBsb2FkcyUyRjIwMjUlMkYwOCUyRmluc3RhZ3JhbS1pY29uLnN2ZyUyMiUyMGFsdCUzRCUyMiUyMiUyMHdpZHRoJTNEJTIyNDAlMjIlMjBoZWlnaHQlM0QlMjI0MiUyMiUyMCUyRiUzRSUwQSUyMCUyMCUyMCUyMCUzQ2gyJTIwc3R5bGUlM0QlMjJ0ZXh0LWFsaWduJTNBJTIwY2VudGVyJTNCJTIyJTNFT1RULkFUJTIwU1UlMjBJTlNUQUdSQU0lM0MlMkZoMiUzRSUwQSUzQyUyRmRpdiUzRQ==[\/vc_raw_html][vc_raw_html]JTVCaW5zdGFncmFtLWZlZWQlMjBmZWVkJTNEMSU1RA==[\/vc_raw_html][\/vc_column][\/vc_row]<\/p>\n<\/div>","protected":false},"excerpt":{"rendered":"<p>[vc_row el_id=&#8221;revslider&#8221;][vc_column][\/vc_column][\/vc_row][vc_row content_placement=&#8221;middle&#8221; css=&#8221;.vc_custom_1759152734063{border-top-width: 35px !important;}&#8221; el_id=&#8221;intro-row&#8221;][vc_column width=&#8221;1\/2&#8243;][vc_column_text css=&#8221;&#8221;] Weingut Ott [\/vc_column_text][vc_column_text css=&#8221;&#8221; el_class=&#8221;abrissbox hochformat&#8221;] Una vita in equilibrio. Dal 1889, esploriamo e viviamo il nostro terroir ai piedi e nei dintorni dell\u2019Hengstberg a Feuersbrunn nel Wagram: al ritmo della natura, con rispetto e umilt\u00e0 nei confronti della tradizione. Lo facciamo per noi, per i [&hellip;]<\/p>\n","protected":false},"author":1,"featured_media":0,"parent":0,"menu_order":0,"comment_status":"closed","ping_status":"closed","template":"","meta":{"_acf_changed":false,"inline_featured_image":false,"ocean_post_layout":"","ocean_both_sidebars_style":"","ocean_both_sidebars_content_width":0,"ocean_both_sidebars_sidebars_width":0,"ocean_sidebar":"0","ocean_second_sidebar":"0","ocean_disable_margins":"enable","ocean_add_body_class":"","ocean_shortcode_before_top_bar":"","ocean_shortcode_after_top_bar":"","ocean_shortcode_before_header":"","ocean_shortcode_after_header":"","ocean_has_shortcode":"","ocean_shortcode_after_title":"","ocean_shortcode_before_footer_widgets":"","ocean_shortcode_after_footer_widgets":"","ocean_shortcode_before_footer_bottom":"","ocean_shortcode_after_footer_bottom":"","ocean_display_top_bar":"default","ocean_display_header":"default","ocean_header_style":"","ocean_center_header_left_menu":"0","ocean_custom_header_template":"0","ocean_custom_logo":0,"ocean_custom_retina_logo":0,"ocean_custom_logo_max_width":0,"ocean_custom_logo_tablet_max_width":0,"ocean_custom_logo_mobile_max_width":0,"ocean_custom_logo_max_height":0,"ocean_custom_logo_tablet_max_height":0,"ocean_custom_logo_mobile_max_height":0,"ocean_header_custom_menu":"0","ocean_menu_typo_font_family":"0","ocean_menu_typo_font_subset":"","ocean_menu_typo_font_size":0,"ocean_menu_typo_font_size_tablet":0,"ocean_menu_typo_font_size_mobile":0,"ocean_menu_typo_font_size_unit":"px","ocean_menu_typo_font_weight":"","ocean_menu_typo_font_weight_tablet":"","ocean_menu_typo_font_weight_mobile":"","ocean_menu_typo_transform":"","ocean_menu_typo_transform_tablet":"","ocean_menu_typo_transform_mobile":"","ocean_menu_typo_line_height":0,"ocean_menu_typo_line_height_tablet":0,"ocean_menu_typo_line_height_mobile":0,"ocean_menu_typo_line_height_unit":"","ocean_menu_typo_spacing":0,"ocean_menu_typo_spacing_tablet":0,"ocean_menu_typo_spacing_mobile":0,"ocean_menu_typo_spacing_unit":"","ocean_menu_link_color":"","ocean_menu_link_color_hover":"","ocean_menu_link_color_active":"","ocean_menu_link_background":"","ocean_menu_link_hover_background":"","ocean_menu_link_active_background":"","ocean_menu_social_links_bg":"","ocean_menu_social_hover_links_bg":"","ocean_menu_social_links_color":"","ocean_menu_social_hover_links_color":"","ocean_disable_title":"default","ocean_disable_heading":"default","ocean_post_title":"","ocean_post_subheading":"","ocean_post_title_style":"","ocean_post_title_background_color":"","ocean_post_title_background":0,"ocean_post_title_bg_image_position":"","ocean_post_title_bg_image_attachment":"","ocean_post_title_bg_image_repeat":"","ocean_post_title_bg_image_size":"","ocean_post_title_height":0,"ocean_post_title_bg_overlay":0.5,"ocean_post_title_bg_overlay_color":"","ocean_disable_breadcrumbs":"default","ocean_breadcrumbs_color":"","ocean_breadcrumbs_separator_color":"","ocean_breadcrumbs_links_color":"","ocean_breadcrumbs_links_hover_color":"","ocean_display_footer_widgets":"default","ocean_display_footer_bottom":"default","ocean_custom_footer_template":"0","footnotes":""},"class_list":["post-2705","page","type-page","status-publish","hentry","entry","owp-thumbs-layout-horizontal","owp-btn-normal","owp-tabs-layout-horizontal","has-no-thumbnails"],"acf":[],"yoast_head":"<!-- This site is optimized with the Yoast SEO plugin v27.4 - https:\/\/yoast.com\/product\/yoast-seo-wordpress\/ -->\n<title>Weingut Bernhard Ott<\/title>\n<meta name=\"description\" content=\"La cantina Bernhard Ott di Feuersbrunn, nella regione di Wagram, \u00e8 sinonimo di vini con carattere, equilibrio e tradizione, influenzati dalla natura e dalla tradizione.\" \/>\n<meta name=\"robots\" content=\"index, follow, max-snippet:-1, max-image-preview:large, max-video-preview:-1\" \/>\n<link rel=\"canonical\" href=\"https:\/\/ott.at\/it\/\" \/>\n<meta property=\"og:locale\" content=\"it_IT\" \/>\n<meta property=\"og:type\" content=\"article\" \/>\n<meta property=\"og:title\" content=\"Weingut Bernhard Ott\" \/>\n<meta property=\"og:description\" content=\"La cantina Bernhard Ott di Feuersbrunn, nella regione di Wagram, \u00e8 sinonimo di vini con carattere, equilibrio e tradizione, influenzati dalla natura e dalla tradizione.\" \/>\n<meta property=\"og:url\" content=\"https:\/\/ott.at\/it\/\" \/>\n<meta property=\"og:site_name\" content=\"Weingut Bernhard Ott\" \/>\n<meta property=\"article:publisher\" content=\"https:\/\/www.facebook.com\/WeingutBernhardOtt\/\" \/>\n<meta property=\"article:modified_time\" content=\"2026-02-12T10:00:56+00:00\" \/>\n<script type=\"application\/ld+json\" class=\"yoast-schema-graph\">{\"@context\":\"https:\\\/\\\/schema.org\",\"@graph\":[{\"@type\":\"WebPage\",\"@id\":\"https:\\\/\\\/ott.at\\\/it\\\/\",\"url\":\"https:\\\/\\\/ott.at\\\/it\\\/\",\"name\":\"Weingut Bernhard Ott\",\"isPartOf\":{\"@id\":\"https:\\\/\\\/ott.at\\\/it\\\/#website\"},\"datePublished\":\"2025-06-24T13:09:30+00:00\",\"dateModified\":\"2026-02-12T10:00:56+00:00\",\"description\":\"La cantina Bernhard Ott di Feuersbrunn, nella regione di Wagram, \u00e8 sinonimo di vini con carattere, equilibrio e tradizione, influenzati dalla natura e dalla tradizione.\",\"breadcrumb\":{\"@id\":\"https:\\\/\\\/ott.at\\\/it\\\/#breadcrumb\"},\"inLanguage\":\"it-IT\",\"potentialAction\":[{\"@type\":\"ReadAction\",\"target\":[\"https:\\\/\\\/ott.at\\\/it\\\/\"]}]},{\"@type\":\"BreadcrumbList\",\"@id\":\"https:\\\/\\\/ott.at\\\/it\\\/#breadcrumb\",\"itemListElement\":[{\"@type\":\"ListItem\",\"position\":1,\"name\":\"Startseite\",\"item\":\"https:\\\/\\\/ott.at\\\/it\\\/\"},{\"@type\":\"ListItem\",\"position\":2,\"name\":\"Startseite\"}]},{\"@type\":\"WebSite\",\"@id\":\"https:\\\/\\\/ott.at\\\/it\\\/#website\",\"url\":\"https:\\\/\\\/ott.at\\\/it\\\/\",\"name\":\"Weingut Bernhard Ott\",\"description\":\"Ein Leben in der Balance\",\"publisher\":{\"@id\":\"https:\\\/\\\/ott.at\\\/it\\\/#organization\"},\"potentialAction\":[{\"@type\":\"SearchAction\",\"target\":{\"@type\":\"EntryPoint\",\"urlTemplate\":\"https:\\\/\\\/ott.at\\\/it\\\/?s={search_term_string}\"},\"query-input\":{\"@type\":\"PropertyValueSpecification\",\"valueRequired\":true,\"valueName\":\"search_term_string\"}}],\"inLanguage\":\"it-IT\"},{\"@type\":\"Organization\",\"@id\":\"https:\\\/\\\/ott.at\\\/it\\\/#organization\",\"name\":\"Weingut Bernhard Ott\",\"url\":\"https:\\\/\\\/ott.at\\\/it\\\/\",\"logo\":{\"@type\":\"ImageObject\",\"inLanguage\":\"it-IT\",\"@id\":\"https:\\\/\\\/ott.at\\\/it\\\/#\\\/schema\\\/logo\\\/image\\\/\",\"url\":\"https:\\\/\\\/ott.at\\\/wp-content\\\/uploads\\\/2025\\\/06\\\/Weingut-Ott-Logo-mit-Punkten.svg\",\"contentUrl\":\"https:\\\/\\\/ott.at\\\/wp-content\\\/uploads\\\/2025\\\/06\\\/Weingut-Ott-Logo-mit-Punkten.svg\",\"width\":177,\"height\":64,\"caption\":\"Weingut Bernhard Ott\"},\"image\":{\"@id\":\"https:\\\/\\\/ott.at\\\/it\\\/#\\\/schema\\\/logo\\\/image\\\/\"},\"sameAs\":[\"https:\\\/\\\/www.facebook.com\\\/WeingutBernhardOtt\\\/\",\"https:\\\/\\\/www.instagram.com\\\/ott.at\\\/?hl=de\"]}]}<\/script>\n<!-- \/ Yoast SEO plugin. -->","yoast_head_json":{"title":"Weingut Bernhard Ott","description":"La cantina Bernhard Ott di Feuersbrunn, nella regione di Wagram, \u00e8 sinonimo di vini con carattere, equilibrio e tradizione, influenzati dalla natura e dalla tradizione.","robots":{"index":"index","follow":"follow","max-snippet":"max-snippet:-1","max-image-preview":"max-image-preview:large","max-video-preview":"max-video-preview:-1"},"canonical":"https:\/\/ott.at\/it\/","og_locale":"it_IT","og_type":"article","og_title":"Weingut Bernhard Ott","og_description":"La cantina Bernhard Ott di Feuersbrunn, nella regione di Wagram, \u00e8 sinonimo di vini con carattere, equilibrio e tradizione, influenzati dalla natura e dalla tradizione.","og_url":"https:\/\/ott.at\/it\/","og_site_name":"Weingut Bernhard Ott","article_publisher":"https:\/\/www.facebook.com\/WeingutBernhardOtt\/","article_modified_time":"2026-02-12T10:00:56+00:00","schema":{"@context":"https:\/\/schema.org","@graph":[{"@type":"WebPage","@id":"https:\/\/ott.at\/it\/","url":"https:\/\/ott.at\/it\/","name":"Weingut Bernhard Ott","isPartOf":{"@id":"https:\/\/ott.at\/it\/#website"},"datePublished":"2025-06-24T13:09:30+00:00","dateModified":"2026-02-12T10:00:56+00:00","description":"La cantina Bernhard Ott di Feuersbrunn, nella regione di Wagram, \u00e8 sinonimo di vini con carattere, equilibrio e tradizione, influenzati dalla natura e dalla tradizione.","breadcrumb":{"@id":"https:\/\/ott.at\/it\/#breadcrumb"},"inLanguage":"it-IT","potentialAction":[{"@type":"ReadAction","target":["https:\/\/ott.at\/it\/"]}]},{"@type":"BreadcrumbList","@id":"https:\/\/ott.at\/it\/#breadcrumb","itemListElement":[{"@type":"ListItem","position":1,"name":"Startseite","item":"https:\/\/ott.at\/it\/"},{"@type":"ListItem","position":2,"name":"Startseite"}]},{"@type":"WebSite","@id":"https:\/\/ott.at\/it\/#website","url":"https:\/\/ott.at\/it\/","name":"Weingut Bernhard Ott","description":"Ein Leben in der Balance","publisher":{"@id":"https:\/\/ott.at\/it\/#organization"},"potentialAction":[{"@type":"SearchAction","target":{"@type":"EntryPoint","urlTemplate":"https:\/\/ott.at\/it\/?s={search_term_string}"},"query-input":{"@type":"PropertyValueSpecification","valueRequired":true,"valueName":"search_term_string"}}],"inLanguage":"it-IT"},{"@type":"Organization","@id":"https:\/\/ott.at\/it\/#organization","name":"Weingut Bernhard Ott","url":"https:\/\/ott.at\/it\/","logo":{"@type":"ImageObject","inLanguage":"it-IT","@id":"https:\/\/ott.at\/it\/#\/schema\/logo\/image\/","url":"https:\/\/ott.at\/wp-content\/uploads\/2025\/06\/Weingut-Ott-Logo-mit-Punkten.svg","contentUrl":"https:\/\/ott.at\/wp-content\/uploads\/2025\/06\/Weingut-Ott-Logo-mit-Punkten.svg","width":177,"height":64,"caption":"Weingut Bernhard Ott"},"image":{"@id":"https:\/\/ott.at\/it\/#\/schema\/logo\/image\/"},"sameAs":["https:\/\/www.facebook.com\/WeingutBernhardOtt\/","https:\/\/www.instagram.com\/ott.at\/?hl=de"]}]}},"_links":{"self":[{"href":"https:\/\/ott.at\/it\/wp-json\/wp\/v2\/pages\/2705","targetHints":{"allow":["GET"]}}],"collection":[{"href":"https:\/\/ott.at\/it\/wp-json\/wp\/v2\/pages"}],"about":[{"href":"https:\/\/ott.at\/it\/wp-json\/wp\/v2\/types\/page"}],"author":[{"embeddable":true,"href":"https:\/\/ott.at\/it\/wp-json\/wp\/v2\/users\/1"}],"replies":[{"embeddable":true,"href":"https:\/\/ott.at\/it\/wp-json\/wp\/v2\/comments?post=2705"}],"version-history":[{"count":10,"href":"https:\/\/ott.at\/it\/wp-json\/wp\/v2\/pages\/2705\/revisions"}],"predecessor-version":[{"id":3030,"href":"https:\/\/ott.at\/it\/wp-json\/wp\/v2\/pages\/2705\/revisions\/3030"}],"wp:attachment":[{"href":"https:\/\/ott.at\/it\/wp-json\/wp\/v2\/media?parent=2705"}],"curies":[{"name":"wp","href":"https:\/\/api.w.org\/{rel}","templated":true}]}}