{"id":2575,"date":"2025-08-13T08:26:29","date_gmt":"2025-08-13T06:26:29","guid":{"rendered":"https:\/\/ott.at\/la-famille-et-lequipe\/"},"modified":"2026-02-03T08:03:53","modified_gmt":"2026-02-03T07:03:53","slug":"la-famille-et-lequipe","status":"publish","type":"page","link":"https:\/\/ott.at\/fr\/la-famille-et-lequipe\/","title":{"rendered":"La famille et l\u2019\u00e9quipe"},"content":{"rendered":"<div class=\"wpb-content-wrapper\"><p>[vc_row el_id=\u00a0\u00bbrevslider\u00a0\u00bb][vc_column]\n\t\t\t\t<p class=\"rs-p-wp-fix\"><\/p>\n\t\t\t\t<sr7-module data-alias=\"familie-en-1\" data-id=\"32\" id=\"SR7_32_1\" class=\"rs-ov-hidden\" data-version=\"6.7.41\">\n\t\t\t\t\t<sr7-adjuster><\/sr7-adjuster>\n\t\t\t\t\t<sr7-content>\n\t\t\t\t\t\t<sr7-slide id=\"SR7_32_1-55\" data-key=\"55\">\n\t\t\t\t\t\t<\/sr7-slide>\n\t\t\t\t\t\t<sr7-slide id=\"SR7_32_1-56\" data-key=\"56\">\n\t\t\t\t\t\t<\/sr7-slide>\n\t\t\t\t\t<\/sr7-content>\n\t\t\t\t\t<image_lists style=\"display:none\">\n\t\t\t\t\t\t<img data-src=\"\/\/ott.at\/wp-content\/uploads\/2026\/01\/FAMILLE-FR.svg\" data-libid=\"2562\" data-lib=\"medialibrary\" title=\"FAMILLE &#8211; FR\" width=\"0\" height=\"0\" data-dbsrc=\"Ly9vdHQuYXQvd3AtY29udGVudC91cGxvYWRzLzIwMjYvMDEvRkFNSUxMRS1GUi5zdmc=\"\/>\n\t\t\t\t\t\t<img data-src=\"\/\/ott.at\/wp-content\/uploads\/2025\/06\/Slider-Scroll-Icon.svg\" data-libid=\"41\" data-lib=\"medialibrary\" title=\"Slider &#8211; Scroll Icon\" width=\"0\" height=\"0\" data-dbsrc=\"Ly9vdHQuYXQvd3AtY29udGVudC91cGxvYWRzLzIwMjUvMDYvU2xpZGVyLVNjcm9sbC1JY29uLnN2Zw==\"\/>\n\t\t\t\t\t\t<img data-src=\"\/\/ott.at\/wp-content\/uploads\/2025\/06\/Slider-Rebe.svg\" data-libid=\"42\" data-lib=\"medialibrary\" title=\"Slider &#8211; Rebe\" width=\"0\" height=\"0\" data-dbsrc=\"Ly9vdHQuYXQvd3AtY29udGVudC91cGxvYWRzLzIwMjUvMDYvU2xpZGVyLVJlYmUuc3Zn\"\/>\n\t\t\t\t\t<\/image_lists>\n\t\t\t\t<\/sr7-module>\n\t\t\t\t<script>\n\t\t\t\t\tSR7.PMH ??={}; SR7.PMH[\"SR7_32_1\"] = {cn:100,state:false,fn: function() { if (_tpt!==undefined && _tpt.prepareModuleHeight !== undefined) {  _tpt.prepareModuleHeight({id:\"SR7_32_1\",el:[1080,1080,768,960,720],type:'hero',shdw:'0',gh:[1080,1080,768,960,720],gw:[2560,2560,1024,778,480],vpt:['-100px&#039;,&#039;-100px&#039;,&#039;-100px&#039;,&#039;-100px&#039;,&#039;-100px'],size:{fullWidth:true, fullHeight:true},fho:'',mh:'0',onh:0,onw:0,bg:{color:'{\"orig\":\"transparent\",\"type\":\"solid\",\"string\":\"transparent\"}'},googleFont:\"ignore\"});   SR7.PMH[\"SR7_32_1\"].state=true;} else if(SR7.PMH[\"SR7_32_1\"].cn-->0)\tsetTimeout( SR7.PMH[\"SR7_32_1\"].fn,19);}};SR7.PMH[\"SR7_32_1\" ].fn();\n\t\t\t\t<\/script>\n[\/vc_column][\/vc_row][vc_row content_placement=\u00a0\u00bbmiddle\u00a0\u00bb css=\u00a0\u00bb.vc_custom_1751964420791{margin-top: 35px !important;}\u00a0\u00bb][vc_column width=\u00a0\u00bb1\/2&Prime;][vc_column_text css=\u00a0\u00bb\u00a0\u00bb]<\/p>\n<h1 style=\"text-align: left;\">La famille et l\u2019\u00e9quipe<\/h1>\n<p>[\/vc_column_text][vc_column_text css=\u00a0\u00bb\u00a0\u00bb el_class=\u00a0\u00bbabrissbox hochformat\u00a0\u00bb]<\/p>\n<h2>L\u2019UNION FAIT LA FORCE<br \/>\nDes personnes unies par la passion<\/h2>\n<p>Le terroir englobe aussi les gens qui le cultivent. Un vin de terroir porte in\u00e9vitablement la signature de tous ceux qui ont particip\u00e9 \u00e0 son \u00e9laboration. Nous avons la chance d\u2019avoir \u00e0 nos c\u00f4t\u00e9s une \u00e9quipe compos\u00e9e de 23 personnes fantastiques, qui accompagnent nos vins avec d\u00e9votion, savoir et passion, de la vigne au verre, pour certains depuis plusieurs ann\u00e9es. Dans le vignoble ou dans le chai, chez nos clients ou au bureau : chacune et chacun contribue \u00e0 faire vivre notre philosophie.[\/vc_column_text][\/vc_column][vc_column width=\u00a0\u00bb1\/2&Prime;][vc_single_image image=\u00a0\u00bb2094&Prime; img_size=\u00a0\u00bbfull\u00a0\u00bb alignment=\u00a0\u00bbcenter\u00a0\u00bb css=\u00a0\u00bb\u00a0\u00bb][\/vc_column][\/vc_row][vc_row full_width=\u00a0\u00bbstretch_row_content_no_spaces\u00a0\u00bb][vc_column][vc_raw_html css=\u00a0\u00bb\u00a0\u00bb]JTNDZGl2JTIwaWQlM0QlMjJwYXJhbGxheC1jb250YWluZXIlMjIlM0UlM0MlMkZkaXYlM0U=[\/vc_raw_html][\/vc_column][\/vc_row][vc_row][vc_column][vc_empty_space height=\u00a0\u00bb50px\u00a0\u00bb][\/vc_column][\/vc_row][vc_row content_placement=\u00a0\u00bbmiddle\u00a0\u00bb][vc_column width=\u00a0\u00bb1\/2&Prime;][vc_column_text css=\u00a0\u00bb\u00a0\u00bb]<\/p>\n<h2 style=\"text-align: right;\">LA FAMILLE OTT<\/h2>\n<p style=\"text-align: right;\">Bernhard et Maria Ott sont la quatri\u00e8me g\u00e9n\u00e9ration \u00e0 la t\u00eate du domaine. Leurs enfants, Moritz, Laurent et Rosalie, sont pr\u00eats \u00e0 fa\u00e7onner le futur de l\u2019exploitation avec \u00e9nergie et curiosit\u00e9.<\/p>\n<p style=\"text-align: right;\">Bernhard &amp; Maria<br \/>\nMoritz, Laurent &amp; Rosalie<\/p>\n<p style=\"text-align: right;\"><a href=\"mailto:bernhard@ott.at\">bernhard@ott.at<\/a><br \/>\n<a href=\"mailto:maria@ott.at\">maria@ott.at<\/a><br \/>\n<a href=\"mailto:moritz@ott.at\">moritz@ott.at<\/a><br \/>\n<a href=\"mailto:laurent@ott.at\">laurent@ott.at<\/a><\/p>\n<p style=\"text-align: right;\"><a href=\"tel:+4327382257\">+43 2738 2257<\/a><\/p>\n<p>[\/vc_column_text][\/vc_column][vc_column width=\u00a0\u00bb1\/2&Prime;][vc_single_image image=\u00a0\u00bb2374&Prime; img_size=\u00a0\u00bbfull\u00a0\u00bb alignment=\u00a0\u00bbcenter\u00a0\u00bb css=\u00a0\u00bb\u00a0\u00bb][\/vc_column][\/vc_row][vc_row][vc_column][vc_empty_space height=\u00a0\u00bb50px\u00a0\u00bb][\/vc_column][\/vc_row][vc_row full_width=\u00a0\u00bbstretch_row\u00a0\u00bb content_placement=\u00a0\u00bbmiddle\u00a0\u00bb css=\u00a0\u00bb.vc_custom_1755066862126{background-color: #FFFFFF !important;}\u00a0\u00bb][vc_column width=\u00a0\u00bb1\/2&Prime;][vc_single_image image=\u00a0\u00bb2375&Prime; img_size=\u00a0\u00bbfull\u00a0\u00bb alignment=\u00a0\u00bbcenter\u00a0\u00bb css=\u00a0\u00bb\u00a0\u00bb][\/vc_column][vc_column width=\u00a0\u00bb1\/2&Prime;][vc_column_text css=\u00a0\u00bb\u00a0\u00bb]<\/p>\n<h2><span class=\"--l --r hover:bg-blue-100 hover:dark:bg-blue-600\"><span class=\"--l container-target\">NOTRE<\/span><\/span> <span class=\"--l --r hover:bg-blue-100 hover:dark:bg-blue-600\"><span class=\"container-target\">\u00c9QUIPE<\/span><\/span> <span class=\"--l --r hover:bg-blue-100 hover:dark:bg-blue-600\"><span class=\"--r container-target\">ADMINISTRATIVE<\/span><\/span><\/h2>\n<p>Patrick Laister<br \/>\n<strong>RESPONSABLE DES VENTES I FOND\u00c9 DE POUVOIR I SERVICE EXT\u00c9RIEUR<br \/>\n<\/strong><a href=\"tel:+43%20664%2088732406\">+43 664 88732406<\/a><strong><br \/>\n<\/strong><a href=\"mailto:patrick@ott.at\">patrick@ott.at<\/a><\/p>\n<p>Doris Hammel<br \/>\n<strong>BUREAU | VENTES | COMPTABILIT\u00c9 <\/strong><br \/>\n<a href=\"mailto:doris@ott.at\">doris@ott.at<\/a><br \/>\n<a href=\"tel:+43%202738%202257%20212\">+43 2738 2257 212<\/a><\/p>\n<p>Nina Schibany<br \/>\n<strong>BUREAU | VENTES | MARKETING &amp; M\u00c9DIAS <\/strong><br \/>\n<a href=\"mailto:nina@ott.at\">nina@ott.at<\/a><br \/>\n<a href=\"tel:+43%202738%202257%20213\">+43 2738 2257 213<\/a><\/p>\n<p>Norbert Unger<br \/>\n<strong>H\u00d4TE | VENTES ET CONSEIL <\/strong><br \/>\n<a href=\"mailto:gastgeber@ott.at\">gastgeber@ott.at<\/a><br \/>\n<a href=\"tel:+43%20664%2088%20732%20400\">+43 664 88 732 400<\/a>[\/vc_column_text][\/vc_column][\/vc_row][vc_row][vc_column][vc_empty_space height=\u00a0\u00bb50px\u00a0\u00bb][\/vc_column][\/vc_row][vc_row content_placement=\u00a0\u00bbmiddle\u00a0\u00bb][vc_column width=\u00a0\u00bb1\/2&Prime;][vc_column_text css=\u00a0\u00bb\u00a0\u00bb]<\/p>\n<h2 style=\"text-align: right;\">NOTRE \u00c9QUIPE DANS LE CHAI<\/h2>\n<p style=\"text-align: right;\">Les personnes qui travaillent dans le chai ont affin\u00e9 leur passion et perfectionn\u00e9 leur exp\u00e9rience au fil des d\u00e9cennies. Ici, le savoir, l\u2019intuition et la pr\u00e9cision de d\u00e9cision sont tels les rouages d\u2019une machine : ils sont indispensables pour produire des vins au caract\u00e8re inimitable.<\/p>\n<p style=\"text-align: right;\">G\u00fcnter Weisb\u00f6ck, Alex Schenner<br \/>\n&amp; Johannes Sauer<\/p>\n<p style=\"text-align: right;\"><a href=\"tel:+43%202738%202257%20404\">+43 2738 2257 404<\/a><br \/>\n<a href=\"mailto:keller@ott.at\">keller@ott.at<\/a><\/p>\n<p>[\/vc_column_text][\/vc_column][vc_column width=\u00a0\u00bb1\/2&Prime;][vc_single_image image=\u00a0\u00bb2376&Prime; img_size=\u00a0\u00bbfull\u00a0\u00bb alignment=\u00a0\u00bbcenter\u00a0\u00bb css=\u00a0\u00bb\u00a0\u00bb][\/vc_column][\/vc_row][vc_row][vc_column][vc_empty_space height=\u00a0\u00bb50px\u00a0\u00bb][\/vc_column][\/vc_row][vc_row full_width=\u00a0\u00bbstretch_row\u00a0\u00bb content_placement=\u00a0\u00bbmiddle\u00a0\u00bb css=\u00a0\u00bb.vc_custom_1755066875936{background-color: #FFFFFF !important;}\u00a0\u00bb][vc_column width=\u00a0\u00bb1\/2&Prime;][vc_single_image image=\u00a0\u00bb2377&Prime; img_size=\u00a0\u00bbfull\u00a0\u00bb alignment=\u00a0\u00bbcenter\u00a0\u00bb css=\u00a0\u00bb\u00a0\u00bb][\/vc_column][vc_column width=\u00a0\u00bb1\/2&Prime;][vc_column_text css=\u00a0\u00bb\u00a0\u00bb]<\/p>\n<h2>NOS AGENTS COMMERCIAUX<\/h2>\n<p>Personne ne conna\u00eet aussi bien nos vignobles que Hans et Daniel. Rien ne leur \u00e9chappe, et chaque d\u00e9cision qu\u2019ils prennent est m\u00fbrement r\u00e9fl\u00e9chie : des personnes authentiques, qui vivent avec la nature et connaissent la r\u00e9gion comme leur poche.<\/p>\n<p>Hans Bauer<br \/>\n<strong>RESPONSABLE COMMERCIAL<\/strong><br \/>\net Daniel Hochauer<br \/>\n<strong>Responsable commercial adjoint<\/strong><\/p>\n<p><a href=\"tel:+43%202738%202257%20500\">+43 2738 2257 500<\/a><br \/>\n<a href=\"mailto:aussenbetrieb@ott.at\">aussenbetrieb@ott.at<\/a>[\/vc_column_text][\/vc_column][\/vc_row][vc_row content_placement=\u00a0\u00bbmiddle\u00a0\u00bb][vc_column][vc_column_text css=\u00a0\u00bb\u00a0\u00bb]<\/p>\n<h2>NOTRE \u00c9QUIPE DANS NOS VIGNOBLES<\/h2>\n<p>Indispensables dans notre domaine et pour nos vignes : Berni, Daniel et Moritz, qui connaissent parfaitement le Hengstberg et ont toujours un \u0153il sur nos vignobles. Marek et Janusz, qui travaillent depuis pr\u00e8s de 15 ans dans nos vignobles et dans le chai. Marius et Elena, un duo imbattable qui nous vient en aide depuis bient\u00f4t cinq ans. Mirek, l\u2019homme \u00e0 tout faire, et Peter, notre sp\u00e9cialiste de la taille des vignes.<\/p>\n<p>&nbsp;<\/p>\n<h2>LOCAUX, CAVE ET CUISINE:<br \/>\nPour le bonheur de tous<strong><br \/>\n<\/strong><\/h2>\n<p>Un soutien pr\u00e9cieux derri\u00e8re le d\u00e9cor: Romana et Natalia, qui assurent la propret\u00e9 des lieux avec un \u0153il pour le d\u00e9tail. Christian, qui ne perd rien de vue dans la cave pour que nos vins arrivent jusqu\u2019\u00e0 vous. Et notre ch\u00e8re Andrea, qui nous pr\u00e9pare chaque jour de bons petits plats.[\/vc_column_text][\/vc_column][\/vc_row][vc_row full_width=\u00a0\u00bbstretch_row_content_no_spaces\u00a0\u00bb][vc_column][vc_single_image image=\u00a0\u00bb2378&Prime; img_size=\u00a0\u00bbfull\u00a0\u00bb alignment=\u00a0\u00bbcenter\u00a0\u00bb css=\u00a0\u00bb\u00a0\u00bb][\/vc_column][\/vc_row]<\/p>\n<\/div>","protected":false},"excerpt":{"rendered":"<p>[vc_row el_id=\u00a0\u00bbrevslider\u00a0\u00bb][vc_column][\/vc_column][\/vc_row][vc_row content_placement=\u00a0\u00bbmiddle\u00a0\u00bb css=\u00a0\u00bb.vc_custom_1751964420791{margin-top: 35px !important;}\u00a0\u00bb][vc_column width=\u00a0\u00bb1\/2&Prime;][vc_column_text css=\u00a0\u00bb\u00a0\u00bb] La famille et l\u2019\u00e9quipe [\/vc_column_text][vc_column_text css=\u00a0\u00bb\u00a0\u00bb el_class=\u00a0\u00bbabrissbox hochformat\u00a0\u00bb] L\u2019UNION FAIT LA FORCE Des personnes unies par la passion Le terroir englobe aussi les gens qui le cultivent. Un vin de terroir porte in\u00e9vitablement la signature de tous ceux qui ont particip\u00e9 \u00e0 son \u00e9laboration. Nous avons la [&hellip;]<\/p>\n","protected":false},"author":1,"featured_media":0,"parent":0,"menu_order":0,"comment_status":"closed","ping_status":"closed","template":"","meta":{"_acf_changed":false,"inline_featured_image":false,"ocean_post_layout":"","ocean_both_sidebars_style":"","ocean_both_sidebars_content_width":0,"ocean_both_sidebars_sidebars_width":0,"ocean_sidebar":"0","ocean_second_sidebar":"0","ocean_disable_margins":"enable","ocean_add_body_class":"","ocean_shortcode_before_top_bar":"","ocean_shortcode_after_top_bar":"","ocean_shortcode_before_header":"","ocean_shortcode_after_header":"","ocean_has_shortcode":"","ocean_shortcode_after_title":"","ocean_shortcode_before_footer_widgets":"","ocean_shortcode_after_footer_widgets":"","ocean_shortcode_before_footer_bottom":"","ocean_shortcode_after_footer_bottom":"","ocean_display_top_bar":"default","ocean_display_header":"default","ocean_header_style":"","ocean_center_header_left_menu":"0","ocean_custom_header_template":"0","ocean_custom_logo":0,"ocean_custom_retina_logo":0,"ocean_custom_logo_max_width":0,"ocean_custom_logo_tablet_max_width":0,"ocean_custom_logo_mobile_max_width":0,"ocean_custom_logo_max_height":0,"ocean_custom_logo_tablet_max_height":0,"ocean_custom_logo_mobile_max_height":0,"ocean_header_custom_menu":"0","ocean_menu_typo_font_family":"0","ocean_menu_typo_font_subset":"","ocean_menu_typo_font_size":0,"ocean_menu_typo_font_size_tablet":0,"ocean_menu_typo_font_size_mobile":0,"ocean_menu_typo_font_size_unit":"px","ocean_menu_typo_font_weight":"","ocean_menu_typo_font_weight_tablet":"","ocean_menu_typo_font_weight_mobile":"","ocean_menu_typo_transform":"","ocean_menu_typo_transform_tablet":"","ocean_menu_typo_transform_mobile":"","ocean_menu_typo_line_height":0,"ocean_menu_typo_line_height_tablet":0,"ocean_menu_typo_line_height_mobile":0,"ocean_menu_typo_line_height_unit":"","ocean_menu_typo_spacing":0,"ocean_menu_typo_spacing_tablet":0,"ocean_menu_typo_spacing_mobile":0,"ocean_menu_typo_spacing_unit":"","ocean_menu_link_color":"","ocean_menu_link_color_hover":"","ocean_menu_link_color_active":"","ocean_menu_link_background":"","ocean_menu_link_hover_background":"","ocean_menu_link_active_background":"","ocean_menu_social_links_bg":"","ocean_menu_social_hover_links_bg":"","ocean_menu_social_links_color":"","ocean_menu_social_hover_links_color":"","ocean_disable_title":"default","ocean_disable_heading":"default","ocean_post_title":"","ocean_post_subheading":"","ocean_post_title_style":"","ocean_post_title_background_color":"","ocean_post_title_background":0,"ocean_post_title_bg_image_position":"","ocean_post_title_bg_image_attachment":"","ocean_post_title_bg_image_repeat":"","ocean_post_title_bg_image_size":"","ocean_post_title_height":0,"ocean_post_title_bg_overlay":0.5,"ocean_post_title_bg_overlay_color":"","ocean_disable_breadcrumbs":"default","ocean_breadcrumbs_color":"","ocean_breadcrumbs_separator_color":"","ocean_breadcrumbs_links_color":"","ocean_breadcrumbs_links_hover_color":"","ocean_display_footer_widgets":"default","ocean_display_footer_bottom":"default","ocean_custom_footer_template":"0","footnotes":""},"class_list":["post-2575","page","type-page","status-publish","hentry","entry","owp-thumbs-layout-horizontal","owp-btn-normal","owp-tabs-layout-horizontal","has-no-thumbnails"],"acf":[],"yoast_head":"<!-- This site is optimized with the Yoast SEO plugin v27.5 - https:\/\/yoast.com\/product\/yoast-seo-wordpress\/ -->\n<title>La famille et l\u2019\u00e9quipe - Weingut Bernhard Ott<\/title>\n<meta name=\"robots\" content=\"index, follow, max-snippet:-1, max-image-preview:large, max-video-preview:-1\" \/>\n<link rel=\"canonical\" href=\"https:\/\/ott.at\/fr\/la-famille-et-lequipe\/\" \/>\n<meta property=\"og:locale\" content=\"fr_FR\" \/>\n<meta property=\"og:type\" content=\"article\" \/>\n<meta property=\"og:title\" content=\"La famille et l\u2019\u00e9quipe - Weingut Bernhard Ott\" \/>\n<meta property=\"og:description\" content=\"[vc_row el_id=\u00a0\u00bbrevslider\u00a0\u00bb][vc_column][\/vc_column][\/vc_row][vc_row content_placement=\u00a0\u00bbmiddle\u00a0\u00bb css=\u00a0\u00bb.vc_custom_1751964420791{margin-top: 35px !important;}\u00a0\u00bb][vc_column width=\u00a0\u00bb1\/2&Prime;][vc_column_text css=\u00a0\u00bb\u00a0\u00bb] La famille et l\u2019\u00e9quipe [\/vc_column_text][vc_column_text css=\u00a0\u00bb\u00a0\u00bb el_class=\u00a0\u00bbabrissbox hochformat\u00a0\u00bb] L\u2019UNION FAIT LA FORCE Des personnes unies par la passion Le terroir englobe aussi les gens qui le cultivent. Un vin de terroir porte in\u00e9vitablement la signature de tous ceux qui ont particip\u00e9 \u00e0 son \u00e9laboration. Nous avons la [&hellip;]\" \/>\n<meta property=\"og:url\" content=\"https:\/\/ott.at\/fr\/la-famille-et-lequipe\/\" \/>\n<meta property=\"og:site_name\" content=\"Weingut Bernhard Ott\" \/>\n<meta property=\"article:publisher\" content=\"https:\/\/www.facebook.com\/WeingutBernhardOtt\/\" \/>\n<meta property=\"article:modified_time\" content=\"2026-02-03T07:03:53+00:00\" \/>\n<script type=\"application\/ld+json\" class=\"yoast-schema-graph\">{\"@context\":\"https:\\\/\\\/schema.org\",\"@graph\":[{\"@type\":\"WebPage\",\"@id\":\"https:\\\/\\\/ott.at\\\/fr\\\/la-famille-et-lequipe\\\/\",\"url\":\"https:\\\/\\\/ott.at\\\/fr\\\/la-famille-et-lequipe\\\/\",\"name\":\"La famille et l\u2019\u00e9quipe - Weingut Bernhard Ott\",\"isPartOf\":{\"@id\":\"https:\\\/\\\/ott.at\\\/fr\\\/#website\"},\"datePublished\":\"2025-08-13T06:26:29+00:00\",\"dateModified\":\"2026-02-03T07:03:53+00:00\",\"breadcrumb\":{\"@id\":\"https:\\\/\\\/ott.at\\\/fr\\\/la-famille-et-lequipe\\\/#breadcrumb\"},\"inLanguage\":\"fr-FR\",\"potentialAction\":[{\"@type\":\"ReadAction\",\"target\":[\"https:\\\/\\\/ott.at\\\/fr\\\/la-famille-et-lequipe\\\/\"]}]},{\"@type\":\"BreadcrumbList\",\"@id\":\"https:\\\/\\\/ott.at\\\/fr\\\/la-famille-et-lequipe\\\/#breadcrumb\",\"itemListElement\":[{\"@type\":\"ListItem\",\"position\":1,\"name\":\"Startseite\",\"item\":\"https:\\\/\\\/ott.at\\\/fr\\\/\"},{\"@type\":\"ListItem\",\"position\":2,\"name\":\"La famille et l\u2019\u00e9quipe\"}]},{\"@type\":\"WebSite\",\"@id\":\"https:\\\/\\\/ott.at\\\/fr\\\/#website\",\"url\":\"https:\\\/\\\/ott.at\\\/fr\\\/\",\"name\":\"Weingut Bernhard Ott\",\"description\":\"Ein Leben in der Balance\",\"publisher\":{\"@id\":\"https:\\\/\\\/ott.at\\\/fr\\\/#organization\"},\"potentialAction\":[{\"@type\":\"SearchAction\",\"target\":{\"@type\":\"EntryPoint\",\"urlTemplate\":\"https:\\\/\\\/ott.at\\\/fr\\\/?s={search_term_string}\"},\"query-input\":{\"@type\":\"PropertyValueSpecification\",\"valueRequired\":true,\"valueName\":\"search_term_string\"}}],\"inLanguage\":\"fr-FR\"},{\"@type\":\"Organization\",\"@id\":\"https:\\\/\\\/ott.at\\\/fr\\\/#organization\",\"name\":\"Weingut Bernhard Ott\",\"url\":\"https:\\\/\\\/ott.at\\\/fr\\\/\",\"logo\":{\"@type\":\"ImageObject\",\"inLanguage\":\"fr-FR\",\"@id\":\"https:\\\/\\\/ott.at\\\/fr\\\/#\\\/schema\\\/logo\\\/image\\\/\",\"url\":\"https:\\\/\\\/ott.at\\\/wp-content\\\/uploads\\\/2025\\\/06\\\/Weingut-Ott-Logo-mit-Punkten.svg\",\"contentUrl\":\"https:\\\/\\\/ott.at\\\/wp-content\\\/uploads\\\/2025\\\/06\\\/Weingut-Ott-Logo-mit-Punkten.svg\",\"width\":177,\"height\":64,\"caption\":\"Weingut Bernhard Ott\"},\"image\":{\"@id\":\"https:\\\/\\\/ott.at\\\/fr\\\/#\\\/schema\\\/logo\\\/image\\\/\"},\"sameAs\":[\"https:\\\/\\\/www.facebook.com\\\/WeingutBernhardOtt\\\/\",\"https:\\\/\\\/www.instagram.com\\\/ott.at\\\/?hl=de\"]}]}<\/script>\n<!-- \/ Yoast SEO plugin. -->","yoast_head_json":{"title":"La famille et l\u2019\u00e9quipe - Weingut Bernhard Ott","robots":{"index":"index","follow":"follow","max-snippet":"max-snippet:-1","max-image-preview":"max-image-preview:large","max-video-preview":"max-video-preview:-1"},"canonical":"https:\/\/ott.at\/fr\/la-famille-et-lequipe\/","og_locale":"fr_FR","og_type":"article","og_title":"La famille et l\u2019\u00e9quipe - Weingut Bernhard Ott","og_description":"[vc_row el_id=\u00a0\u00bbrevslider\u00a0\u00bb][vc_column][\/vc_column][\/vc_row][vc_row content_placement=\u00a0\u00bbmiddle\u00a0\u00bb css=\u00a0\u00bb.vc_custom_1751964420791{margin-top: 35px !important;}\u00a0\u00bb][vc_column width=\u00a0\u00bb1\/2&Prime;][vc_column_text css=\u00a0\u00bb\u00a0\u00bb] La famille et l\u2019\u00e9quipe [\/vc_column_text][vc_column_text css=\u00a0\u00bb\u00a0\u00bb el_class=\u00a0\u00bbabrissbox hochformat\u00a0\u00bb] L\u2019UNION FAIT LA FORCE Des personnes unies par la passion Le terroir englobe aussi les gens qui le cultivent. Un vin de terroir porte in\u00e9vitablement la signature de tous ceux qui ont particip\u00e9 \u00e0 son \u00e9laboration. Nous avons la [&hellip;]","og_url":"https:\/\/ott.at\/fr\/la-famille-et-lequipe\/","og_site_name":"Weingut Bernhard Ott","article_publisher":"https:\/\/www.facebook.com\/WeingutBernhardOtt\/","article_modified_time":"2026-02-03T07:03:53+00:00","schema":{"@context":"https:\/\/schema.org","@graph":[{"@type":"WebPage","@id":"https:\/\/ott.at\/fr\/la-famille-et-lequipe\/","url":"https:\/\/ott.at\/fr\/la-famille-et-lequipe\/","name":"La famille et l\u2019\u00e9quipe - Weingut Bernhard Ott","isPartOf":{"@id":"https:\/\/ott.at\/fr\/#website"},"datePublished":"2025-08-13T06:26:29+00:00","dateModified":"2026-02-03T07:03:53+00:00","breadcrumb":{"@id":"https:\/\/ott.at\/fr\/la-famille-et-lequipe\/#breadcrumb"},"inLanguage":"fr-FR","potentialAction":[{"@type":"ReadAction","target":["https:\/\/ott.at\/fr\/la-famille-et-lequipe\/"]}]},{"@type":"BreadcrumbList","@id":"https:\/\/ott.at\/fr\/la-famille-et-lequipe\/#breadcrumb","itemListElement":[{"@type":"ListItem","position":1,"name":"Startseite","item":"https:\/\/ott.at\/fr\/"},{"@type":"ListItem","position":2,"name":"La famille et l\u2019\u00e9quipe"}]},{"@type":"WebSite","@id":"https:\/\/ott.at\/fr\/#website","url":"https:\/\/ott.at\/fr\/","name":"Weingut Bernhard Ott","description":"Ein Leben in der Balance","publisher":{"@id":"https:\/\/ott.at\/fr\/#organization"},"potentialAction":[{"@type":"SearchAction","target":{"@type":"EntryPoint","urlTemplate":"https:\/\/ott.at\/fr\/?s={search_term_string}"},"query-input":{"@type":"PropertyValueSpecification","valueRequired":true,"valueName":"search_term_string"}}],"inLanguage":"fr-FR"},{"@type":"Organization","@id":"https:\/\/ott.at\/fr\/#organization","name":"Weingut Bernhard Ott","url":"https:\/\/ott.at\/fr\/","logo":{"@type":"ImageObject","inLanguage":"fr-FR","@id":"https:\/\/ott.at\/fr\/#\/schema\/logo\/image\/","url":"https:\/\/ott.at\/wp-content\/uploads\/2025\/06\/Weingut-Ott-Logo-mit-Punkten.svg","contentUrl":"https:\/\/ott.at\/wp-content\/uploads\/2025\/06\/Weingut-Ott-Logo-mit-Punkten.svg","width":177,"height":64,"caption":"Weingut Bernhard Ott"},"image":{"@id":"https:\/\/ott.at\/fr\/#\/schema\/logo\/image\/"},"sameAs":["https:\/\/www.facebook.com\/WeingutBernhardOtt\/","https:\/\/www.instagram.com\/ott.at\/?hl=de"]}]}},"_links":{"self":[{"href":"https:\/\/ott.at\/fr\/wp-json\/wp\/v2\/pages\/2575","targetHints":{"allow":["GET"]}}],"collection":[{"href":"https:\/\/ott.at\/fr\/wp-json\/wp\/v2\/pages"}],"about":[{"href":"https:\/\/ott.at\/fr\/wp-json\/wp\/v2\/types\/page"}],"author":[{"embeddable":true,"href":"https:\/\/ott.at\/fr\/wp-json\/wp\/v2\/users\/1"}],"replies":[{"embeddable":true,"href":"https:\/\/ott.at\/fr\/wp-json\/wp\/v2\/comments?post=2575"}],"version-history":[{"count":6,"href":"https:\/\/ott.at\/fr\/wp-json\/wp\/v2\/pages\/2575\/revisions"}],"predecessor-version":[{"id":2683,"href":"https:\/\/ott.at\/fr\/wp-json\/wp\/v2\/pages\/2575\/revisions\/2683"}],"wp:attachment":[{"href":"https:\/\/ott.at\/fr\/wp-json\/wp\/v2\/media?parent=2575"}],"curies":[{"name":"wp","href":"https:\/\/api.w.org\/{rel}","templated":true}]}}