{"id":2151,"date":"2025-09-15T08:48:57","date_gmt":"2025-09-15T06:48:57","guid":{"rendered":"https:\/\/ott.at\/der-ott\/"},"modified":"2026-02-02T16:25:02","modified_gmt":"2026-02-02T15:25:02","slug":"der-ott","status":"publish","type":"page","link":"https:\/\/ott.at\/fr\/vins\/der-ott\/","title":{"rendered":"Der Ott"},"content":{"rendered":"<div class=\"wpb-content-wrapper\"><p>[vc_row el_id=\u00a0\u00bbrevslider\u00a0\u00bb][vc_column]\n\t\t\t\t<p class=\"rs-p-wp-fix\"><\/p>\n\t\t\t\t<sr7-module data-alias=\"der-ott\" data-id=\"11\" id=\"SR7_11_1\" class=\"rs-ov-hidden\" data-version=\"6.7.41\">\n\t\t\t\t\t<sr7-adjuster><\/sr7-adjuster>\n\t\t\t\t\t<sr7-content>\n\t\t\t\t\t\t<sr7-slide id=\"SR7_11_1-21\" data-key=\"21\">\n\t\t\t\t\t\t<\/sr7-slide>\n\t\t\t\t\t\t<sr7-slide id=\"SR7_11_1-22\" data-key=\"22\">\n\t\t\t\t\t\t<\/sr7-slide>\n\t\t\t\t\t<\/sr7-content>\n\t\t\t\t\t<image_lists style=\"display:none\">\n\t\t\t\t\t\t<img data-src=\"\/\/ott.at\/wp-content\/uploads\/2025\/06\/Slider-Scroll-Icon.svg\" data-libid=\"41\" data-lib=\"medialibrary\" title=\"Slider &#8211; Scroll Icon\" width=\"0\" height=\"0\" data-dbsrc=\"Ly9vdHQuYXQvd3AtY29udGVudC91cGxvYWRzLzIwMjUvMDYvU2xpZGVyLVNjcm9sbC1JY29uLnN2Zw==\"\/>\n\t\t\t\t\t<\/image_lists>\n\t\t\t\t<\/sr7-module>\n\t\t\t\t<script>\n\t\t\t\t\tSR7.PMH ??={}; SR7.PMH[\"SR7_11_1\"] = {cn:100,state:false,fn: function() { if (_tpt!==undefined && _tpt.prepareModuleHeight !== undefined) {  _tpt.prepareModuleHeight({id:\"SR7_11_1\",el:[1080,1080,768,960,720],type:'standard',shdw:'0',gh:[1080,1080,768,960,720],gw:[2560,2560,1024,778,480],vpt:['-100px&#039;,&#039;-100px&#039;,&#039;-100px&#039;,&#039;-100px&#039;,&#039;-100px'],size:{fullWidth:true, fullHeight:true},fho:'',mh:'0',onh:0,onw:0,bg:{color:'{\"orig\":\"transparent\",\"type\":\"solid\",\"string\":\"transparent\"}'},googleFont:\"ignore\"});   SR7.PMH[\"SR7_11_1\"].state=true;} else if(SR7.PMH[\"SR7_11_1\"].cn-->0)\tsetTimeout( SR7.PMH[\"SR7_11_1\"].fn,19);}};SR7.PMH[\"SR7_11_1\" ].fn();\n\t\t\t\t<\/script>\n[\/vc_column][\/vc_row][vc_row content_placement=\u00a0\u00bbmiddle\u00a0\u00bb css=\u00a0\u00bb.vc_custom_1751964420791{margin-top: 35px !important;}\u00a0\u00bb][vc_column width=\u00a0\u00bb1\/2&Prime;][vc_column_text css=\u00a0\u00bb\u00a0\u00bb]<\/p>\n<h1 style=\"text-align: left;\">DER OTT<sup>\u00ae<\/sup><\/h1>\n<p>[\/vc_column_text][vc_column_text css=\u00a0\u00bb\u00a0\u00bb el_class=\u00a0\u00bbabrissbox hochformat\u00a0\u00bb]<\/p>\n<h2 class=\"einleitungstext-ueberschrift\">Notre coup de c\u0153ur. Depuis 1997.<\/h2>\n<p>Une cuv\u00e9e issue des jeunes vignes de nos quatre vignobles Erste Lage (Premier Cru) Spiegel, Stein, Rosenberg et Kirchthal. Une \u00e9l\u00e9gance jeune, raffin\u00e9e, mais aussi une complexit\u00e9 et une profondeur dignes du terroir. Aux c\u00f4t\u00e9s de Am Berg\u00ae et de Fass 4\u00ae, le troisi\u00e8me du lot \u00e0 r\u00e9unir le meilleur des deux r\u00e9gions.[\/vc_column_text][\/vc_column][vc_column width=\u00a0\u00bb1\/2&Prime;][vc_single_image image=\u00a0\u00bb2150&Prime; img_size=\u00a0\u00bbfull\u00a0\u00bb alignment=\u00a0\u00bbcenter\u00a0\u00bb css=\u00a0\u00bb\u00a0\u00bb][\/vc_column][\/vc_row][vc_row full_width=\u00a0\u00bbstretch_row_content_no_spaces\u00a0\u00bb][vc_column][vc_raw_html css=\u00a0\u00bb\u00a0\u00bb]JTNDZGl2JTIwaWQlM0QlMjJwYXJhbGxheC1jb250YWluZXIlMjIlM0UlM0MlMkZkaXYlM0U=[\/vc_raw_html][\/vc_column][\/vc_row][vc_row content_placement=\u00a0\u00bbmiddle\u00a0\u00bb][vc_column width=\u00a0\u00bb1\/3&Prime;][vc_single_image image=\u00a0\u00bb2013&Prime; img_size=\u00a0\u00bbfull\u00a0\u00bb alignment=\u00a0\u00bbright\u00a0\u00bb css=\u00a0\u00bb\u00a0\u00bb el_id=\u00a0\u00bbhome-ab-hof-img\u00a0\u00bb][\/vc_column][vc_column width=\u00a0\u00bb2\/3&Prime;][vc_column_text css=\u00a0\u00bb\u00a0\u00bb el_class=\u00a0\u00bbabrissbox querformat\u00a0\u00bb]<\/p>\n<h2>Une qualit\u00e9 sans pr\u00e9c\u00e9dent.<\/h2>\n<p>Jadis un vin local de Feuersbrunn, DER OTT\u00ae a \u00e9t\u00e9 hiss\u00e9 au rang de vin de garde avec le mill\u00e9sime 2019. \u00c9levage en grands f\u00fbts depuis 2019 et pressurage 100 % en pressoirs verticaux depuis 2021. Complexe, corpulent et ind\u00e9niablement notre signature : un vin de caract\u00e8re, r\u00e9solument ax\u00e9 sur la qualit\u00e9.[\/vc_column_text][vc_row_inner][vc_column_inner width=\u00a0\u00bb1\/12&Prime;][\/vc_column_inner][vc_column_inner width=\u00a0\u00bb5\/12&Prime;][vc_column_text css=\u00a0\u00bb\u00a0\u00bb]<\/p>\n<h3 style=\"text-align: center;\">R\u00c9COLTE ET VINIFICATION<\/h3>\n<p style=\"text-align: center;\">Vendanges 100 % manuelles. Fermentation spontan\u00e9e. Pressurage lent et doux en pressoirs verticaux. \u00c9levage sur lies en f\u00fbts de ch\u00eane Stockinger jusqu\u2019\u00e0 juillet et mise en bouteille en ao\u00fbt.<\/p>\n<p>[\/vc_column_text][\/vc_column_inner][vc_column_inner width=\u00a0\u00bb5\/12&Prime;][vc_column_text css=\u00a0\u00bb\u00a0\u00bb]<\/p>\n<h3 style=\"text-align: center;\">ORIGINE<\/h3>\n<p style=\"text-align: center;\">Jeunes vignes de nos vignobles Erste Lage (Premier Cru). Coteaux expos\u00e9s plein sud dans le Kamptal et le Wagram. Roche primaire et couches de l\u0153ss de plusieurs m\u00e8tres de profondeur. Vignes \u00e2g\u00e9es de 10 \u00e0 35 ans.<\/p>\n<p>[\/vc_column_text][\/vc_column_inner][vc_column_inner width=\u00a0\u00bb1\/12&Prime;][\/vc_column_inner][\/vc_row_inner][\/vc_column][\/vc_row][vc_row full_width=\u00a0\u00bbstretch_row\u00a0\u00bb content_placement=\u00a0\u00bbbottom\u00a0\u00bb css=\u00a0\u00bb.vc_custom_1758177210005{background-image: url(https:\/\/ott.at\/wp-content\/uploads\/2025\/09\/DER-OTT-3-min.jpg?id=915) !important;}\u00a0\u00bb el_id=\u00a0\u00bbfass4-row\u00a0\u00bb][vc_column width=\u00a0\u00bb1\/2&Prime;][vc_column_text css=\u00a0\u00bb\u00a0\u00bb el_class=\u00a0\u00bbabrissbox querformat\u00a0\u00bb]DER OTT<sup>\u00ae<\/sup> : notre coup de c\u0153ur depuis 1997. Une cuv\u00e9e issue des jeunes vignes de nos vignobles Erste Lage (Premier Cru) KIRCHTHAL, SPIEGEL, STEIN et ROSENBERG.[\/vc_column_text][\/vc_column][vc_column width=\u00a0\u00bb1\/2&Prime;][\/vc_column][\/vc_row][vc_row el_id=\u00a0\u00bbmain-product-row\u00a0\u00bb][vc_column][vc_raw_html css=\u00a0\u00bb\u00a0\u00bb]JTVCaW5zeWRlX3Byb2R1Y3Rfc2VjdGlvbl9ub19wcmljZSUyMGlkJTNEJTIyMjI1JTIyJTVE[\/vc_raw_html][vc_empty_space height=\u00a0\u00bb65px\u00a0\u00bb][\/vc_column][\/vc_row][vc_row css=\u00a0\u00bb.vc_custom_1756114737381{background-color: #FFFFFF !important;}\u00a0\u00bb][vc_column el_class=\u00a0\u00bbspalte-unter-bild\u00a0\u00bb][vc_column_text css=\u00a0\u00bb\u00a0\u00bb el_class=\u00a0\u00bbzeile-im-bild\u00a0\u00bb]<\/p>\n<p style=\"text-align: center;\">Enti\u00e8rement nous, enti\u00e8rement moi. Pur, indomptable, r\u00e9solument engag\u00e9 sur la voie de la qualit\u00e9. Dans cet esprit, notre Gr\u00fcner Veltliner Nomen est Omen porte son nom \u00e0 juste titre. Mon conseil secret, \u00e0 moi seul. Je suis un Veltliner.<\/p>\n<p>[\/vc_column_text][vc_empty_space height=\u00a0\u00bb12px\u00a0\u00bb][vc_row_inner el_class=\u00a0\u00bbinfo-unter-bild\u00a0\u00bb][vc_column_inner width=\u00a0\u00bb1\/3&Prime;][vc_column_text css=\u00a0\u00bb\u00a0\u00bb]<\/p>\n<p style=\"text-align: center;\"><strong>C\u00c9PAGE :<\/strong><br \/>\nGr\u00fcner Veltliner<\/p>\n<p>[\/vc_column_text][vc_column_text css=\u00a0\u00bb\u00a0\u00bb]<\/p>\n<p style=\"text-align: center;\"><strong>\u00c2GE DES VIGNES :<\/strong><br \/>\n10 \u00e0 35 ans<\/p>\n<p>[\/vc_column_text][vc_column_text css=\u00a0\u00bb\u00a0\u00bb]<\/p>\n<p style=\"text-align: center;\"><strong>SOL :<\/strong><br \/>\nL\u0153ss, gneiss, graviers et schlier de Haller<\/p>\n<p>[\/vc_column_text][\/vc_column_inner][vc_column_inner width=\u00a0\u00bb1\/3&Prime;][vc_column_text css=\u00a0\u00bb\u00a0\u00bb]<\/p>\n<p style=\"text-align: center;\"><strong>VIGNES :<\/strong><br \/>\nCoteaux expos\u00e9s plein sud dans le Kamptal et le Wagram<\/p>\n<p>[\/vc_column_text][vc_column_text css=\u00a0\u00bb\u00a0\u00bb]<\/p>\n<p style=\"text-align: center;\"><strong>ALTITUDE :<\/strong><br \/>\n220 \u00e0 370 m\u00e8tres<\/p>\n<p>[\/vc_column_text][\/vc_column_inner][vc_column_inner width=\u00a0\u00bb1\/3&Prime;][vc_column_text css=\u00a0\u00bb\u00a0\u00bb]<\/p>\n<p style=\"text-align: center;\"><strong>\u00c9LEVAGE \/ VINIFICATION :<\/strong><br \/>\n100 % vendanges manuelles, pressurage en panier, fermentation spontan\u00e9e en grands foudres de ch\u00eane de Stockinger<\/p>\n<p>[\/vc_column_text][vc_column_text css=\u00a0\u00bb\u00a0\u00bb]<\/p>\n<p style=\"text-align: center;\"><strong>FERMETURE :<\/strong><br \/>\nCapsule \u00e0 vis<\/p>\n<p>[\/vc_column_text][vc_column_text css=\u00a0\u00bb\u00a0\u00bb]<\/p>\n<p style=\"text-align: center;\"><strong>POTENTIEL DE GARDE :<\/strong><br \/>\nVolontiers jusqu\u2019\u00e0 35 ans et plus<\/p>\n<p>[\/vc_column_text][\/vc_column_inner][\/vc_row_inner][\/vc_column][\/vc_row][vc_row][vc_column][vc_single_image image=\u00a0\u00bb2381&Prime; img_size=\u00a0\u00bbfull\u00a0\u00bb alignment=\u00a0\u00bbcenter\u00a0\u00bb css=\u00a0\u00bb\u00a0\u00bb][\/vc_column][\/vc_row][vc_row full_width=\u00a0\u00bbstretch_row\u00a0\u00bb css=\u00a0\u00bb.vc_custom_1755672132115{background-image: url(https:\/\/ott.at\/wp-content\/uploads\/2025\/08\/fass4_im_laufe_der_zeit-min-scaled.jpg?id=489) !important;}\u00a0\u00bb row_title=\u00a0\u00bbdatenblaetter-row\u00a0\u00bb el_class=\u00a0\u00bbdatenblaetter-row\u00a0\u00bb][vc_column width=\u00a0\u00bb2\/5&Prime;][\/vc_column][vc_column width=\u00a0\u00bb3\/5&Prime; el_class=\u00a0\u00bbabrissbox querformat\u00a0\u00bb][vc_column_text css=\u00a0\u00bb\u00a0\u00bb]<\/p>\n<h2>DER OTT\u00ae AU FIL DU TEMPS<\/h2>\n<p>D\u00e9couvrez la fiche technique de ce vin r\u00e9sumant les chiffres cl\u00e9s et les principaux faits. Mill\u00e9sime apr\u00e8s mill\u00e9sime.<\/p>\n<ul>\n<li><a href=\"https:\/\/ott.at\/wp-content\/uploads\/2025\/09\/2024_DerOtt_E.pdf\" target=\"_blank\" rel=\"noopener\">2024<\/a><\/li>\n<li><a href=\"https:\/\/ott.at\/wp-content\/uploads\/2025\/09\/2023_DerOtt_-DE.pdf\" target=\"_blank\" rel=\"noopener\">2023<\/a><\/li>\n<li><a href=\"https:\/\/ott.at\/wp-content\/uploads\/2025\/09\/2022-DER-OTT_-DE.pdf\" target=\"_blank\" rel=\"noopener\">2022<\/a><\/li>\n<li><a href=\"https:\/\/ott.at\/wp-content\/uploads\/2025\/09\/2021_DerOtt_E.pdf\" target=\"_blank\" rel=\"noopener\">2021<\/a><\/li>\n<li><a href=\"https:\/\/ott.at\/wp-content\/uploads\/2025\/09\/2020_DerOtt_DE.pdf\" target=\"_blank\" rel=\"noopener\">2020<\/a><\/li>\n<\/ul>\n<p>[\/vc_column_text][\/vc_column][\/vc_row][vc_row content_placement=\u00a0\u00bbmiddle\u00a0\u00bb disable_element=\u00a0\u00bbyes\u00a0\u00bb][vc_column width=\u00a0\u00bb1\/2&Prime;][vc_single_image image=\u00a0\u00bb2014&Prime; img_size=\u00a0\u00bbfull\u00a0\u00bb alignment=\u00a0\u00bbright\u00a0\u00bb css=\u00a0\u00bb\u00a0\u00bb][\/vc_column][vc_column width=\u00a0\u00bb1\/2&Prime;][vc_column_text css=\u00a0\u00bb\u00a0\u00bb el_class=\u00a0\u00bbabrissbox loremipsum\u00a0\u00bb]<\/p>\n<h2>Lorem Ipsum \u00dcberschrift<\/h2>\n<p>Lorem ipsum dolor sit amet, consetetur sadipscing elitr, sed diam nonumy eirmod tempor invidunt ut labore et dolore magna aliquyam erat, sed diam voluptua. At vero eos et accusam et justo duo dolores et ea rebum. Stet clita kasd gubergren, no sea takimata sanctus est Lorem ipsum dolor sit amet.[\/vc_column_text][\/vc_column][\/vc_row][vc_row content_placement=\u00a0\u00bbmiddle\u00a0\u00bb disable_element=\u00a0\u00bbyes\u00a0\u00bb][vc_column width=\u00a0\u00bb1\/3&Prime;][vc_column_text css=\u00a0\u00bb\u00a0\u00bb el_class=\u00a0\u00bbsommelier-tipp loremipsum\u00a0\u00bb]<\/p>\n<h3 style=\"text-align: center;\">Lorem Ipsum Video<\/h3>\n<p style=\"text-align: center;\">Lorem ipsum dolor sit amet, consetetur sadipscing elitr, sed diam nonumy eirmod tempor invidunt ut labore et dolore magna aliquyam erat, sed diam voluptua.<\/p>\n<p>[\/vc_column_text][\/vc_column][vc_column width=\u00a0\u00bb2\/3&Prime;][\/vc_column][\/vc_row][vc_row disable_element=\u00a0\u00bbyes\u00a0\u00bb][vc_column][vc_empty_space height=\u00a0\u00bb100px\u00a0\u00bb][\/vc_column][\/vc_row][vc_row disable_element=\u00a0\u00bbyes\u00a0\u00bb][vc_column][vc_column_text css=\u00a0\u00bb\u00a0\u00bb]<\/p>\n<h2 style=\"text-align: center;\">UNE R\u00c9GION UNIQUE. DES VINS DE PREMI\u00c8RE CLASSE:<\/h2>\n<p>[\/vc_column_text]<div class=\"woocommerce columns-3 \"><\/div>[\/vc_column][\/vc_row]<\/p>\n<\/div>","protected":false},"excerpt":{"rendered":"<p>[vc_row el_id=\u00a0\u00bbrevslider\u00a0\u00bb][vc_column][\/vc_column][\/vc_row][vc_row content_placement=\u00a0\u00bbmiddle\u00a0\u00bb css=\u00a0\u00bb.vc_custom_1751964420791{margin-top: 35px !important;}\u00a0\u00bb][vc_column width=\u00a0\u00bb1\/2&Prime;][vc_column_text css=\u00a0\u00bb\u00a0\u00bb] DER OTT\u00ae [\/vc_column_text][vc_column_text css=\u00a0\u00bb\u00a0\u00bb el_class=\u00a0\u00bbabrissbox hochformat\u00a0\u00bb] Notre coup de c\u0153ur. Depuis 1997. Une cuv\u00e9e issue des jeunes vignes de nos quatre vignobles Erste Lage (Premier Cru) Spiegel, Stein, Rosenberg et Kirchthal. Une \u00e9l\u00e9gance jeune, raffin\u00e9e, mais aussi une complexit\u00e9 et une profondeur dignes du terroir. Aux c\u00f4t\u00e9s [&hellip;]<\/p>\n","protected":false},"author":1,"featured_media":0,"parent":2386,"menu_order":0,"comment_status":"closed","ping_status":"closed","template":"","meta":{"_acf_changed":false,"inline_featured_image":false,"ocean_post_layout":"","ocean_both_sidebars_style":"","ocean_both_sidebars_content_width":0,"ocean_both_sidebars_sidebars_width":0,"ocean_sidebar":"0","ocean_second_sidebar":"0","ocean_disable_margins":"enable","ocean_add_body_class":"","ocean_shortcode_before_top_bar":"","ocean_shortcode_after_top_bar":"","ocean_shortcode_before_header":"","ocean_shortcode_after_header":"","ocean_has_shortcode":"","ocean_shortcode_after_title":"","ocean_shortcode_before_footer_widgets":"","ocean_shortcode_after_footer_widgets":"","ocean_shortcode_before_footer_bottom":"","ocean_shortcode_after_footer_bottom":"","ocean_display_top_bar":"default","ocean_display_header":"default","ocean_header_style":"","ocean_center_header_left_menu":"0","ocean_custom_header_template":"0","ocean_custom_logo":0,"ocean_custom_retina_logo":0,"ocean_custom_logo_max_width":0,"ocean_custom_logo_tablet_max_width":0,"ocean_custom_logo_mobile_max_width":0,"ocean_custom_logo_max_height":0,"ocean_custom_logo_tablet_max_height":0,"ocean_custom_logo_mobile_max_height":0,"ocean_header_custom_menu":"0","ocean_menu_typo_font_family":"0","ocean_menu_typo_font_subset":"","ocean_menu_typo_font_size":0,"ocean_menu_typo_font_size_tablet":0,"ocean_menu_typo_font_size_mobile":0,"ocean_menu_typo_font_size_unit":"px","ocean_menu_typo_font_weight":"","ocean_menu_typo_font_weight_tablet":"","ocean_menu_typo_font_weight_mobile":"","ocean_menu_typo_transform":"","ocean_menu_typo_transform_tablet":"","ocean_menu_typo_transform_mobile":"","ocean_menu_typo_line_height":0,"ocean_menu_typo_line_height_tablet":0,"ocean_menu_typo_line_height_mobile":0,"ocean_menu_typo_line_height_unit":"","ocean_menu_typo_spacing":0,"ocean_menu_typo_spacing_tablet":0,"ocean_menu_typo_spacing_mobile":0,"ocean_menu_typo_spacing_unit":"","ocean_menu_link_color":"","ocean_menu_link_color_hover":"","ocean_menu_link_color_active":"","ocean_menu_link_background":"","ocean_menu_link_hover_background":"","ocean_menu_link_active_background":"","ocean_menu_social_links_bg":"","ocean_menu_social_hover_links_bg":"","ocean_menu_social_links_color":"","ocean_menu_social_hover_links_color":"","ocean_disable_title":"default","ocean_disable_heading":"default","ocean_post_title":"","ocean_post_subheading":"","ocean_post_title_style":"","ocean_post_title_background_color":"","ocean_post_title_background":0,"ocean_post_title_bg_image_position":"","ocean_post_title_bg_image_attachment":"","ocean_post_title_bg_image_repeat":"","ocean_post_title_bg_image_size":"","ocean_post_title_height":0,"ocean_post_title_bg_overlay":0.5,"ocean_post_title_bg_overlay_color":"","ocean_disable_breadcrumbs":"default","ocean_breadcrumbs_color":"","ocean_breadcrumbs_separator_color":"","ocean_breadcrumbs_links_color":"","ocean_breadcrumbs_links_hover_color":"","ocean_display_footer_widgets":"default","ocean_display_footer_bottom":"default","ocean_custom_footer_template":"0","footnotes":""},"class_list":["post-2151","page","type-page","status-publish","hentry","entry","owp-thumbs-layout-horizontal","owp-btn-normal","owp-tabs-layout-horizontal","has-no-thumbnails"],"acf":[],"yoast_head":"<!-- This site is optimized with the Yoast SEO plugin v27.5 - https:\/\/yoast.com\/product\/yoast-seo-wordpress\/ -->\n<title>Der Ott - Weingut Bernhard Ott<\/title>\n<meta name=\"robots\" content=\"index, follow, max-snippet:-1, max-image-preview:large, max-video-preview:-1\" \/>\n<link rel=\"canonical\" href=\"https:\/\/ott.at\/fr\/vins\/der-ott\/\" \/>\n<meta property=\"og:locale\" content=\"fr_FR\" \/>\n<meta property=\"og:type\" content=\"article\" \/>\n<meta property=\"og:title\" content=\"Der Ott - Weingut Bernhard Ott\" \/>\n<meta property=\"og:description\" content=\"[vc_row el_id=\u00a0\u00bbrevslider\u00a0\u00bb][vc_column][\/vc_column][\/vc_row][vc_row content_placement=\u00a0\u00bbmiddle\u00a0\u00bb css=\u00a0\u00bb.vc_custom_1751964420791{margin-top: 35px !important;}\u00a0\u00bb][vc_column width=\u00a0\u00bb1\/2&Prime;][vc_column_text css=\u00a0\u00bb\u00a0\u00bb] DER OTT\u00ae [\/vc_column_text][vc_column_text css=\u00a0\u00bb\u00a0\u00bb el_class=\u00a0\u00bbabrissbox hochformat\u00a0\u00bb] Notre coup de c\u0153ur. Depuis 1997. Une cuv\u00e9e issue des jeunes vignes de nos quatre vignobles Erste Lage (Premier Cru) Spiegel, Stein, Rosenberg et Kirchthal. Une \u00e9l\u00e9gance jeune, raffin\u00e9e, mais aussi une complexit\u00e9 et une profondeur dignes du terroir. Aux c\u00f4t\u00e9s [&hellip;]\" \/>\n<meta property=\"og:url\" content=\"https:\/\/ott.at\/fr\/vins\/der-ott\/\" \/>\n<meta property=\"og:site_name\" content=\"Weingut Bernhard Ott\" \/>\n<meta property=\"article:publisher\" content=\"https:\/\/www.facebook.com\/WeingutBernhardOtt\/\" \/>\n<meta property=\"article:modified_time\" content=\"2026-02-02T15:25:02+00:00\" \/>\n<script type=\"application\/ld+json\" class=\"yoast-schema-graph\">{\"@context\":\"https:\\\/\\\/schema.org\",\"@graph\":[{\"@type\":\"WebPage\",\"@id\":\"https:\\\/\\\/ott.at\\\/fr\\\/vins\\\/der-ott\\\/\",\"url\":\"https:\\\/\\\/ott.at\\\/fr\\\/vins\\\/der-ott\\\/\",\"name\":\"Der Ott - Weingut Bernhard Ott\",\"isPartOf\":{\"@id\":\"https:\\\/\\\/ott.at\\\/fr\\\/#website\"},\"datePublished\":\"2025-09-15T06:48:57+00:00\",\"dateModified\":\"2026-02-02T15:25:02+00:00\",\"breadcrumb\":{\"@id\":\"https:\\\/\\\/ott.at\\\/fr\\\/vins\\\/der-ott\\\/#breadcrumb\"},\"inLanguage\":\"fr-FR\",\"potentialAction\":[{\"@type\":\"ReadAction\",\"target\":[\"https:\\\/\\\/ott.at\\\/fr\\\/vins\\\/der-ott\\\/\"]}]},{\"@type\":\"BreadcrumbList\",\"@id\":\"https:\\\/\\\/ott.at\\\/fr\\\/vins\\\/der-ott\\\/#breadcrumb\",\"itemListElement\":[{\"@type\":\"ListItem\",\"position\":1,\"name\":\"Startseite\",\"item\":\"https:\\\/\\\/ott.at\\\/fr\\\/\"},{\"@type\":\"ListItem\",\"position\":2,\"name\":\"vins\",\"item\":\"https:\\\/\\\/ott.at\\\/fr\\\/vins\\\/\"},{\"@type\":\"ListItem\",\"position\":3,\"name\":\"Der Ott\"}]},{\"@type\":\"WebSite\",\"@id\":\"https:\\\/\\\/ott.at\\\/fr\\\/#website\",\"url\":\"https:\\\/\\\/ott.at\\\/fr\\\/\",\"name\":\"Weingut Bernhard Ott\",\"description\":\"Ein Leben in der Balance\",\"publisher\":{\"@id\":\"https:\\\/\\\/ott.at\\\/fr\\\/#organization\"},\"potentialAction\":[{\"@type\":\"SearchAction\",\"target\":{\"@type\":\"EntryPoint\",\"urlTemplate\":\"https:\\\/\\\/ott.at\\\/fr\\\/?s={search_term_string}\"},\"query-input\":{\"@type\":\"PropertyValueSpecification\",\"valueRequired\":true,\"valueName\":\"search_term_string\"}}],\"inLanguage\":\"fr-FR\"},{\"@type\":\"Organization\",\"@id\":\"https:\\\/\\\/ott.at\\\/fr\\\/#organization\",\"name\":\"Weingut Bernhard Ott\",\"url\":\"https:\\\/\\\/ott.at\\\/fr\\\/\",\"logo\":{\"@type\":\"ImageObject\",\"inLanguage\":\"fr-FR\",\"@id\":\"https:\\\/\\\/ott.at\\\/fr\\\/#\\\/schema\\\/logo\\\/image\\\/\",\"url\":\"https:\\\/\\\/ott.at\\\/wp-content\\\/uploads\\\/2025\\\/06\\\/Weingut-Ott-Logo-mit-Punkten.svg\",\"contentUrl\":\"https:\\\/\\\/ott.at\\\/wp-content\\\/uploads\\\/2025\\\/06\\\/Weingut-Ott-Logo-mit-Punkten.svg\",\"width\":177,\"height\":64,\"caption\":\"Weingut Bernhard Ott\"},\"image\":{\"@id\":\"https:\\\/\\\/ott.at\\\/fr\\\/#\\\/schema\\\/logo\\\/image\\\/\"},\"sameAs\":[\"https:\\\/\\\/www.facebook.com\\\/WeingutBernhardOtt\\\/\",\"https:\\\/\\\/www.instagram.com\\\/ott.at\\\/?hl=de\"]}]}<\/script>\n<!-- \/ Yoast SEO plugin. -->","yoast_head_json":{"title":"Der Ott - Weingut Bernhard Ott","robots":{"index":"index","follow":"follow","max-snippet":"max-snippet:-1","max-image-preview":"max-image-preview:large","max-video-preview":"max-video-preview:-1"},"canonical":"https:\/\/ott.at\/fr\/vins\/der-ott\/","og_locale":"fr_FR","og_type":"article","og_title":"Der Ott - Weingut Bernhard Ott","og_description":"[vc_row el_id=\u00a0\u00bbrevslider\u00a0\u00bb][vc_column][\/vc_column][\/vc_row][vc_row content_placement=\u00a0\u00bbmiddle\u00a0\u00bb css=\u00a0\u00bb.vc_custom_1751964420791{margin-top: 35px !important;}\u00a0\u00bb][vc_column width=\u00a0\u00bb1\/2&Prime;][vc_column_text css=\u00a0\u00bb\u00a0\u00bb] DER OTT\u00ae [\/vc_column_text][vc_column_text css=\u00a0\u00bb\u00a0\u00bb el_class=\u00a0\u00bbabrissbox hochformat\u00a0\u00bb] Notre coup de c\u0153ur. Depuis 1997. Une cuv\u00e9e issue des jeunes vignes de nos quatre vignobles Erste Lage (Premier Cru) Spiegel, Stein, Rosenberg et Kirchthal. Une \u00e9l\u00e9gance jeune, raffin\u00e9e, mais aussi une complexit\u00e9 et une profondeur dignes du terroir. Aux c\u00f4t\u00e9s [&hellip;]","og_url":"https:\/\/ott.at\/fr\/vins\/der-ott\/","og_site_name":"Weingut Bernhard Ott","article_publisher":"https:\/\/www.facebook.com\/WeingutBernhardOtt\/","article_modified_time":"2026-02-02T15:25:02+00:00","schema":{"@context":"https:\/\/schema.org","@graph":[{"@type":"WebPage","@id":"https:\/\/ott.at\/fr\/vins\/der-ott\/","url":"https:\/\/ott.at\/fr\/vins\/der-ott\/","name":"Der Ott - Weingut Bernhard Ott","isPartOf":{"@id":"https:\/\/ott.at\/fr\/#website"},"datePublished":"2025-09-15T06:48:57+00:00","dateModified":"2026-02-02T15:25:02+00:00","breadcrumb":{"@id":"https:\/\/ott.at\/fr\/vins\/der-ott\/#breadcrumb"},"inLanguage":"fr-FR","potentialAction":[{"@type":"ReadAction","target":["https:\/\/ott.at\/fr\/vins\/der-ott\/"]}]},{"@type":"BreadcrumbList","@id":"https:\/\/ott.at\/fr\/vins\/der-ott\/#breadcrumb","itemListElement":[{"@type":"ListItem","position":1,"name":"Startseite","item":"https:\/\/ott.at\/fr\/"},{"@type":"ListItem","position":2,"name":"vins","item":"https:\/\/ott.at\/fr\/vins\/"},{"@type":"ListItem","position":3,"name":"Der Ott"}]},{"@type":"WebSite","@id":"https:\/\/ott.at\/fr\/#website","url":"https:\/\/ott.at\/fr\/","name":"Weingut Bernhard Ott","description":"Ein Leben in der Balance","publisher":{"@id":"https:\/\/ott.at\/fr\/#organization"},"potentialAction":[{"@type":"SearchAction","target":{"@type":"EntryPoint","urlTemplate":"https:\/\/ott.at\/fr\/?s={search_term_string}"},"query-input":{"@type":"PropertyValueSpecification","valueRequired":true,"valueName":"search_term_string"}}],"inLanguage":"fr-FR"},{"@type":"Organization","@id":"https:\/\/ott.at\/fr\/#organization","name":"Weingut Bernhard Ott","url":"https:\/\/ott.at\/fr\/","logo":{"@type":"ImageObject","inLanguage":"fr-FR","@id":"https:\/\/ott.at\/fr\/#\/schema\/logo\/image\/","url":"https:\/\/ott.at\/wp-content\/uploads\/2025\/06\/Weingut-Ott-Logo-mit-Punkten.svg","contentUrl":"https:\/\/ott.at\/wp-content\/uploads\/2025\/06\/Weingut-Ott-Logo-mit-Punkten.svg","width":177,"height":64,"caption":"Weingut Bernhard Ott"},"image":{"@id":"https:\/\/ott.at\/fr\/#\/schema\/logo\/image\/"},"sameAs":["https:\/\/www.facebook.com\/WeingutBernhardOtt\/","https:\/\/www.instagram.com\/ott.at\/?hl=de"]}]}},"_links":{"self":[{"href":"https:\/\/ott.at\/fr\/wp-json\/wp\/v2\/pages\/2151","targetHints":{"allow":["GET"]}}],"collection":[{"href":"https:\/\/ott.at\/fr\/wp-json\/wp\/v2\/pages"}],"about":[{"href":"https:\/\/ott.at\/fr\/wp-json\/wp\/v2\/types\/page"}],"author":[{"embeddable":true,"href":"https:\/\/ott.at\/fr\/wp-json\/wp\/v2\/users\/1"}],"replies":[{"embeddable":true,"href":"https:\/\/ott.at\/fr\/wp-json\/wp\/v2\/comments?post=2151"}],"version-history":[{"count":8,"href":"https:\/\/ott.at\/fr\/wp-json\/wp\/v2\/pages\/2151\/revisions"}],"predecessor-version":[{"id":2679,"href":"https:\/\/ott.at\/fr\/wp-json\/wp\/v2\/pages\/2151\/revisions\/2679"}],"up":[{"embeddable":true,"href":"https:\/\/ott.at\/fr\/wp-json\/wp\/v2\/pages\/2386"}],"wp:attachment":[{"href":"https:\/\/ott.at\/fr\/wp-json\/wp\/v2\/media?parent=2151"}],"curies":[{"name":"wp","href":"https:\/\/api.w.org\/{rel}","templated":true}]}}