{"id":2037,"date":"2025-09-15T08:43:39","date_gmt":"2025-09-15T06:43:39","guid":{"rendered":"https:\/\/ott.at\/wines\/am-berg\/"},"modified":"2026-01-29T11:46:44","modified_gmt":"2026-01-29T10:46:44","slug":"am-berg","status":"publish","type":"page","link":"https:\/\/ott.at\/en\/wines\/am-berg\/","title":{"rendered":"Am Berg"},"content":{"rendered":"<div class=\"wpb-content-wrapper\"><p>[vc_row el_id=&#8221;revslider&#8221;][vc_column]\n\t\t\t\t<p class=\"rs-p-wp-fix\"><\/p>\n\t\t\t\t<sr7-module data-alias=\"am-berg\" data-id=\"10\" id=\"SR7_10_1\" class=\"rs-ov-hidden\" data-version=\"6.7.41\">\n\t\t\t\t\t<sr7-adjuster><\/sr7-adjuster>\n\t\t\t\t\t<sr7-content>\n\t\t\t\t\t\t<sr7-slide id=\"SR7_10_1-19\" data-key=\"19\">\n\t\t\t\t\t\t<\/sr7-slide>\n\t\t\t\t\t\t<sr7-slide id=\"SR7_10_1-20\" data-key=\"20\">\n\t\t\t\t\t\t<\/sr7-slide>\n\t\t\t\t\t<\/sr7-content>\n\t\t\t\t\t<image_lists style=\"display:none\">\n\t\t\t\t\t\t<img data-src=\"\/\/ott.at\/wp-content\/uploads\/2025\/06\/Slider-Scroll-Icon.svg\" data-libid=\"41\" data-lib=\"medialibrary\" title=\"Slider &#8211; Scroll Icon\" width=\"0\" height=\"0\" data-dbsrc=\"Ly9vdHQuYXQvd3AtY29udGVudC91cGxvYWRzLzIwMjUvMDYvU2xpZGVyLVNjcm9sbC1JY29uLnN2Zw==\"\/>\n\t\t\t\t\t<\/image_lists>\n\t\t\t\t<\/sr7-module>\n\t\t\t\t<script>\n\t\t\t\t\tSR7.PMH ??={}; SR7.PMH[\"SR7_10_1\"] = {cn:100,state:false,fn: function() { if (_tpt!==undefined && _tpt.prepareModuleHeight !== undefined) {  _tpt.prepareModuleHeight({id:\"SR7_10_1\",el:[1080,1080,768,960,720],type:'standard',shdw:'0',gh:[1080,1080,768,960,720],gw:[2560,2560,1024,778,480],vpt:['-100px&#039;,&#039;-100px&#039;,&#039;-100px&#039;,&#039;-100px&#039;,&#039;-100px'],size:{fullWidth:true, fullHeight:true},fho:'',mh:'0',onh:0,onw:0,bg:{color:'{\"orig\":\"transparent\",\"type\":\"solid\",\"string\":\"transparent\"}'},googleFont:\"ignore\"});   SR7.PMH[\"SR7_10_1\"].state=true;} else if(SR7.PMH[\"SR7_10_1\"].cn-->0)\tsetTimeout( SR7.PMH[\"SR7_10_1\"].fn,19);}};SR7.PMH[\"SR7_10_1\" ].fn();\n\t\t\t\t<\/script>\n[\/vc_column][\/vc_row][vc_row content_placement=&#8221;middle&#8221; css=&#8221;.vc_custom_1751964420791{margin-top: 35px !important;}&#8221;][vc_column width=&#8221;1\/2&#8243;][vc_column_text css=&#8221;&#8221;]<\/p>\n<h1 style=\"text-align: left;\">AM BERG\u00ae<\/h1>\n<p>[\/vc_column_text][vc_column_text css=&#8221;&#8221; el_class=&#8221;abrissbox hochformat&#8221;]<\/p>\n<h2 class=\"einleitungstext-ueberschrift\">Our entry wine \u2014 and our signature wine.<\/h2>\n<p>Since 1994, our lightest Gr\u00fcner Veltliner and an international ambassador for our winery. Just as selectively hand-picked and meticulously vinified as our single-vineyard wines. A great entry wine with a lightness and finesse that is simultaneously profound and demanding.[\/vc_column_text][\/vc_column][vc_column width=&#8221;1\/2&#8243;][vc_single_image image=&#8221;1863&#8243; img_size=&#8221;full&#8221; alignment=&#8221;center&#8221; css=&#8221;&#8221;][\/vc_column][\/vc_row][vc_row full_width=&#8221;stretch_row_content_no_spaces&#8221;][vc_column][vc_raw_html]JTNDZGl2JTIwaWQlM0QlMjJwYXJhbGxheC1jb250YWluZXIlMjIlM0UlM0MlMkZkaXYlM0U=[\/vc_raw_html][\/vc_column][\/vc_row][vc_row content_placement=&#8221;middle&#8221;][vc_column width=&#8221;1\/3&#8243;][vc_single_image image=&#8221;1859&#8243; img_size=&#8221;full&#8221; alignment=&#8221;right&#8221; css=&#8221;&#8221; el_id=&#8221;home-ab-hof-img&#8221;][\/vc_column][vc_column width=&#8221;2\/3&#8243;][vc_column_text css=&#8221;&#8221; el_class=&#8221;abrissbox querformat&#8221;]<\/p>\n<h2>Precise and light-footed as ever.<\/h2>\n<p>For more than 20 years, we have been producing this Gr\u00fcner Veltliner from vines rooted at the foot of the slopes of our key vineyards in Feuersbrunn, G\u00f6sing and Fels am Wagram. The wine should reflect the interplay of loess and Gr\u00fcner Veltliner as precisely as possible, emphasizing the light and elegant characteristics of the grape variety.[\/vc_column_text][vc_row_inner][vc_column_inner width=&#8221;1\/12&#8243;][\/vc_column_inner][vc_column_inner width=&#8221;5\/12&#8243;][vc_column_text css=&#8221;&#8221;]<\/p>\n<h3 style=\"text-align: center;\">HARVEST &amp; VINIFICATION<\/h3>\n<p style=\"text-align: center;\">100% hand-picked. Spontaneous fermentation and pied de cuve. Matured primarily in stainless steel, but also in large Stockinger wooden casks.<\/p>\n<p>[\/vc_column_text][\/vc_column_inner][vc_column_inner width=&#8221;5\/12&#8243;][vc_column_text css=&#8221;&#8221;]<\/p>\n<h3 style=\"text-align: center;\">ORIGIN<\/h3>\n<p style=\"text-align: center;\">Young vineyards within cycling distance in the loess soils of the Wagram and Kamptal regions. 15-25 year old vines.<\/p>\n<p>[\/vc_column_text][\/vc_column_inner][vc_column_inner width=&#8221;1\/12&#8243;][\/vc_column_inner][\/vc_row_inner][\/vc_column][\/vc_row][vc_row full_width=&#8221;stretch_row&#8221; content_placement=&#8221;bottom&#8221; css=&#8221;.vc_custom_1758177517892{background-image: url(https:\/\/ott.at\/wp-content\/uploads\/2025\/09\/AM-BERG-3_sc.jpg?id=918) !important;}&#8221; el_id=&#8221;fass4-row&#8221;][vc_column width=&#8221;1\/2&#8243;][vc_column_text css=&#8221;&#8221; el_class=&#8221;abrissbox querformat&#8221;]AM BERG\u00ae \u2013 our signature wine since 1994. Each grape is hand-picked, with the same care as our single-vineyard wines. Lightness, precision, and uncompromising quality \u2013 from the vine to the glass.[\/vc_column_text][\/vc_column][vc_column width=&#8221;1\/2&#8243;][\/vc_column][\/vc_row][vc_row el_id=&#8221;main-product-row&#8221;][vc_column][vc_raw_html css=&#8221;&#8221;]JTVCaW5zeWRlX3Byb2R1Y3Rfc2VjdGlvbl9ub19wcmljZSUyMGlkJTNEJTIyODQ1JTIyJTVE[\/vc_raw_html][vc_empty_space height=&#8221;65px&#8221;][\/vc_column][\/vc_row][vc_row css=&#8221;.vc_custom_1756114737381{background-color: #FFFFFF !important;}&#8221;][vc_column el_class=&#8221;spalte-unter-bild&#8221;][vc_column_text css=&#8221;&#8221; el_class=&#8221;zeile-im-bild&#8221;]<\/p>\n<p style=\"text-align: center;\">The Ott entry wine. A relaxed, finely tuned Gr\u00fcner Veltliner with refreshingly low alcohol. A cuv\u00e9e from several vineyards within cycling distance. Bridging elegance and ease, precise in how we see Gr\u00fcner Veltliner.<\/p>\n<p>[\/vc_column_text][vc_empty_space height=&#8221;12px&#8221;][vc_row_inner el_class=&#8221;info-unter-bild&#8221;][vc_column_inner width=&#8221;1\/3&#8243;][vc_column_text css=&#8221;&#8221;]<\/p>\n<p style=\"text-align: center;\"><strong>GRAPE VARIETY: <\/strong><br \/>\nGr\u00fcner Veltliner<\/p>\n<p>[\/vc_column_text][vc_column_text css=&#8221;&#8221;]<\/p>\n<p style=\"text-align: center;\"><strong>AGE OF THE VINES:<\/strong><br \/>\n15-25 years<\/p>\n<p>[\/vc_column_text][vc_column_text css=&#8221;&#8221;]<\/p>\n<p style=\"text-align: center;\"><strong>SOIL:<\/strong><br \/>\nLoess, Gneiss and gravel<\/p>\n<p>[\/vc_column_text][\/vc_column_inner][vc_column_inner width=&#8221;1\/3&#8243;][vc_column_text css=&#8221;&#8221;]<\/p>\n<p style=\"text-align: center;\"><strong>VINEYARD:<\/strong><br \/>\nVillage vineyards from Feuersbrunn, G\u00f6sing and Engabrunn<\/p>\n<p>[\/vc_column_text][vc_column_text css=&#8221;&#8221;]<\/p>\n<p style=\"text-align: center;\"><strong>SEA LEVEL:<\/strong><br \/>\n200 &#8211; 300 meters<\/p>\n<p>[\/vc_column_text][\/vc_column_inner][vc_column_inner width=&#8221;1\/3&#8243;][vc_column_text css=&#8221;&#8221;]<\/p>\n<p style=\"text-align: center;\"><strong>CULTIVATION \/ VINIFICATION:<\/strong><br \/>\n100% hand-harvested, whole-bunch pressed, spontaneously fermented<\/p>\n<p>[\/vc_column_text][vc_column_text css=&#8221;&#8221;]<\/p>\n<p style=\"text-align: center;\"><strong>CLOSURE:<\/strong><br \/>\nscrew cap<\/p>\n<p>[\/vc_column_text][vc_column_text css=&#8221;&#8221;]<\/p>\n<p style=\"text-align: center;\"><strong>MATURITY POTENTIAL:<\/strong><br \/>\nbest enjoyed over the next 10 years<\/p>\n<p>[\/vc_column_text][\/vc_column_inner][\/vc_row_inner][\/vc_column][\/vc_row][vc_row][vc_column][vc_single_image image=&#8221;2247&#8243; img_size=&#8221;full&#8221; alignment=&#8221;center&#8221; css=&#8221;&#8221;][\/vc_column][\/vc_row][vc_row full_width=&#8221;stretch_row&#8221; css=&#8221;.vc_custom_1755672132115{background-image: url(https:\/\/ott.at\/wp-content\/uploads\/2025\/08\/fass4_im_laufe_der_zeit-min-scaled.jpg?id=489) !important;}&#8221; row_title=&#8221;datenblaetter-row&#8221; el_class=&#8221;datenblaetter-row&#8221;][vc_column width=&#8221;2\/5&#8243;][\/vc_column][vc_column width=&#8221;3\/5&#8243; el_class=&#8221;abrissbox querformat&#8221;][vc_column_text css=&#8221;&#8221;]<\/p>\n<h2>AM BERG\u00ae THROUGH TIME<\/h2>\n<p>A summary of the most important facts and figures. Year for year.<\/p>\n<ul>\n<li><a href=\"https:\/\/ott.at\/wp-content\/uploads\/2025\/09\/AM-BERG-2024_DE.pdf\" target=\"_blank\" rel=\"noopener\">2024<\/a><\/li>\n<li><a href=\"https:\/\/ott.at\/wp-content\/uploads\/2025\/09\/OTT_AmBerg_2023_DE.pdf\" target=\"_blank\" rel=\"noopener\">2023<\/a><\/li>\n<li><a href=\"https:\/\/ott.at\/wp-content\/uploads\/2025\/09\/OTT_AmBerg_2022_E.pdf\" target=\"_blank\" rel=\"noopener\">2022<\/a><\/li>\n<\/ul>\n<p>[\/vc_column_text][\/vc_column][\/vc_row][vc_row content_placement=&#8221;middle&#8221; disable_element=&#8221;yes&#8221;][vc_column width=&#8221;1\/2&#8243;][vc_single_image image=&#8221;1860&#8243; img_size=&#8221;full&#8221; alignment=&#8221;right&#8221; css=&#8221;&#8221;][\/vc_column][vc_column width=&#8221;1\/2&#8243;][vc_column_text css=&#8221;&#8221; el_class=&#8221;abrissbox loremipsum&#8221;]<\/p>\n<h2>Lorem Ipsum \u00dcberschrift<\/h2>\n<p>Lorem ipsum dolor sit amet, consetetur sadipscing elitr, sed diam nonumy eirmod tempor invidunt ut labore et dolore magna aliquyam erat, sed diam voluptua. At vero eos et accusam et justo duo dolores et ea rebum. Stet clita kasd gubergren, no sea takimata sanctus est Lorem ipsum dolor sit amet.[\/vc_column_text][\/vc_column][\/vc_row][vc_row content_placement=&#8221;middle&#8221; disable_element=&#8221;yes&#8221;][vc_column width=&#8221;1\/3&#8243;][vc_column_text css=&#8221;&#8221; el_class=&#8221;sommelier-tipp loremipsum&#8221;]<\/p>\n<h3 style=\"text-align: center;\">Lorem Ipsum Video<\/h3>\n<p style=\"text-align: center;\">Lorem ipsum dolor sit amet, consetetur sadipscing elitr, sed diam nonumy eirmod tempor invidunt ut labore et dolore magna aliquyam erat, sed diam voluptua.<\/p>\n<p>[\/vc_column_text][\/vc_column][vc_column width=&#8221;2\/3&#8243;][\/vc_column][\/vc_row][vc_row disable_element=&#8221;yes&#8221;][vc_column][vc_empty_space height=&#8221;100px&#8221;][\/vc_column][\/vc_row][vc_row disable_element=&#8221;yes&#8221;][vc_column][vc_column_text css=&#8221;&#8221;]<\/p>\n<h2 style=\"text-align: center;\">A UNIQUE REGION. FIRST-CLASS WINES:<\/h2>\n<p>[\/vc_column_text]<div class=\"woocommerce columns-3 \"><div class=\"woocommerce-no-products-found\">\n\t\n\t<div class=\"woocommerce-info\" role=\"status\">\n\t\tNo products were found matching your selection.\t<\/div>\n<\/div>\n<\/div>[\/vc_column][\/vc_row]<\/p>\n<\/div>","protected":false},"excerpt":{"rendered":"<p>[vc_row el_id=&#8221;revslider&#8221;][vc_column][\/vc_column][\/vc_row][vc_row content_placement=&#8221;middle&#8221; css=&#8221;.vc_custom_1751964420791{margin-top: 35px !important;}&#8221;][vc_column width=&#8221;1\/2&#8243;][vc_column_text css=&#8221;&#8221;] AM BERG\u00ae [\/vc_column_text][vc_column_text css=&#8221;&#8221; el_class=&#8221;abrissbox hochformat&#8221;] Our entry wine \u2014 and our signature wine. Since 1994, our lightest Gr\u00fcner Veltliner and an international ambassador for our winery. Just as selectively hand-picked and meticulously vinified as our single-vineyard wines. A great entry wine with a lightness and finesse [&hellip;]<\/p>\n","protected":false},"author":1,"featured_media":0,"parent":1854,"menu_order":0,"comment_status":"closed","ping_status":"closed","template":"","meta":{"_acf_changed":false,"inline_featured_image":false,"ocean_post_layout":"","ocean_both_sidebars_style":"","ocean_both_sidebars_content_width":0,"ocean_both_sidebars_sidebars_width":0,"ocean_sidebar":"0","ocean_second_sidebar":"0","ocean_disable_margins":"enable","ocean_add_body_class":"","ocean_shortcode_before_top_bar":"","ocean_shortcode_after_top_bar":"","ocean_shortcode_before_header":"","ocean_shortcode_after_header":"","ocean_has_shortcode":"","ocean_shortcode_after_title":"","ocean_shortcode_before_footer_widgets":"","ocean_shortcode_after_footer_widgets":"","ocean_shortcode_before_footer_bottom":"","ocean_shortcode_after_footer_bottom":"","ocean_display_top_bar":"default","ocean_display_header":"default","ocean_header_style":"","ocean_center_header_left_menu":"0","ocean_custom_header_template":"0","ocean_custom_logo":0,"ocean_custom_retina_logo":0,"ocean_custom_logo_max_width":0,"ocean_custom_logo_tablet_max_width":0,"ocean_custom_logo_mobile_max_width":0,"ocean_custom_logo_max_height":0,"ocean_custom_logo_tablet_max_height":0,"ocean_custom_logo_mobile_max_height":0,"ocean_header_custom_menu":"0","ocean_menu_typo_font_family":"0","ocean_menu_typo_font_subset":"","ocean_menu_typo_font_size":0,"ocean_menu_typo_font_size_tablet":0,"ocean_menu_typo_font_size_mobile":0,"ocean_menu_typo_font_size_unit":"px","ocean_menu_typo_font_weight":"","ocean_menu_typo_font_weight_tablet":"","ocean_menu_typo_font_weight_mobile":"","ocean_menu_typo_transform":"","ocean_menu_typo_transform_tablet":"","ocean_menu_typo_transform_mobile":"","ocean_menu_typo_line_height":0,"ocean_menu_typo_line_height_tablet":0,"ocean_menu_typo_line_height_mobile":0,"ocean_menu_typo_line_height_unit":"","ocean_menu_typo_spacing":0,"ocean_menu_typo_spacing_tablet":0,"ocean_menu_typo_spacing_mobile":0,"ocean_menu_typo_spacing_unit":"","ocean_menu_link_color":"","ocean_menu_link_color_hover":"","ocean_menu_link_color_active":"","ocean_menu_link_background":"","ocean_menu_link_hover_background":"","ocean_menu_link_active_background":"","ocean_menu_social_links_bg":"","ocean_menu_social_hover_links_bg":"","ocean_menu_social_links_color":"","ocean_menu_social_hover_links_color":"","ocean_disable_title":"default","ocean_disable_heading":"default","ocean_post_title":"","ocean_post_subheading":"","ocean_post_title_style":"","ocean_post_title_background_color":"","ocean_post_title_background":0,"ocean_post_title_bg_image_position":"","ocean_post_title_bg_image_attachment":"","ocean_post_title_bg_image_repeat":"","ocean_post_title_bg_image_size":"","ocean_post_title_height":0,"ocean_post_title_bg_overlay":0.5,"ocean_post_title_bg_overlay_color":"","ocean_disable_breadcrumbs":"default","ocean_breadcrumbs_color":"","ocean_breadcrumbs_separator_color":"","ocean_breadcrumbs_links_color":"","ocean_breadcrumbs_links_hover_color":"","ocean_display_footer_widgets":"default","ocean_display_footer_bottom":"default","ocean_custom_footer_template":"0","footnotes":""},"class_list":["post-2037","page","type-page","status-publish","hentry","entry","owp-thumbs-layout-horizontal","owp-btn-normal","owp-tabs-layout-horizontal","has-no-thumbnails"],"acf":[],"yoast_head":"<!-- This site is optimized with the Yoast SEO plugin v27.5 - https:\/\/yoast.com\/product\/yoast-seo-wordpress\/ -->\n<title>Am Berg - Weingut Bernhard Ott<\/title>\n<meta name=\"robots\" content=\"index, follow, max-snippet:-1, max-image-preview:large, max-video-preview:-1\" \/>\n<link rel=\"canonical\" href=\"https:\/\/ott.at\/en\/wines\/am-berg\/\" \/>\n<meta property=\"og:locale\" content=\"en_GB\" \/>\n<meta property=\"og:type\" content=\"article\" \/>\n<meta property=\"og:title\" content=\"Am Berg - Weingut Bernhard Ott\" \/>\n<meta property=\"og:description\" content=\"[vc_row el_id=&#8221;revslider&#8221;][vc_column][\/vc_column][\/vc_row][vc_row content_placement=&#8221;middle&#8221; css=&#8221;.vc_custom_1751964420791{margin-top: 35px !important;}&#8221;][vc_column width=&#8221;1\/2&#8243;][vc_column_text css=&#8221;&#8221;] AM BERG\u00ae [\/vc_column_text][vc_column_text css=&#8221;&#8221; el_class=&#8221;abrissbox hochformat&#8221;] Our entry wine \u2014 and our signature wine. Since 1994, our lightest Gr\u00fcner Veltliner and an international ambassador for our winery. Just as selectively hand-picked and meticulously vinified as our single-vineyard wines. A great entry wine with a lightness and finesse [&hellip;]\" \/>\n<meta property=\"og:url\" content=\"https:\/\/ott.at\/en\/wines\/am-berg\/\" \/>\n<meta property=\"og:site_name\" content=\"Weingut Bernhard Ott\" \/>\n<meta property=\"article:publisher\" content=\"https:\/\/www.facebook.com\/WeingutBernhardOtt\/\" \/>\n<meta property=\"article:modified_time\" content=\"2026-01-29T10:46:44+00:00\" \/>\n<script type=\"application\/ld+json\" class=\"yoast-schema-graph\">{\"@context\":\"https:\\\/\\\/schema.org\",\"@graph\":[{\"@type\":\"WebPage\",\"@id\":\"https:\\\/\\\/ott.at\\\/en\\\/wines\\\/am-berg\\\/\",\"url\":\"https:\\\/\\\/ott.at\\\/en\\\/wines\\\/am-berg\\\/\",\"name\":\"Am Berg - Weingut Bernhard Ott\",\"isPartOf\":{\"@id\":\"https:\\\/\\\/ott.at\\\/en\\\/#website\"},\"datePublished\":\"2025-09-15T06:43:39+00:00\",\"dateModified\":\"2026-01-29T10:46:44+00:00\",\"breadcrumb\":{\"@id\":\"https:\\\/\\\/ott.at\\\/en\\\/wines\\\/am-berg\\\/#breadcrumb\"},\"inLanguage\":\"en-GB\",\"potentialAction\":[{\"@type\":\"ReadAction\",\"target\":[\"https:\\\/\\\/ott.at\\\/en\\\/wines\\\/am-berg\\\/\"]}]},{\"@type\":\"BreadcrumbList\",\"@id\":\"https:\\\/\\\/ott.at\\\/en\\\/wines\\\/am-berg\\\/#breadcrumb\",\"itemListElement\":[{\"@type\":\"ListItem\",\"position\":1,\"name\":\"Startseite\",\"item\":\"https:\\\/\\\/ott.at\\\/en\\\/\"},{\"@type\":\"ListItem\",\"position\":2,\"name\":\"Wines\",\"item\":\"https:\\\/\\\/ott.at\\\/en\\\/wines\\\/\"},{\"@type\":\"ListItem\",\"position\":3,\"name\":\"Am Berg\"}]},{\"@type\":\"WebSite\",\"@id\":\"https:\\\/\\\/ott.at\\\/en\\\/#website\",\"url\":\"https:\\\/\\\/ott.at\\\/en\\\/\",\"name\":\"Weingut Bernhard Ott\",\"description\":\"Ein Leben in der Balance\",\"publisher\":{\"@id\":\"https:\\\/\\\/ott.at\\\/en\\\/#organization\"},\"potentialAction\":[{\"@type\":\"SearchAction\",\"target\":{\"@type\":\"EntryPoint\",\"urlTemplate\":\"https:\\\/\\\/ott.at\\\/en\\\/?s={search_term_string}\"},\"query-input\":{\"@type\":\"PropertyValueSpecification\",\"valueRequired\":true,\"valueName\":\"search_term_string\"}}],\"inLanguage\":\"en-GB\"},{\"@type\":\"Organization\",\"@id\":\"https:\\\/\\\/ott.at\\\/en\\\/#organization\",\"name\":\"Weingut Bernhard Ott\",\"url\":\"https:\\\/\\\/ott.at\\\/en\\\/\",\"logo\":{\"@type\":\"ImageObject\",\"inLanguage\":\"en-GB\",\"@id\":\"https:\\\/\\\/ott.at\\\/en\\\/#\\\/schema\\\/logo\\\/image\\\/\",\"url\":\"https:\\\/\\\/ott.at\\\/wp-content\\\/uploads\\\/2025\\\/06\\\/Weingut-Ott-Logo-mit-Punkten.svg\",\"contentUrl\":\"https:\\\/\\\/ott.at\\\/wp-content\\\/uploads\\\/2025\\\/06\\\/Weingut-Ott-Logo-mit-Punkten.svg\",\"width\":177,\"height\":64,\"caption\":\"Weingut Bernhard Ott\"},\"image\":{\"@id\":\"https:\\\/\\\/ott.at\\\/en\\\/#\\\/schema\\\/logo\\\/image\\\/\"},\"sameAs\":[\"https:\\\/\\\/www.facebook.com\\\/WeingutBernhardOtt\\\/\",\"https:\\\/\\\/www.instagram.com\\\/ott.at\\\/?hl=de\"]}]}<\/script>\n<!-- \/ Yoast SEO plugin. -->","yoast_head_json":{"title":"Am Berg - Weingut Bernhard Ott","robots":{"index":"index","follow":"follow","max-snippet":"max-snippet:-1","max-image-preview":"max-image-preview:large","max-video-preview":"max-video-preview:-1"},"canonical":"https:\/\/ott.at\/en\/wines\/am-berg\/","og_locale":"en_GB","og_type":"article","og_title":"Am Berg - Weingut Bernhard Ott","og_description":"[vc_row el_id=&#8221;revslider&#8221;][vc_column][\/vc_column][\/vc_row][vc_row content_placement=&#8221;middle&#8221; css=&#8221;.vc_custom_1751964420791{margin-top: 35px !important;}&#8221;][vc_column width=&#8221;1\/2&#8243;][vc_column_text css=&#8221;&#8221;] AM BERG\u00ae [\/vc_column_text][vc_column_text css=&#8221;&#8221; el_class=&#8221;abrissbox hochformat&#8221;] Our entry wine \u2014 and our signature wine. Since 1994, our lightest Gr\u00fcner Veltliner and an international ambassador for our winery. Just as selectively hand-picked and meticulously vinified as our single-vineyard wines. A great entry wine with a lightness and finesse [&hellip;]","og_url":"https:\/\/ott.at\/en\/wines\/am-berg\/","og_site_name":"Weingut Bernhard Ott","article_publisher":"https:\/\/www.facebook.com\/WeingutBernhardOtt\/","article_modified_time":"2026-01-29T10:46:44+00:00","schema":{"@context":"https:\/\/schema.org","@graph":[{"@type":"WebPage","@id":"https:\/\/ott.at\/en\/wines\/am-berg\/","url":"https:\/\/ott.at\/en\/wines\/am-berg\/","name":"Am Berg - Weingut Bernhard Ott","isPartOf":{"@id":"https:\/\/ott.at\/en\/#website"},"datePublished":"2025-09-15T06:43:39+00:00","dateModified":"2026-01-29T10:46:44+00:00","breadcrumb":{"@id":"https:\/\/ott.at\/en\/wines\/am-berg\/#breadcrumb"},"inLanguage":"en-GB","potentialAction":[{"@type":"ReadAction","target":["https:\/\/ott.at\/en\/wines\/am-berg\/"]}]},{"@type":"BreadcrumbList","@id":"https:\/\/ott.at\/en\/wines\/am-berg\/#breadcrumb","itemListElement":[{"@type":"ListItem","position":1,"name":"Startseite","item":"https:\/\/ott.at\/en\/"},{"@type":"ListItem","position":2,"name":"Wines","item":"https:\/\/ott.at\/en\/wines\/"},{"@type":"ListItem","position":3,"name":"Am Berg"}]},{"@type":"WebSite","@id":"https:\/\/ott.at\/en\/#website","url":"https:\/\/ott.at\/en\/","name":"Weingut Bernhard Ott","description":"Ein Leben in der Balance","publisher":{"@id":"https:\/\/ott.at\/en\/#organization"},"potentialAction":[{"@type":"SearchAction","target":{"@type":"EntryPoint","urlTemplate":"https:\/\/ott.at\/en\/?s={search_term_string}"},"query-input":{"@type":"PropertyValueSpecification","valueRequired":true,"valueName":"search_term_string"}}],"inLanguage":"en-GB"},{"@type":"Organization","@id":"https:\/\/ott.at\/en\/#organization","name":"Weingut Bernhard Ott","url":"https:\/\/ott.at\/en\/","logo":{"@type":"ImageObject","inLanguage":"en-GB","@id":"https:\/\/ott.at\/en\/#\/schema\/logo\/image\/","url":"https:\/\/ott.at\/wp-content\/uploads\/2025\/06\/Weingut-Ott-Logo-mit-Punkten.svg","contentUrl":"https:\/\/ott.at\/wp-content\/uploads\/2025\/06\/Weingut-Ott-Logo-mit-Punkten.svg","width":177,"height":64,"caption":"Weingut Bernhard Ott"},"image":{"@id":"https:\/\/ott.at\/en\/#\/schema\/logo\/image\/"},"sameAs":["https:\/\/www.facebook.com\/WeingutBernhardOtt\/","https:\/\/www.instagram.com\/ott.at\/?hl=de"]}]}},"_links":{"self":[{"href":"https:\/\/ott.at\/en\/wp-json\/wp\/v2\/pages\/2037","targetHints":{"allow":["GET"]}}],"collection":[{"href":"https:\/\/ott.at\/en\/wp-json\/wp\/v2\/pages"}],"about":[{"href":"https:\/\/ott.at\/en\/wp-json\/wp\/v2\/types\/page"}],"author":[{"embeddable":true,"href":"https:\/\/ott.at\/en\/wp-json\/wp\/v2\/users\/1"}],"replies":[{"embeddable":true,"href":"https:\/\/ott.at\/en\/wp-json\/wp\/v2\/comments?post=2037"}],"version-history":[{"count":10,"href":"https:\/\/ott.at\/en\/wp-json\/wp\/v2\/pages\/2037\/revisions"}],"predecessor-version":[{"id":2529,"href":"https:\/\/ott.at\/en\/wp-json\/wp\/v2\/pages\/2037\/revisions\/2529"}],"up":[{"embeddable":true,"href":"https:\/\/ott.at\/en\/wp-json\/wp\/v2\/pages\/1854"}],"wp:attachment":[{"href":"https:\/\/ott.at\/en\/wp-json\/wp\/v2\/media?parent=2037"}],"curies":[{"name":"wp","href":"https:\/\/api.w.org\/{rel}","templated":true}]}}