{"id":1831,"date":"2025-06-24T15:09:30","date_gmt":"2025-06-24T13:09:30","guid":{"rendered":"https:\/\/ott.at\/startseite\/"},"modified":"2026-02-02T15:22:17","modified_gmt":"2026-02-02T14:22:17","slug":"startseite","status":"publish","type":"page","link":"https:\/\/ott.at\/en\/","title":{"rendered":"Startseite"},"content":{"rendered":"<div class=\"wpb-content-wrapper\"><p>[vc_row el_id=&#8221;revslider&#8221;][vc_column]\n\t\t\t\t<p class=\"rs-p-wp-fix\"><\/p>\n\t\t\t\t<sr7-module data-alias=\"home-slider-11\" data-id=\"27\" id=\"SR7_27_1\" class=\"rs-ov-hidden\" data-version=\"6.7.41\">\n\t\t\t\t\t<sr7-adjuster><\/sr7-adjuster>\n\t\t\t\t\t<sr7-content>\n\t\t\t\t\t\t<sr7-slide id=\"SR7_27_1-47\" data-key=\"47\">\n\t\t\t\t\t\t<\/sr7-slide>\n\t\t\t\t\t\t<sr7-slide id=\"SR7_27_1-48\" data-key=\"48\">\n\t\t\t\t\t\t<\/sr7-slide>\n\t\t\t\t\t<\/sr7-content>\n\t\t\t\t\t<image_lists style=\"display:none\">\n\t\t\t\t\t\t<img data-src=\"\/\/ott.at\/wp-content\/uploads\/2025\/06\/Weingut-Ott-Logo.png\" data-libid=\"31\" data-lib=\"medialibrary\" title=\"Weingut Ott Logo\" width=\"0\" height=\"0\" data-dbsrc=\"Ly9vdHQuYXQvd3AtY29udGVudC91cGxvYWRzLzIwMjUvMDYvV2Vpbmd1dC1PdHQtTG9nby5wbmc=\"\/>\n\t\t\t\t\t\t<img data-src=\"\/\/ott.at\/wp-content\/uploads\/2025\/11\/terroir_home_svg.png\" data-libid=\"1566\" data-lib=\"medialibrary\" title=\"terroir_home_svg\" width=\"0\" height=\"0\" data-dbsrc=\"Ly9vdHQuYXQvd3AtY29udGVudC91cGxvYWRzLzIwMjUvMTEvdGVycm9pcl9ob21lX3N2Zy5wbmc=\"\/>\n\t\t\t\t\t\t<img data-src=\"\/\/ott.at\/wp-content\/uploads\/2026\/01\/slider_family.png\" data-libid=\"1975\" data-lib=\"medialibrary\" alt=\"family\" title=\"family\" width=\"0\" height=\"0\" data-dbsrc=\"Ly9vdHQuYXQvd3AtY29udGVudC91cGxvYWRzLzIwMjYvMDEvc2xpZGVyX2ZhbWlseS5wbmc=\"\/>\n\t\t\t\t\t\t<img data-src=\"\/\/ott.at\/wp-content\/uploads\/2026\/01\/slider_philosophy.png\" data-libid=\"1978\" data-lib=\"medialibrary\" alt=\"PHILISOPHY\" title=\"PHILISOPHY\" width=\"0\" height=\"0\" data-dbsrc=\"Ly9vdHQuYXQvd3AtY29udGVudC91cGxvYWRzLzIwMjYvMDEvc2xpZGVyX3BoaWxvc29waHkucG5n\"\/>\n\t\t\t\t\t\t<img data-src=\"\/\/ott.at\/wp-content\/uploads\/2026\/01\/slider_wheretobuy.png\" data-libid=\"1979\" data-lib=\"medialibrary\" alt=\"WHERE TO BUY\" title=\"WHERE TO BUY\" width=\"0\" height=\"0\" data-dbsrc=\"Ly9vdHQuYXQvd3AtY29udGVudC91cGxvYWRzLzIwMjYvMDEvc2xpZGVyX3doZXJldG9idXkucG5n\"\/>\n\t\t\t\t\t\t<img data-src=\"\/\/ott.at\/wp-content\/uploads\/2025\/06\/Slider-Scroll-Icon.svg\" data-libid=\"41\" data-lib=\"medialibrary\" title=\"Slider &#8211; Scroll Icon\" width=\"0\" height=\"0\" data-dbsrc=\"Ly9vdHQuYXQvd3AtY29udGVudC91cGxvYWRzLzIwMjUvMDYvU2xpZGVyLVNjcm9sbC1JY29uLnN2Zw==\"\/>\n\t\t\t\t\t\t<img data-src=\"\/\/ott.at\/wp-content\/uploads\/2025\/06\/Slider-Rebe.svg\" data-libid=\"42\" data-lib=\"medialibrary\" title=\"Slider &#8211; Rebe\" width=\"0\" height=\"0\" data-dbsrc=\"Ly9vdHQuYXQvd3AtY29udGVudC91cGxvYWRzLzIwMjUvMDYvU2xpZGVyLVJlYmUuc3Zn\"\/>\n\t\t\t\t\t<\/image_lists>\n\t\t\t\t<\/sr7-module>\n\t\t\t\t<script>\n\t\t\t\t\tSR7.PMH ??={}; SR7.PMH[\"SR7_27_1\"] = {cn:100,state:false,fn: function() { if (_tpt!==undefined && _tpt.prepareModuleHeight !== undefined) {  _tpt.prepareModuleHeight({id:\"SR7_27_1\",el:[1080,1080,768,960,720],type:'hero',shdw:'0',gh:[1080,1080,768,960,720],gw:[2560,2560,1024,778,480],vpt:['-100px&#039;,&#039;-100px&#039;,&#039;-100px&#039;,&#039;-100px&#039;,&#039;-100px'],size:{fullWidth:true, fullHeight:true},fho:'',mh:'0',onh:0,onw:0,bg:{color:'{\"orig\":\"transparent\",\"type\":\"solid\",\"string\":\"transparent\"}'},googleFont:\"ignore\"});   SR7.PMH[\"SR7_27_1\"].state=true;} else if(SR7.PMH[\"SR7_27_1\"].cn-->0)\tsetTimeout( SR7.PMH[\"SR7_27_1\"].fn,19);}};SR7.PMH[\"SR7_27_1\" ].fn();\n\t\t\t\t<\/script>\n[\/vc_column][\/vc_row][vc_row content_placement=&#8221;middle&#8221; css=&#8221;.vc_custom_1759152734063{border-top-width: 35px !important;}&#8221; el_id=&#8221;intro-row&#8221;][vc_column width=&#8221;1\/2&#8243;][vc_column_text css=&#8221;&#8221;]<\/p>\n<h1 style=\"text-align: left;\">Weingut Ott<\/h1>\n<p>[\/vc_column_text][vc_column_text css=&#8221;&#8221; el_class=&#8221;abrissbox hochformat&#8221;]<\/p>\n<h2>A life in balance.<\/h2>\n<p>Since 1889, we have been exploring and living our terroir on and around Hengstberg in Feuersbrunn am Wagram, always in rhythm with nature and with respect and humility for tradition. We do this for ourselves, for future generations, and out of our deeply rooted belief that this is the most genuine way to live and preserve our independence. Today, we are proud of the quality and balance in our vineyards, which allows us to showcase our origin \u2013 authentic and unmistakable.[\/vc_column_text][\/vc_column][vc_column width=&#8221;1\/2&#8243;][vc_single_image image=&#8221;1826&#8243; img_size=&#8221;full&#8221; alignment=&#8221;center&#8221; css=&#8221;&#8221;][\/vc_column][\/vc_row][vc_row full_width=&#8221;stretch_row_content_no_spaces&#8221; el_id=&#8221;parallax-row&#8221;][vc_column][vc_raw_html css=&#8221;&#8221;]JTNDZGl2JTIwaWQlM0QlMjJwYXJhbGxheC1jb250YWluZXIlMjIlM0UlMEQlMEElMjAlMjAlM0NkaXYlMjBjbGFzcyUzRCUyMm1hcmtlciUyMG1hcmtlci13ZWluZ2FydGVuJTIyJTIwdGl0bGUlM0QlMjJJbSUyMFdlaW5nYXJ0ZW4lMjIlM0UlMEQlMEElMjAlMjAlMjAlMjAlMjAlMjAlM0NhJTIwaHJlZiUzRCUyMiUyRmVuJTJGdGVycm9pciUyRiUyMiUzRSUwRCUwQSUyMCUyMCUyMCUyMCUyMCUyMCUyMCUyMCUzQ2klMjBjbGFzcyUzRCUyMmZhLXNvbGlkJTIwZmEtY2hldnJvbi1yaWdodCUyMiUzRSUzQyUyRmklM0UlMjBJbiUyMHRoZSUyMHZpbmV5YXJkJTBEJTBBJTIwJTIwJTIwJTIwJTIwJTIwJTNDJTJGYSUzRSUwRCUwQSUyMCUyMCUzQyUyRmRpdiUzRSUwRCUwQSUyMCUyMCUzQ2RpdiUyMGNsYXNzJTNEJTIybWFya2VyJTIwbWFya2VyLWFiLWhvZi12ZXJrYXVmJTIyJTIwdGl0bGUlM0QlMjJBYi1Ib2YtVmVya2F1ZiUyMiUzRSUwRCUwQSUyMCUyMCUyMCUyMCUyMCUyMCUzQ2ElMjBocmVmJTNEJTIyJTIzYWItaG9mLXZlcmthdWYlMjIlM0UlMEQlMEElMjAlMjAlMjAlMjAlMjAlMjAlMjAlMjAlMjAlMjAlM0NpJTIwY2xhc3MlM0QlMjJmYS1zb2xpZCUyMGZhLWNoZXZyb24tcmlnaHQlMjIlM0UlM0MlMkZpJTNFJTIwT3VyJTIwd2luZXJ5JTIwc2hvcCUwRCUwQSUyMCUyMCUyMCUyMCUyMCUyMCUzQyUyRmElM0UlMEQlMEElMjAlMjAlM0MlMkZkaXYlM0UlMEQlMEElMjAlMjAlM0NkaXYlMjBjbGFzcyUzRCUyMm1hcmtlciUyMG1hcmtlci11bnNlcmUtd2VpbmUlMjIlMjB0aXRsZSUzRCUyMlVuc2VyZSUyMFdlaW5lJTIyJTNFJTBEJTBBJTIwJTIwJTIwJTIwJTIwJTIwJTNDYSUyMGhyZWYlM0QlMjIlMkZlbiUyRndoZXJlLXRvLWJ1eSUyRiUyMiUzRSUyMCUwRCUwQSUyMCUyMCUyMCUyMCUyMCUyMCUyMCUyMCUzQ2klMjBjbGFzcyUzRCUyMmZhLXNvbGlkJTIwZmEtY2hldnJvbi1yaWdodCUyMiUzRSUzQyUyRmklM0UlMjBXaGVyZSUyMHRvJTIwYnV5JTBEJTBBJTIwJTIwJTIwJTIwJTIwJTIwJTNDJTJGYSUzRSUwRCUwQSUyMCUyMCUzQyUyRmRpdiUzRSUwRCUwQSUzQyUyRmRpdiUzRQ==[\/vc_raw_html][\/vc_column][\/vc_row][vc_row content_placement=&#8221;middle&#8221; el_id=&#8221;ab-hof-verkauf&#8221;][vc_column width=&#8221;1\/3&#8243;][vc_single_image image=&#8221;1827&#8243; img_size=&#8221;full&#8221; alignment=&#8221;right&#8221; css=&#8221;&#8221; el_id=&#8221;home-ab-hof-img&#8221;][\/vc_column][vc_column width=&#8221;2\/3&#8243;][vc_column_text css=&#8221;&#8221; el_class=&#8221;abrissbox querformat&#8221;]<\/p>\n<h2>Our winery shop: Enjoy our wines right where they grow<\/h2>\n<p>Our winery is located in the heart of Feuersbrunn am Wagram, one of Lower Austria&#8217;s oldest and most important wine-growing villages. Here, where our wines are handcrafted and allowed to develop in their own time, we invite you to get to know us and our wines. Visit us during our opening hours or by appointment.[\/vc_column_text][vc_row_inner][vc_column_inner width=&#8221;1\/2&#8243;][vc_column_text css=&#8221;&#8221;]<\/p>\n<h3 style=\"text-align: center;\">OUR WINERY SHOP<\/h3>\n<p style=\"text-align: center;\">Weingut Bernhard Ott<br \/>\nNeufang 36<br \/>\n3483 Feuersbrunn<br \/>\n<a href=\"tel:+4327382257\">+43 2738 2257<\/a> \u2022<a href=\"mailto:abhof@ott.at\"> abhof@ott.at<\/a><br \/>\n<a href=\"https:\/\/maps.app.goo.gl\/VAzgBaEySpXxuF9m6\" target=\"_blank\" rel=\"noopener\">Google Maps<\/a> \u2022 <a href=\"https:\/\/maps.apple\/p\/Wm-hiRiFj3F_Pk\" target=\"_blank\" rel=\"noopener\">Apple Maps<\/a><\/p>\n<p>[\/vc_column_text][\/vc_column_inner][vc_column_inner width=&#8221;1\/2&#8243;][vc_column_text css=&#8221;&#8221;]<\/p>\n<h3 style=\"text-align: center;\">OPENING HOURS<\/h3>\n<p style=\"text-align: center;\">Monday to Friday: 8:00 \u2013 12:00 and 13:00 \u2013 17:00<br \/>\nFrom April to October<br \/>\nSaturday: 10:00 \u2013 17:00<br \/>\nSunday &amp; Public Holidays: 10:00 \u2013 15:00<\/p>\n<p style=\"text-align: center;\">We welcome advance appointments!<\/p>\n<p>[\/vc_column_text][\/vc_column_inner][\/vc_row_inner][\/vc_column][\/vc_row][vc_row][vc_column][vc_empty_space height=&#8221;50px&#8221;][\/vc_column][\/vc_row][vc_row disable_element=&#8221;yes&#8221;][vc_column][vc_column_text css=&#8221;&#8221; el_id=&#8221;news-heading&#8221;]<\/p>\n<h2 style=\"text-align: left;\">NEWS<\/h2>\n<p>[\/vc_column_text][vc_row_inner content_placement=&#8221;middle&#8221; disable_element=&#8221;yes&#8221; css=&#8221;.vc_custom_1767858520379{background-color: #FFFFFF !important;}&#8221; el_class=&#8221;news-row&#8221;][vc_column_inner width=&#8221;1\/3&#8243;][vc_single_image image=&#8221;1828&#8243; img_size=&#8221;full&#8221; alignment=&#8221;center&#8221; css=&#8221;&#8221;][\/vc_column_inner][vc_column_inner width=&#8221;2\/3&#8243;][vc_column_text css=&#8221;&#8221;]<\/p>\n<h3>ADDITIONAL OPENING HOURS UNTIL THE END OF THE YEAR<\/h3>\n<p>&nbsp;<\/p>\n<p style=\"text-align: left;\">The holidays are just around the corner. As usual, we are here for you Monday through Friday from 8:00 a.m. to 12:00 p.m. and 1:00 p.m. to 5:00 p.m. In addition, we will be open on the following days until the end of the year:<\/p>\n<p style=\"text-align: center;\">Saturday, December 6: 10:00 a.m. &#8211; 5:00 p.m.<br \/>\nSunday, December 7: 10:00 a.m. &#8211; 3:00 p.m.<br \/>\nMonday, December 8: 10:00 a.m. &#8211; 5:00 p.m.<br \/>\nSaturday, December 20: 10:00 a.m. &#8211; 5:00 p.m.<\/p>\n<p>We will be closed for Christmas vacation from December 24, and will be back as usual on January 7. Orders from our online store will be shipped on December 22 and December 29, so you can bridge the gap between the holidays.[\/vc_column_text][vc_btn title=&#8221;&gt; TO THE WINERY&#8221; css=&#8221;&#8221; link=&#8221;url:https%3A%2F%2Fshare.google%2FYpo4veRrf91BoQWsx|target:_blank|&#8221; el_class=&#8221;ott-nav-btn&#8221;][\/vc_column_inner][\/vc_row_inner][vc_row_inner content_placement=&#8221;middle&#8221; css=&#8221;.vc_custom_1764833841469{background-color: #FFFFFF !important;}&#8221; el_class=&#8221;news-row&#8221;][vc_column_inner width=&#8221;2\/3&#8243;][vc_column_text css=&#8221;&#8221;]<\/p>\n<h3>A la Carte Top Bewertungen<br \/>\nDie Ersten Lagen Jahrgang 2023<\/h3>\n<p>Seit \u00fcber 20 Jahren arbeiten wir konsequent an unserer Idee von Gr\u00fcnen Veltliner und haben uns Jahr f\u00fcr Jahr weiterentwickelt. Die ersten Verkostungen vom Jahrgang 2023 sind \u00fcberw\u00e4ltigend. Das Feedback? Eine klare Best\u00e4tigung unseres Weges.<\/p>\n<p>Bei der aktuellen A la Carte Verkostung z\u00e4hlen unsere Ersten Lagen Weine zu den h\u00f6chstbewerteten Gr\u00fcnen Veltlinern \u00d6sterreichs \u2013 100 Punkte f\u00fcr <a href=\"https:\/\/ott.at\/weine\/ried-rosenberg-feuersbrunn\/\">ROSENBERG <\/a>und je 98 Punkte f\u00fcr <a href=\"https:\/\/ott.at\/weine\/ried-spiegel-feuersbrunn\/\">SPIEGEL<\/a> und <a href=\"https:\/\/ott.at\/weine\/ried-stein-engabrunn\/\">STEIN<\/a>.[\/vc_column_text][vc_btn title=&#8221;&gt; READ POST&#8221; css=&#8221;&#8221; link=&#8221;url:%20%20https%3A%2F%2Falacarte.at%2Ftrinken%2Fgruener-veltliner-2023-gehaltvoll-reserve%2F|target:_blank|&#8221; el_class=&#8221;ott-nav-btn&#8221;][\/vc_column_inner][vc_column_inner width=&#8221;1\/3&#8243;][vc_single_image image=&#8221;1829&#8243; img_size=&#8221;full&#8221; alignment=&#8221;center&#8221; css=&#8221;&#8221;][\/vc_column_inner][\/vc_row_inner][vc_row_inner content_placement=&#8221;middle&#8221; css=&#8221;.vc_custom_1767858525643{background-color: #FFFFFF !important;}&#8221; el_class=&#8221;news-row&#8221;][vc_column_inner width=&#8221;1\/3&#8243;][\/vc_column_inner][vc_column_inner width=&#8221;2\/3&#8243;][vc_column_text css=&#8221;&#8221;]<\/p>\n<h3>AUS DEM WEINGARTEN<\/h3>\n<p>Bernhard gibt Einblicke in den neuen Jahrgang. Die Reben entwickeln sich pr\u00e4chtig \u2013 k\u00fchle N\u00e4chte, gesunde Trauben und die Vorfreude auf eine grandiose Lese pr\u00e4gen die Stimmung. Im neuen Video erz\u00e4hlt Bernhard direkt aus dem Weingarten, warum 2025 das Potential f\u00fcr einen gro\u00dfen Jahrgang hat.[\/vc_column_text][vc_btn title=&#8221;&gt; WATCH ON YOUTUBE&#8221; css=&#8221;&#8221; link=&#8221;url:https%3A%2F%2Fwww.youtube.com%2Fwatch%3Fv%3DXcxXhwiPbZY|target:_blank|&#8221; el_class=&#8221;ott-nav-btn&#8221;][\/vc_column_inner][\/vc_row_inner][\/vc_column][\/vc_row][vc_row][vc_column][vc_empty_space height=&#8221;50px&#8221;][\/vc_column][\/vc_row][vc_row content_placement=&#8221;middle&#8221;][vc_column width=&#8221;1\/2&#8243;][vc_column_text css=&#8221;&#8221;]<\/p>\n<h2>OUR OTT BRANDS:<br \/>\nThe freedom to be free.<\/h2>\n<p>An expression of our curiosity and love of experimentation: These are <a href=\"\/en\/wines\/am-berg\/\">Am Berg\u00ae<\/a>, <a href=\"\/en\/wines\/fass-4\/\">Fass 4\u00ae<\/a> and <a href=\"\/en\/wines\/der-ott\/\">Der Ott\u00ae<\/a>, our interpretations of diversity and the symbiosis of Wagram and Kamptal. Boundless joy in a glass.[\/vc_column_text][vc_btn title=&#8221;&gt; WHERE TO BUY&#8221; shape=&#8221;square&#8221; align=&#8221;left&#8221; css=&#8221;&#8221; link=&#8221;url:%2Fen%2Fwhere-to-buy%2F|title:WHERE%20TO%20BUY&#8221; el_class=&#8221;ott-nav-btn&#8221;][\/vc_column][vc_column width=&#8221;1\/2&#8243;][vc_single_image image=&#8221;1830&#8243; img_size=&#8221;full&#8221; alignment=&#8221;center&#8221; css=&#8221;&#8221;][\/vc_column][\/vc_row][vc_row full_width=&#8221;stretch_row&#8221; css=&#8221;.vc_custom_1754574091453{background-color: #FFFFFF !important;}&#8221; el_class=&#8221;zitat-row&#8221;][vc_column][vc_column_text css=&#8221;&#8221; el_class=&#8221;zitat&#8221;]<\/p>\n<p style=\"text-align: center;\">\u201cWe all work together. The roots draw rain from the deep loess, the compost brings life to the soil, the sun sweetens the grapes. At the peak of their ripeness, as we have always done, they are harvested by hand.\u201d<\/p>\n<p>[\/vc_column_text][vc_column_text css=&#8221;&#8221; el_class=&#8221;zitat-author&#8221;]<\/p>\n<p style=\"text-align: center;\">Bernhard Ott<\/p>\n<p>[\/vc_column_text][\/vc_column][\/vc_row][vc_row full_width=&#8221;stretch_row_content_no_spaces&#8221; css=&#8221;.vc_custom_1759151633512{background-color: #F8F4F0 !important;}&#8221;][vc_column][vc_raw_html css=&#8221;&#8221;]JTNDZGl2JTIwaWQlM0QlMjJpbnN0YWdyYW0taGVhZGluZyUyMiUzRSUwQSUyMCUyMCUyMCUyMCUzQ2ltZyUyMGNsYXNzJTNEJTIyYWxpZ25ub25lJTIwd3AtaW1hZ2UtMzA0JTIyJTIwc3JjJTNEJTIyaHR0cHMlM0ElMkYlMkZvdHQuYXQlMkZ3cC1jb250ZW50JTJGdXBsb2FkcyUyRjIwMjUlMkYwOCUyRmluc3RhZ3JhbS1pY29uLnN2ZyUyMiUyMGFsdCUzRCUyMiUyMiUyMHdpZHRoJTNEJTIyNDAlMjIlMjBoZWlnaHQlM0QlMjI0MiUyMiUyMCUyRiUzRSUwQSUyMCUyMCUyMCUyMCUzQ2gyJTIwc3R5bGUlM0QlMjJ0ZXh0LWFsaWduJTNBJTIwY2VudGVyJTNCJTIyJTNFT1RULkFUJTIwT04lMjBJTlNUQUdSQU0lM0MlMkZoMiUzRSUwQSUzQyUyRmRpdiUzRQ==[\/vc_raw_html][vc_raw_html css=&#8221;&#8221;]JTVCaW5zdGFncmFtLWZlZWQlMjBmZWVkJTNEMSU1RA==[\/vc_raw_html][\/vc_column][\/vc_row]<\/p>\n<\/div>","protected":false},"excerpt":{"rendered":"<p>[vc_row el_id=&#8221;revslider&#8221;][vc_column][\/vc_column][\/vc_row][vc_row content_placement=&#8221;middle&#8221; css=&#8221;.vc_custom_1759152734063{border-top-width: 35px !important;}&#8221; el_id=&#8221;intro-row&#8221;][vc_column width=&#8221;1\/2&#8243;][vc_column_text css=&#8221;&#8221;] Weingut Ott [\/vc_column_text][vc_column_text css=&#8221;&#8221; el_class=&#8221;abrissbox hochformat&#8221;] A life in balance. Since 1889, we have been exploring and living our terroir on and around Hengstberg in Feuersbrunn am Wagram, always in rhythm with nature and with respect and humility for tradition. We do this for ourselves, for [&hellip;]<\/p>\n","protected":false},"author":1,"featured_media":0,"parent":0,"menu_order":0,"comment_status":"closed","ping_status":"closed","template":"","meta":{"_acf_changed":false,"inline_featured_image":false,"ocean_post_layout":"","ocean_both_sidebars_style":"","ocean_both_sidebars_content_width":0,"ocean_both_sidebars_sidebars_width":0,"ocean_sidebar":"0","ocean_second_sidebar":"0","ocean_disable_margins":"enable","ocean_add_body_class":"","ocean_shortcode_before_top_bar":"","ocean_shortcode_after_top_bar":"","ocean_shortcode_before_header":"","ocean_shortcode_after_header":"","ocean_has_shortcode":"","ocean_shortcode_after_title":"","ocean_shortcode_before_footer_widgets":"","ocean_shortcode_after_footer_widgets":"","ocean_shortcode_before_footer_bottom":"","ocean_shortcode_after_footer_bottom":"","ocean_display_top_bar":"default","ocean_display_header":"default","ocean_header_style":"","ocean_center_header_left_menu":"0","ocean_custom_header_template":"0","ocean_custom_logo":0,"ocean_custom_retina_logo":0,"ocean_custom_logo_max_width":0,"ocean_custom_logo_tablet_max_width":0,"ocean_custom_logo_mobile_max_width":0,"ocean_custom_logo_max_height":0,"ocean_custom_logo_tablet_max_height":0,"ocean_custom_logo_mobile_max_height":0,"ocean_header_custom_menu":"0","ocean_menu_typo_font_family":"0","ocean_menu_typo_font_subset":"","ocean_menu_typo_font_size":0,"ocean_menu_typo_font_size_tablet":0,"ocean_menu_typo_font_size_mobile":0,"ocean_menu_typo_font_size_unit":"px","ocean_menu_typo_font_weight":"","ocean_menu_typo_font_weight_tablet":"","ocean_menu_typo_font_weight_mobile":"","ocean_menu_typo_transform":"","ocean_menu_typo_transform_tablet":"","ocean_menu_typo_transform_mobile":"","ocean_menu_typo_line_height":0,"ocean_menu_typo_line_height_tablet":0,"ocean_menu_typo_line_height_mobile":0,"ocean_menu_typo_line_height_unit":"","ocean_menu_typo_spacing":0,"ocean_menu_typo_spacing_tablet":0,"ocean_menu_typo_spacing_mobile":0,"ocean_menu_typo_spacing_unit":"","ocean_menu_link_color":"","ocean_menu_link_color_hover":"","ocean_menu_link_color_active":"","ocean_menu_link_background":"","ocean_menu_link_hover_background":"","ocean_menu_link_active_background":"","ocean_menu_social_links_bg":"","ocean_menu_social_hover_links_bg":"","ocean_menu_social_links_color":"","ocean_menu_social_hover_links_color":"","ocean_disable_title":"default","ocean_disable_heading":"default","ocean_post_title":"","ocean_post_subheading":"","ocean_post_title_style":"","ocean_post_title_background_color":"","ocean_post_title_background":0,"ocean_post_title_bg_image_position":"","ocean_post_title_bg_image_attachment":"","ocean_post_title_bg_image_repeat":"","ocean_post_title_bg_image_size":"","ocean_post_title_height":0,"ocean_post_title_bg_overlay":0.5,"ocean_post_title_bg_overlay_color":"","ocean_disable_breadcrumbs":"default","ocean_breadcrumbs_color":"","ocean_breadcrumbs_separator_color":"","ocean_breadcrumbs_links_color":"","ocean_breadcrumbs_links_hover_color":"","ocean_display_footer_widgets":"default","ocean_display_footer_bottom":"default","ocean_custom_footer_template":"0","footnotes":""},"class_list":["post-1831","page","type-page","status-publish","hentry","entry","owp-thumbs-layout-horizontal","owp-btn-normal","owp-tabs-layout-horizontal","has-no-thumbnails"],"acf":[],"yoast_head":"<!-- This site is optimized with the Yoast SEO plugin v27.5 - https:\/\/yoast.com\/product\/yoast-seo-wordpress\/ -->\n<title>Weingut Bernhard Ott<\/title>\n<meta name=\"description\" content=\"The Bernhard Ott winery in Feuersbrunn am Wagram stands for wines with provenance, character, and balance\u2014shaped by nature and tradition.\" \/>\n<meta name=\"robots\" content=\"index, follow, max-snippet:-1, max-image-preview:large, max-video-preview:-1\" \/>\n<link rel=\"canonical\" href=\"https:\/\/ott.at\/en\/\" \/>\n<meta property=\"og:locale\" content=\"en_GB\" \/>\n<meta property=\"og:type\" content=\"article\" \/>\n<meta property=\"og:title\" content=\"Weingut Bernhard Ott\" \/>\n<meta property=\"og:description\" content=\"The Bernhard Ott winery in Feuersbrunn am Wagram stands for wines with provenance, character, and balance\u2014shaped by nature and tradition.\" \/>\n<meta property=\"og:url\" content=\"https:\/\/ott.at\/en\/\" \/>\n<meta property=\"og:site_name\" content=\"Weingut Bernhard Ott\" \/>\n<meta property=\"article:publisher\" content=\"https:\/\/www.facebook.com\/WeingutBernhardOtt\/\" \/>\n<meta property=\"article:modified_time\" content=\"2026-02-02T14:22:17+00:00\" \/>\n<script type=\"application\/ld+json\" class=\"yoast-schema-graph\">{\"@context\":\"https:\\\/\\\/schema.org\",\"@graph\":[{\"@type\":\"WebPage\",\"@id\":\"https:\\\/\\\/ott.at\\\/en\\\/\",\"url\":\"https:\\\/\\\/ott.at\\\/en\\\/\",\"name\":\"Weingut Bernhard Ott\",\"isPartOf\":{\"@id\":\"https:\\\/\\\/ott.at\\\/en\\\/#website\"},\"datePublished\":\"2025-06-24T13:09:30+00:00\",\"dateModified\":\"2026-02-02T14:22:17+00:00\",\"description\":\"The Bernhard Ott winery in Feuersbrunn am Wagram stands for wines with provenance, character, and balance\u2014shaped by nature and tradition.\",\"breadcrumb\":{\"@id\":\"https:\\\/\\\/ott.at\\\/en\\\/#breadcrumb\"},\"inLanguage\":\"en-GB\",\"potentialAction\":[{\"@type\":\"ReadAction\",\"target\":[\"https:\\\/\\\/ott.at\\\/en\\\/\"]}]},{\"@type\":\"BreadcrumbList\",\"@id\":\"https:\\\/\\\/ott.at\\\/en\\\/#breadcrumb\",\"itemListElement\":[{\"@type\":\"ListItem\",\"position\":1,\"name\":\"Startseite\",\"item\":\"https:\\\/\\\/ott.at\\\/en\\\/\"},{\"@type\":\"ListItem\",\"position\":2,\"name\":\"Startseite\"}]},{\"@type\":\"WebSite\",\"@id\":\"https:\\\/\\\/ott.at\\\/en\\\/#website\",\"url\":\"https:\\\/\\\/ott.at\\\/en\\\/\",\"name\":\"Weingut Bernhard Ott\",\"description\":\"Ein Leben in der Balance\",\"publisher\":{\"@id\":\"https:\\\/\\\/ott.at\\\/en\\\/#organization\"},\"potentialAction\":[{\"@type\":\"SearchAction\",\"target\":{\"@type\":\"EntryPoint\",\"urlTemplate\":\"https:\\\/\\\/ott.at\\\/en\\\/?s={search_term_string}\"},\"query-input\":{\"@type\":\"PropertyValueSpecification\",\"valueRequired\":true,\"valueName\":\"search_term_string\"}}],\"inLanguage\":\"en-GB\"},{\"@type\":\"Organization\",\"@id\":\"https:\\\/\\\/ott.at\\\/en\\\/#organization\",\"name\":\"Weingut Bernhard Ott\",\"url\":\"https:\\\/\\\/ott.at\\\/en\\\/\",\"logo\":{\"@type\":\"ImageObject\",\"inLanguage\":\"en-GB\",\"@id\":\"https:\\\/\\\/ott.at\\\/en\\\/#\\\/schema\\\/logo\\\/image\\\/\",\"url\":\"https:\\\/\\\/ott.at\\\/wp-content\\\/uploads\\\/2025\\\/06\\\/Weingut-Ott-Logo-mit-Punkten.svg\",\"contentUrl\":\"https:\\\/\\\/ott.at\\\/wp-content\\\/uploads\\\/2025\\\/06\\\/Weingut-Ott-Logo-mit-Punkten.svg\",\"width\":177,\"height\":64,\"caption\":\"Weingut Bernhard Ott\"},\"image\":{\"@id\":\"https:\\\/\\\/ott.at\\\/en\\\/#\\\/schema\\\/logo\\\/image\\\/\"},\"sameAs\":[\"https:\\\/\\\/www.facebook.com\\\/WeingutBernhardOtt\\\/\",\"https:\\\/\\\/www.instagram.com\\\/ott.at\\\/?hl=de\"]}]}<\/script>\n<!-- \/ Yoast SEO plugin. -->","yoast_head_json":{"title":"Weingut Bernhard Ott","description":"The Bernhard Ott winery in Feuersbrunn am Wagram stands for wines with provenance, character, and balance\u2014shaped by nature and tradition.","robots":{"index":"index","follow":"follow","max-snippet":"max-snippet:-1","max-image-preview":"max-image-preview:large","max-video-preview":"max-video-preview:-1"},"canonical":"https:\/\/ott.at\/en\/","og_locale":"en_GB","og_type":"article","og_title":"Weingut Bernhard Ott","og_description":"The Bernhard Ott winery in Feuersbrunn am Wagram stands for wines with provenance, character, and balance\u2014shaped by nature and tradition.","og_url":"https:\/\/ott.at\/en\/","og_site_name":"Weingut Bernhard Ott","article_publisher":"https:\/\/www.facebook.com\/WeingutBernhardOtt\/","article_modified_time":"2026-02-02T14:22:17+00:00","schema":{"@context":"https:\/\/schema.org","@graph":[{"@type":"WebPage","@id":"https:\/\/ott.at\/en\/","url":"https:\/\/ott.at\/en\/","name":"Weingut Bernhard Ott","isPartOf":{"@id":"https:\/\/ott.at\/en\/#website"},"datePublished":"2025-06-24T13:09:30+00:00","dateModified":"2026-02-02T14:22:17+00:00","description":"The Bernhard Ott winery in Feuersbrunn am Wagram stands for wines with provenance, character, and balance\u2014shaped by nature and tradition.","breadcrumb":{"@id":"https:\/\/ott.at\/en\/#breadcrumb"},"inLanguage":"en-GB","potentialAction":[{"@type":"ReadAction","target":["https:\/\/ott.at\/en\/"]}]},{"@type":"BreadcrumbList","@id":"https:\/\/ott.at\/en\/#breadcrumb","itemListElement":[{"@type":"ListItem","position":1,"name":"Startseite","item":"https:\/\/ott.at\/en\/"},{"@type":"ListItem","position":2,"name":"Startseite"}]},{"@type":"WebSite","@id":"https:\/\/ott.at\/en\/#website","url":"https:\/\/ott.at\/en\/","name":"Weingut Bernhard Ott","description":"Ein Leben in der Balance","publisher":{"@id":"https:\/\/ott.at\/en\/#organization"},"potentialAction":[{"@type":"SearchAction","target":{"@type":"EntryPoint","urlTemplate":"https:\/\/ott.at\/en\/?s={search_term_string}"},"query-input":{"@type":"PropertyValueSpecification","valueRequired":true,"valueName":"search_term_string"}}],"inLanguage":"en-GB"},{"@type":"Organization","@id":"https:\/\/ott.at\/en\/#organization","name":"Weingut Bernhard Ott","url":"https:\/\/ott.at\/en\/","logo":{"@type":"ImageObject","inLanguage":"en-GB","@id":"https:\/\/ott.at\/en\/#\/schema\/logo\/image\/","url":"https:\/\/ott.at\/wp-content\/uploads\/2025\/06\/Weingut-Ott-Logo-mit-Punkten.svg","contentUrl":"https:\/\/ott.at\/wp-content\/uploads\/2025\/06\/Weingut-Ott-Logo-mit-Punkten.svg","width":177,"height":64,"caption":"Weingut Bernhard Ott"},"image":{"@id":"https:\/\/ott.at\/en\/#\/schema\/logo\/image\/"},"sameAs":["https:\/\/www.facebook.com\/WeingutBernhardOtt\/","https:\/\/www.instagram.com\/ott.at\/?hl=de"]}]}},"_links":{"self":[{"href":"https:\/\/ott.at\/en\/wp-json\/wp\/v2\/pages\/1831","targetHints":{"allow":["GET"]}}],"collection":[{"href":"https:\/\/ott.at\/en\/wp-json\/wp\/v2\/pages"}],"about":[{"href":"https:\/\/ott.at\/en\/wp-json\/wp\/v2\/types\/page"}],"author":[{"embeddable":true,"href":"https:\/\/ott.at\/en\/wp-json\/wp\/v2\/users\/1"}],"replies":[{"embeddable":true,"href":"https:\/\/ott.at\/en\/wp-json\/wp\/v2\/comments?post=1831"}],"version-history":[{"count":10,"href":"https:\/\/ott.at\/en\/wp-json\/wp\/v2\/pages\/1831\/revisions"}],"predecessor-version":[{"id":2656,"href":"https:\/\/ott.at\/en\/wp-json\/wp\/v2\/pages\/1831\/revisions\/2656"}],"wp:attachment":[{"href":"https:\/\/ott.at\/en\/wp-json\/wp\/v2\/media?parent=1831"}],"curies":[{"name":"wp","href":"https:\/\/api.w.org\/{rel}","templated":true}]}}